{"id":101,"date":"2023-04-03T20:54:50","date_gmt":"2023-04-03T18:54:50","guid":{"rendered":"https:\/\/iiczagabria.esteri.itchi-siamo\/il-personale\/"},"modified":"2024-02-26T16:21:25","modified_gmt":"2024-02-26T15:21:25","slug":"il-personale","status":"publish","type":"page","link":"https:\/\/iiczagabria.esteri.it\/hr\/chi-siamo\/il-personale\/","title":{"rendered":"Djelatnici"},"content":{"rendered":"<table class=\"tableRed table\" style=\"height: 733px;\" border=\"0\" width=\"465\" cellspacing=\"1\" cellpadding=\"0\">\n<tbody>\n<tr>\n<td valign=\"top\" width=\"463\" height=\"103\">Ravnatelj<br \/>\n<strong>Gian Luca Borghese<\/strong><br \/>\n<a href=\"mailto:direttore.iiczagabria@esteri.it\">direttore.iiczagabria@esteri.it<\/a><\/td>\n<\/tr>\n<tr>\n<td class=\"tableRed\" width=\"157\" height=\"103\">\n<table class=\"tableRed table\" border=\"0\" cellspacing=\"1\" cellpadding=\"0\">\n<tbody>\n<tr>\n<td class=\"tableRed\" valign=\"top\" width=\"463\" height=\"103\"><span class=\"titoloRosso\">Kulturna promocija &#8211; vanjska doga\u0111anja<br \/>\n<strong>Petra \u0160varc<\/strong><\/span><strong><br \/>\n<\/strong><a href=\"mailto:eventi.iiczagabria@esteri.it\">eventi.iiczagabria@esteri.it<\/a><\/td>\n<\/tr>\n<tr>\n<td class=\"tableRed\" valign=\"top\" width=\"463\" height=\"103\"><span class=\"titoloRosso\">Kulturna promocija &#8211; vanjska doga\u0111anja<br \/>\n<\/span><strong>Ru\u017eica Babi\u0107<\/strong><br \/>\n<a href=\"mailto:editoria.iiczagabria@esteri.it\">editoria.iiczagabria@esteri.it<\/a><\/td>\n<\/tr>\n<tr>\n<td class=\"tableRed\" valign=\"top\" width=\"463\" height=\"103\"><span class=\"titoloRosso\">Ra\u010dunovodstvo &#8211; jezi\u010dna promocija<br \/>\n<\/span><strong>Kristina Kovili\u0107<br \/>\n<\/strong><a href=\"mailto:amministrazione.iiczagabria@esteri.it\">amministrazione.iiczagabria@esteri.it<\/a><\/td>\n<\/tr>\n<tr>\n<td class=\"tableRed\" valign=\"top\" width=\"463\" height=\"103\"><span class=\"titoloRosso\">Tajni\u0161tvo, Webmaster, Stipendije<br \/>\n<\/span><strong>Nino Kucan<br \/>\n<\/strong><a href=\"mailto:segreteria.iiczagabria@esteri.it\">segreteria.iiczagabria@esteri.it<\/a><\/td>\n<\/tr>\n<\/tbody>\n<\/table>\n<\/td>\n<td class=\"tableRed\" valign=\"top\" width=\"463\" height=\"103\"><\/td>\n<\/tr>\n<tr>\n<td class=\"tableRed\" width=\"157\" height=\"103\"><\/td>\n<td class=\"tableRed\" valign=\"top\" width=\"463\" height=\"103\"><\/td>\n<\/tr>\n<tr>\n<td class=\"tableRed\" width=\"157\" height=\"103\"><\/td>\n<td class=\"tableRed\" valign=\"top\" width=\"463\" height=\"103\"><\/td>\n<\/tr>\n<tr>\n<td class=\"tableRed\" width=\"157\" height=\"103\"><\/td>\n<td class=\"tableRed\" valign=\"top\" width=\"463\" height=\"103\"><\/td>\n<\/tr>\n<\/tbody>\n<\/table>\n","protected":false},"excerpt":{"rendered":"Ravnatelj Gian Luca Borghese direttore.iiczagabria@esteri.it Kulturna promocija &#8211; vanjska doga\u0111anja Petra \u0160varc eventi.iiczagabria@esteri.it Kulturna promocija &#8211; vanjska doga\u0111anja Ru\u017eica Babi\u0107 editoria.iiczagabria@esteri.it Ra\u010dunovodstvo &#8211; jezi\u010dna promocija Kristina Kovili\u0107 amministrazione.iiczagabria@esteri.it Tajni\u0161tvo, Webmaster, Stipendije Nino Kucan segreteria.iiczagabria@esteri.it","protected":false},"author":1,"featured_media":0,"parent":92,"menu_order":0,"comment_status":"closed","ping_status":"closed","template":"","meta":{"footnotes":""},"class_list":["post-101","page","type-page","status-publish","hentry"],"_links":{"self":[{"href":"https:\/\/iiczagabria.esteri.it\/hr\/wp-json\/wp\/v2\/pages\/101","targetHints":{"allow":["GET"]}}],"collection":[{"href":"https:\/\/iiczagabria.esteri.it\/hr\/wp-json\/wp\/v2\/pages"}],"about":[{"href":"https:\/\/iiczagabria.esteri.it\/hr\/wp-json\/wp\/v2\/types\/page"}],"author":[{"embeddable":true,"href":"https:\/\/iiczagabria.esteri.it\/hr\/wp-json\/wp\/v2\/users\/1"}],"replies":[{"embeddable":true,"href":"https:\/\/iiczagabria.esteri.it\/hr\/wp-json\/wp\/v2\/comments?post=101"}],"version-history":[{"count":5,"href":"https:\/\/iiczagabria.esteri.it\/hr\/wp-json\/wp\/v2\/pages\/101\/revisions"}],"predecessor-version":[{"id":3978,"href":"https:\/\/iiczagabria.esteri.it\/hr\/wp-json\/wp\/v2\/pages\/101\/revisions\/3978"}],"up":[{"embeddable":true,"href":"https:\/\/iiczagabria.esteri.it\/hr\/wp-json\/wp\/v2\/pages\/92"}],"wp:attachment":[{"href":"https:\/\/iiczagabria.esteri.it\/hr\/wp-json\/wp\/v2\/media?parent=101"}],"curies":[{"name":"wp","href":"https:\/\/api.w.org\/{rel}","templated":true}]}}