{"id":102,"date":"2023-04-03T20:55:02","date_gmt":"2023-04-03T18:55:02","guid":{"rendered":"https:\/\/iiczagabria.esteri.itchi-siamo\/la-sede\/"},"modified":"2023-05-26T13:54:35","modified_gmt":"2023-05-26T11:54:35","slug":"la-sede","status":"publish","type":"page","link":"https:\/\/iiczagabria.esteri.it\/hr\/chi-siamo\/la-sede\/","title":{"rendered":"Sjedi\u0161te"},"content":{"rendered":"<p><img loading=\"lazy\" decoding=\"async\" class=\"alignnone size-medium wp-image-207 img-fluid\" src=\"https:\/\/iiczagabria.esteri.itwp-content\/uploads\/2023\/04\/IMG_0966-1-300x225.jpg\" alt=\"\" width=\"300\" height=\"225\" srcset=\"https:\/\/iiczagabria.esteri.it\/wp-content\/uploads\/2023\/04\/IMG_0966-1-300x225.jpg 300w, https:\/\/iiczagabria.esteri.it\/wp-content\/uploads\/2023\/04\/IMG_0966-1-1024x768.jpg 1024w, https:\/\/iiczagabria.esteri.it\/wp-content\/uploads\/2023\/04\/IMG_0966-1-768x576.jpg 768w\" sizes=\"auto, (max-width: 300px) 100vw, 300px\" \/><br \/>\nDvorana<\/p>\n<p><img loading=\"lazy\" decoding=\"async\" class=\"alignnone size-medium wp-image-217 img-fluid\" src=\"https:\/\/iiczagabria.esteri.itwp-content\/uploads\/2023\/04\/La-sala_IIC_2-300x225.jpg\" alt=\"\" width=\"300\" height=\"225\" srcset=\"https:\/\/iiczagabria.esteri.it\/wp-content\/uploads\/2023\/04\/La-sala_IIC_2-300x225.jpg 300w, https:\/\/iiczagabria.esteri.it\/wp-content\/uploads\/2023\/04\/La-sala_IIC_2-1024x768.jpg 1024w, https:\/\/iiczagabria.esteri.it\/wp-content\/uploads\/2023\/04\/La-sala_IIC_2-768x576.jpg 768w\" sizes=\"auto, (max-width: 300px) 100vw, 300px\" \/><br \/>\nIzlo\u017ebeni prostor<\/p>\n<p><img loading=\"lazy\" decoding=\"async\" class=\"alignnone size-medium wp-image-139 img-fluid\" src=\"https:\/\/iiczagabria.esteri.itwp-content\/uploads\/2023\/04\/SEDEZURIGO-300x225.jpg\" alt=\"SEDE IIC ZURIGO\" width=\"300\" height=\"225\" srcset=\"https:\/\/iiczagabria.esteri.it\/wp-content\/uploads\/2023\/04\/SEDEZURIGO-300x225.jpg 300w, https:\/\/iiczagabria.esteri.it\/wp-content\/uploads\/2023\/04\/SEDEZURIGO-1024x768.jpg 1024w, https:\/\/iiczagabria.esteri.it\/wp-content\/uploads\/2023\/04\/SEDEZURIGO-768x576.jpg 768w, https:\/\/iiczagabria.esteri.it\/wp-content\/uploads\/2023\/04\/SEDEZURIGO.jpg 1140w\" sizes=\"auto, (max-width: 300px) 100vw, 300px\" \/><br \/>\nFasada<\/p>\n<p><img loading=\"lazy\" decoding=\"async\" class=\"alignnone size-medium wp-image-219 img-fluid\" src=\"https:\/\/iiczagabria.esteri.itwp-content\/uploads\/2023\/04\/Izlozi-300x225.jpg\" alt=\"\" width=\"300\" height=\"225\" srcset=\"https:\/\/iiczagabria.esteri.it\/wp-content\/uploads\/2023\/04\/Izlozi-300x225.jpg 300w, https:\/\/iiczagabria.esteri.it\/wp-content\/uploads\/2023\/04\/Izlozi-1024x768.jpg 1024w, https:\/\/iiczagabria.esteri.it\/wp-content\/uploads\/2023\/04\/Izlozi-768x576.jpg 768w\" sizes=\"auto, (max-width: 300px) 100vw, 300px\" \/><br \/>\nVanjski izlozi<\/p>\n<p><img loading=\"lazy\" decoding=\"async\" class=\"alignnone size-medium wp-image-215 img-fluid\" src=\"https:\/\/iiczagabria.esteri.itwp-content\/uploads\/2023\/04\/IMG_0971-2-300x225.jpg\" alt=\"\" width=\"300\" height=\"225\" srcset=\"https:\/\/iiczagabria.esteri.it\/wp-content\/uploads\/2023\/04\/IMG_0971-2-300x225.jpg 300w, https:\/\/iiczagabria.esteri.it\/wp-content\/uploads\/2023\/04\/IMG_0971-2-1024x768.jpg 1024w, https:\/\/iiczagabria.esteri.it\/wp-content\/uploads\/2023\/04\/IMG_0971-2-768x576.jpg 768w\" sizes=\"auto, (max-width: 300px) 100vw, 300px\" \/><br \/>\nKlavir<\/p>\n<p><span style=\"text-decoration: underline;\"><strong><br \/>\nPovijest<\/strong><\/span><\/p>\n<p>Talijanski Institut za kulturu u Hrvatskoj nalazi se u Zagrebu. Osnovao ga je 1942. g. tada\u0161nji ministar kulture Bottai u zgradi stila Bauhaus na Trgu Bana Jela\u010di\u0107a. Zatvoren tijekom II. Svjetskog rata te ponovno otvoren 1973.g. pod nazivom Talijanski kulturni centar na adresi Opatovina 41, na Gornjem gradu, Institut je tada djelovao kao podru\u017enica Talijanskog Instituta za kulturu u Beogradu.Godine 1991. postaje samostalno sjedi\u0161te.<\/p>\n<p>Kronolo\u0161ki redoslijed prija\u0161njih direktora od 1981. do 2020.:<\/p>\n<ul>\n<li>Vincenzo Mancuso<\/li>\n<li>Fiorella Arrobbio Piras<\/li>\n<li>Mario Sintich<\/li>\n<li>Grytzko Mascioni<\/li>\n<li>Patrizia Raveggi<\/li>\n<li>Flavio Andreis<\/li>\n<li>Paola Ciccolella<\/li>\n<li>Virginia Piombo<\/li>\n<li>Maria Sica<\/li>\n<li>Stefania Del Bravo<\/li>\n<\/ul>\n","protected":false},"excerpt":{"rendered":"Dvorana Izlo\u017ebeni prostor Fasada Vanjski izlozi Klavir Povijest Talijanski Institut za kulturu u Hrvatskoj nalazi se u Zagrebu. Osnovao ga je 1942. g. tada\u0161nji ministar kulture Bottai u zgradi stila Bauhaus na Trgu Bana Jela\u010di\u0107a. Zatvoren tijekom II. Svjetskog rata te ponovno otvoren 1973.g. pod nazivom Talijanski kulturni centar na adresi Opatovina 41, na Gornjem [&hellip;]","protected":false},"author":1,"featured_media":0,"parent":92,"menu_order":2,"comment_status":"closed","ping_status":"closed","template":"","meta":{"footnotes":""},"class_list":["post-102","page","type-page","status-publish","hentry"],"_links":{"self":[{"href":"https:\/\/iiczagabria.esteri.it\/hr\/wp-json\/wp\/v2\/pages\/102","targetHints":{"allow":["GET"]}}],"collection":[{"href":"https:\/\/iiczagabria.esteri.it\/hr\/wp-json\/wp\/v2\/pages"}],"about":[{"href":"https:\/\/iiczagabria.esteri.it\/hr\/wp-json\/wp\/v2\/types\/page"}],"author":[{"embeddable":true,"href":"https:\/\/iiczagabria.esteri.it\/hr\/wp-json\/wp\/v2\/users\/1"}],"replies":[{"embeddable":true,"href":"https:\/\/iiczagabria.esteri.it\/hr\/wp-json\/wp\/v2\/comments?post=102"}],"version-history":[{"count":5,"href":"https:\/\/iiczagabria.esteri.it\/hr\/wp-json\/wp\/v2\/pages\/102\/revisions"}],"predecessor-version":[{"id":263,"href":"https:\/\/iiczagabria.esteri.it\/hr\/wp-json\/wp\/v2\/pages\/102\/revisions\/263"}],"up":[{"embeddable":true,"href":"https:\/\/iiczagabria.esteri.it\/hr\/wp-json\/wp\/v2\/pages\/92"}],"wp:attachment":[{"href":"https:\/\/iiczagabria.esteri.it\/hr\/wp-json\/wp\/v2\/media?parent=102"}],"curies":[{"name":"wp","href":"https:\/\/api.w.org\/{rel}","templated":true}]}}