{"id":104,"date":"2023-04-03T20:55:37","date_gmt":"2023-04-03T18:55:37","guid":{"rendered":"https:\/\/iiczagabria.esteri.itlingua-e-cultura\/i-corsi-di-lingua\/"},"modified":"2023-04-24T16:22:59","modified_gmt":"2023-04-24T14:22:59","slug":"i-corsi-di-lingua","status":"publish","type":"page","link":"https:\/\/iiczagabria.esteri.it\/hr\/lingua-e-cultura\/i-corsi-di-lingua\/","title":{"rendered":"Te\u010dajevi jezika"},"content":{"rendered":"<p><strong>Zbog \u010dega odabrati te\u010dajeve koje predla\u017ee Talijanski institut za kulturu u Zagrebu?<\/strong><\/p>\n<p>Polaznici ih odabiru jer:<\/p>\n<ul>\n<li>U\u010diti talijanski pri na\u0161oj \u0161koli zna\u010di nau\u010diti jezik zahvaljuju\u0107i raznovrsnoj ponudi te\u010dajeva;<\/li>\n<li>od stupnja apsolutnih po\u010detnika do stupnja konverzacije;<\/li>\n<li>Te\u010dajevi su uskla\u0111eni s podjelom na \u0161est stupnjeva znanja koje predvi\u0111a Zajedni\u010dki europski\u00a0referentni okvir za jezike;<\/li>\n<li>Nude se i tematski te\u010dajevi (usavr\u0161avanje, poslovni talijanski) i pripremni za ispite CILS:<\/li>\n<li>Nastavnici su profesionalno kvalificirani izvorni govornici;<\/li>\n<li>Polaznici dolaze u dodir sa sredinom koja je dinami\u010dna i kulturno poticajna;<\/li>\n<li>Na kraju svakog semestra polaznicima se izdaje potvrda o poha\u0111anju i zavr\u0161enom stupnju te\u010daja;<\/li>\n<li>Polaznici mogu koristiti razli\u010dite stipendije za poha\u0111anje brojnih ljetnih jezi\u010dnih \u0161kola u Italiji:<\/li>\n<li>Polaznici koriste olak\u0161ice pri posudbi i konzultiranju materijala u talijanskoj medijateci kad se u nju upi\u0161u;<\/li>\n<li>Polaznici primaju informacije i pozivnice koje se odnose na kulturna doga\u0111anja \u0161to ih organizira Institut.<\/li>\n<\/ul>\n","protected":false},"excerpt":{"rendered":"Zbog \u010dega odabrati te\u010dajeve koje predla\u017ee Talijanski institut za kulturu u Zagrebu? Polaznici ih odabiru jer: U\u010diti talijanski pri na\u0161oj \u0161koli zna\u010di nau\u010diti jezik zahvaljuju\u0107i raznovrsnoj ponudi te\u010dajeva; od stupnja apsolutnih po\u010detnika do stupnja konverzacije; Te\u010dajevi su uskla\u0111eni s podjelom na \u0161est stupnjeva znanja koje predvi\u0111a Zajedni\u010dki europski\u00a0referentni okvir za jezike; Nude se i tematski [&hellip;]","protected":false},"author":1,"featured_media":0,"parent":96,"menu_order":0,"comment_status":"closed","ping_status":"closed","template":"","meta":{"footnotes":""},"class_list":["post-104","page","type-page","status-publish","hentry"],"_links":{"self":[{"href":"https:\/\/iiczagabria.esteri.it\/hr\/wp-json\/wp\/v2\/pages\/104","targetHints":{"allow":["GET"]}}],"collection":[{"href":"https:\/\/iiczagabria.esteri.it\/hr\/wp-json\/wp\/v2\/pages"}],"about":[{"href":"https:\/\/iiczagabria.esteri.it\/hr\/wp-json\/wp\/v2\/types\/page"}],"author":[{"embeddable":true,"href":"https:\/\/iiczagabria.esteri.it\/hr\/wp-json\/wp\/v2\/users\/1"}],"replies":[{"embeddable":true,"href":"https:\/\/iiczagabria.esteri.it\/hr\/wp-json\/wp\/v2\/comments?post=104"}],"version-history":[{"count":3,"href":"https:\/\/iiczagabria.esteri.it\/hr\/wp-json\/wp\/v2\/pages\/104\/revisions"}],"predecessor-version":[{"id":229,"href":"https:\/\/iiczagabria.esteri.it\/hr\/wp-json\/wp\/v2\/pages\/104\/revisions\/229"}],"up":[{"embeddable":true,"href":"https:\/\/iiczagabria.esteri.it\/hr\/wp-json\/wp\/v2\/pages\/96"}],"wp:attachment":[{"href":"https:\/\/iiczagabria.esteri.it\/hr\/wp-json\/wp\/v2\/media?parent=104"}],"curies":[{"name":"wp","href":"https:\/\/api.w.org\/{rel}","templated":true}]}}