{"id":105,"date":"2023-04-03T20:55:55","date_gmt":"2023-04-03T18:55:55","guid":{"rendered":"https:\/\/iiczagabria.esteri.itlingua-e-cultura\/borse-di-studio\/"},"modified":"2026-03-12T13:04:15","modified_gmt":"2026-03-12T12:04:15","slug":"borse-di-studio","status":"publish","type":"page","link":"https:\/\/iiczagabria.esteri.it\/hr\/lingua-e-cultura\/borse-di-studio\/","title":{"rendered":"Stipendije"},"content":{"rendered":"<p><strong> <span class=\"titoloRosso\"> Stipendije za sveu\u010dili\u0161ne studije <\/span> <\/strong><\/p>\n<p>Ministarstvo vanjskih poslova i me\u0111unarodne suradnje sklapa bilateralne ili multilateralne sporazume sa stranim zemljama, u sklopu kojih se odre\u0111uje i broj stipendija koje Italija stavlja na raspolaganje stranim dr\u017eavljanima, a strane zemlje talijanskim dr\u017eavljanima.<\/p>\n<p>Op\u0107a pravila koja reguliraju ovu materiju nalaze se na slu\u017ebenoj stranici\u00a0<a href=\"http:\/\/www.esteri.it\/MAE\/IT\/Ministero\/Servizi\/Stranieri\/Opportunita\/\" target=\"_blank\" rel=\"noopener\">Ministarstva vanjskih poslova<\/a>.<\/p>\n<p><a href=\"https:\/\/www.esteri.it\/en\/opportunita\/borse-di-studio\/di_studio\/\"><span class=\"titoloRosso\">Stipendije za talijanske dr\u017eavljane<\/span><\/a><a href=\"https:\/\/www.esteri.it\/it\/opportunita\/borse-di-studio\/di_studio\/\" target=\"_blank\" rel=\"noopener\"><span class=\"titoloRosso\"><br \/>\n<\/span><\/a><br \/>\n<a href=\"https:\/\/www.esteri.it\/en\/opportunita\/borse-di-studio\/per-cittadini-stranieri\/\">Stipendije za strance i Talijane u inozemstvu<\/a><\/p>\n<p><a href=\"https:\/\/www.esteri.it\/en\/opportunita\/borse-di-studio\/per-cittadini-stranieri\/borse-di-studio-offerte-dalle-universita\/\">Stipendije na talijanskim sveu\u010dili\u0161tima namjenjene strancima<\/a> (koje nisu pod ingerencijom Ministarstva vanjskih poslova i me\u0111unarodne suradnje)<\/p>\n<p>&nbsp;<\/p>\n","protected":false},"excerpt":{"rendered":"Stipendije za sveu\u010dili\u0161ne studije Ministarstvo vanjskih poslova i me\u0111unarodne suradnje sklapa bilateralne ili multilateralne sporazume sa stranim zemljama, u sklopu kojih se odre\u0111uje i broj stipendija koje Italija stavlja na raspolaganje stranim dr\u017eavljanima, a strane zemlje talijanskim dr\u017eavljanima. Op\u0107a pravila koja reguliraju ovu materiju nalaze se na slu\u017ebenoj stranici\u00a0Ministarstva vanjskih poslova. Stipendije za talijanske dr\u017eavljane [&hellip;]","protected":false},"author":1,"featured_media":0,"parent":96,"menu_order":2,"comment_status":"closed","ping_status":"closed","template":"","meta":{"footnotes":""},"class_list":["post-105","page","type-page","status-publish","hentry"],"_links":{"self":[{"href":"https:\/\/iiczagabria.esteri.it\/hr\/wp-json\/wp\/v2\/pages\/105","targetHints":{"allow":["GET"]}}],"collection":[{"href":"https:\/\/iiczagabria.esteri.it\/hr\/wp-json\/wp\/v2\/pages"}],"about":[{"href":"https:\/\/iiczagabria.esteri.it\/hr\/wp-json\/wp\/v2\/types\/page"}],"author":[{"embeddable":true,"href":"https:\/\/iiczagabria.esteri.it\/hr\/wp-json\/wp\/v2\/users\/1"}],"replies":[{"embeddable":true,"href":"https:\/\/iiczagabria.esteri.it\/hr\/wp-json\/wp\/v2\/comments?post=105"}],"version-history":[{"count":7,"href":"https:\/\/iiczagabria.esteri.it\/hr\/wp-json\/wp\/v2\/pages\/105\/revisions"}],"predecessor-version":[{"id":10833,"href":"https:\/\/iiczagabria.esteri.it\/hr\/wp-json\/wp\/v2\/pages\/105\/revisions\/10833"}],"up":[{"embeddable":true,"href":"https:\/\/iiczagabria.esteri.it\/hr\/wp-json\/wp\/v2\/pages\/96"}],"wp:attachment":[{"href":"https:\/\/iiczagabria.esteri.it\/hr\/wp-json\/wp\/v2\/media?parent=105"}],"curies":[{"name":"wp","href":"https:\/\/api.w.org\/{rel}","templated":true}]}}