{"id":106,"date":"2023-04-03T20:56:11","date_gmt":"2023-04-03T18:56:11","guid":{"rendered":"https:\/\/iiczagabria.esteri.itlingua-e-cultura\/certificazioni\/"},"modified":"2026-04-21T12:45:18","modified_gmt":"2026-04-21T10:45:18","slug":"certificazioni","status":"publish","type":"page","link":"https:\/\/iiczagabria.esteri.it\/hr\/lingua-e-cultura\/certificazioni\/","title":{"rendered":"Certifikati"},"content":{"rendered":"<p><span class=\"titoloCategoria\"><strong><a href=\"https:\/\/cils.unistrasi.it\/6\/Centro_CILS.htm\" target=\"_blank\" rel=\"noopener\">Certifikat CILS<\/a>\u00a0<\/strong>o poznavanju talijanskog kao stranog jezika<\/span><\/p>\n<p>Putem Talijanskog instituta za kulturu u Zagrebu mogu\u0107e je pristupiti ispitu za certifikat CILS. Ispiti se odr\u017eavaju dva puta godi\u0161nje (po\u010detkom lipnja i po\u010detkom prosinca). Upisi: do cca 45 dana prije datuma polaganja!<br \/>\nZa detaljnije informacije o CILS-u\u00a0i upisni obrazac (modulo) vidi ovu stranicu na talijanskom (klik na <em>italiano<\/em> gore desno).<\/p>\n<p>LINEE GUIDA CILS:<br \/>\n<a href=\"https:\/\/cils.unistrasi.it\/public\/articoli\/52\/Files\/linee_guida_cils_pdf.pdf\">https:\/\/cils.unistrasi.it\/public\/articoli\/52\/Files\/linee_guida_cils_pdf.pdf<\/a><\/p>\n<p><a href=\"https:\/\/iiczagabria.esteri.it\/wp-content\/uploads\/2023\/09\/Informazioni-per-i-candidati-2.pdf\">ESAMI DI CERTIFICAZIONE CILS \u2013 Informazioni per i candidati<\/a> (.pdf)<\/p>\n<p>Kako se predbilje\u017eiti za ispit CILS:<\/p>\n<p>Ispuniti <a href=\"https:\/\/iiczagabria.esteri.it\/wp-content\/uploads\/2023\/04\/adesione_cils_siena__nuova.doc\">obrazac<\/a>, potpisati se i poslati ga na mail: <a href=\"mailto:editoria.iiczagabria@esteri.it\">editoria.iiczagabria@esteri.it<\/a><br \/>\nzajedno sa kopijom uplate i preslikom va\u017ee\u0107e osobne iskaznice.<\/p>\n<p>Iznos cijene ispita potrebno je uplatiti na bankovni ra\u010dun Talijanskog instituta za kulturu kod Privredne Banke Zagreb.<\/p>\n<p><span class=\"titoloCategoria\">IBAN: <strong>HR79 2340 0091 1700 1659 0<\/strong> \/ SWIFT: <strong>PBZGHR2X<\/strong><\/span><\/p>\n<p><span class=\"titoloCategoria\">Termini ispita za <\/span><a href=\"https:\/\/iiczagabria.esteri.it\/wp-content\/uploads\/2026\/01\/DATE-CILS-2026.pdf\"><span class=\"titoloRosso\">2026. g. &gt;&gt;&gt;<\/span><\/a><\/p>\n<p>Za polaganje ispita <strong>16. lipnja: rok za upis je 7. svibnja 2026.<\/strong><\/p>\n<p><span class=\"titoloRosso\">Cijene ispita:<\/span><\/p>\n<p><span class=\"titoloRosso\">A1 \/ A2 &#8211; 50,00 \u20ac<br \/>\nB1 &#8211; 85,00 \u20ac<br \/>\nB1 Adolescenti \u2013 80,00 \u20ac<br \/>\nB1 C (ex Cittadinanza) 100,00 \u20ac<br \/>\nB2 &#8211; 100,00 \u20ac<br \/>\nC1 &#8211; 110,00 \u20ac<br \/>\nC2 &#8211; 125,00 \u20ac<\/span><\/p>\n<p>Certifikati o talijanskom jeziku koji pokazuju stupanj komunikativnih sposobnosti na talijanskom jeziku kao stranom jeziku. Namijenjeni su svim stranim dr\u017eavljanima, talijanskim dr\u017eavljanima u inozemstvu (potomcima talijanskih emigranata) te imigrantima u Italiji.<br \/>\nNisu potrebne nikakve posebne kvalifikacije za pristupanje ispitu.<br \/>\nZa pristupanje ispitu u inozemstvu putem Talijanskih instituta za kulturu, Ministarstvo vanjskih poslova potpisalo je ugovor sa sljede\u0107im ustanovama:<\/p>\n<p><a class=\"titoloNotizia\" href=\"http:\/\/www.cvcl.it\/\" target=\"_blank\" rel=\"noopener\">Universit\u00e0 per Stranieri di Perugia<\/a> (CELI \u2013 CIC)<\/p>\n<p><a href=\"http:\/\/www.unistrasi.it\/pages\/1.asp?cod=39\" target=\"_blank\" rel=\"noopener\"><span class=\"titoloNotizia\">Universit\u00e0 per Stranieri di Siena<\/span> <\/a>\u00a0(CILS)<\/p>\n<p><a href=\"http:\/\/host.uniroma3.it\/dipartimenti\/linguistica\/homepage.html\" target=\"_blank\" rel=\"noopener\"><span class=\"titoloNotizia\">Universit\u00e0 degli Studi Roma Tre<\/span><\/a>\u00a0(IT &#8211; ele.IT)<\/p>\n<p><a class=\"titoloNotizia\" href=\"http:\/\/www.soc-dante-alighieri.it\/11-plida\/regolamento.htm\" target=\"_blank\" rel=\"noopener\">Societ\u00e0 Dante Alighieri<\/a> (PLIDA)<\/p>\n<p class=\"titoloNotizia\"><span class=\"titoloCategoria\"><em>Certifikati su uskladjeni sa zajedni\u010dkim europskim referentnim okvirom za jezike.<\/em><\/span><\/p>\n<table class=\"tableRed table\" border=\"0\" cellspacing=\"0\" cellpadding=\"0\">\n<tbody>\n<tr>\n<th class=\"titolorosso\" width=\"100\"><\/th>\n<th class=\"titolorosso\" width=\"100\">Universit\u00e0 per Stranieri di Perugia<\/th>\n<td class=\"titolorosso\" width=\"100\">Universit\u00e0 per Stranieri di<br \/>\nSiena<\/td>\n<td class=\"titolorosso\" width=\"100\">Universit\u00e0 degli Studi di Roma Tre<\/td>\n<td class=\"titolorosso\" width=\"100\">Dante Alighieri<\/td>\n<\/tr>\n<tr>\n<td class=\"tableRed\" width=\"100\"><span class=\"titoloRosso\">LIVELLO C2<br \/>\nPadronanza<\/span><\/td>\n<td class=\"tableRed\" width=\"100\">CELI 5<\/td>\n<td class=\"tableRed\" width=\"100\">CILS Quattro-C2<\/td>\n<td class=\"tableRed\" width=\"100\">IT<\/td>\n<td class=\"tableRed\" width=\"100\">PLIDA C2<\/td>\n<\/tr>\n<tr>\n<td class=\"tableRed\" width=\"100\"><span class=\"titoloRosso\">LIVELLO C1<br \/>\nEfficacia<\/span><\/td>\n<td class=\"tableRed\" width=\"100\">\n<table class=\"table\" border=\"0\" cellspacing=\"0\" cellpadding=\"0\">\n<tbody>\n<tr>\n<td class=\"tableGray\" width=\"20%\">CELI4<\/td>\n<td class=\"tableGray\" width=\"20%\"><\/td>\n<td class=\"tableGray\" width=\"20%\"><\/td>\n<\/tr>\n<\/tbody>\n<\/table>\n<\/td>\n<td class=\"tableRed\" width=\"100\">CILS Tre-C1<\/td>\n<td class=\"tableRed\" width=\"100\">&#8212;&#8212;<\/td>\n<td class=\"tableRed\" width=\"100\">PLIDA C1<\/td>\n<\/tr>\n<tr>\n<td class=\"tableRed\" width=\"100\"><span class=\"titoloRosso\">LIVELLO B2<br \/>\n<\/span><span class=\"titoloRosso\">Progresso<br \/>\n<\/span><\/td>\n<td class=\"tableRed\" width=\"100\">CELI3<\/td>\n<td class=\"tableRed\" width=\"100\">CILS Due B2<\/td>\n<td class=\"tableRed\" width=\"100\">&#8212;&#8212;<\/td>\n<td class=\"tableRed\" width=\"100\">PLIDA\u00a0B2<\/td>\n<\/tr>\n<tr>\n<td class=\"tableRed\" width=\"100\"><span class=\"titoloRosso\">LIVELLO B1<br \/>\nSoglia<\/span><\/td>\n<td class=\"tableRed\" width=\"100\">CELI2<\/td>\n<td class=\"tableRed\" width=\"100\">CILS Uno B1<\/td>\n<td class=\"tableRed\" width=\"100\">ele.IT<\/td>\n<td class=\"tableRed\" width=\"100\">PLIDA B1<\/td>\n<\/tr>\n<tr>\n<td class=\"tableRed\" width=\"100\"><span class=\"titoloRosso\">LIVELLO A2<br \/>\nSopravvivenza<\/span><\/td>\n<td class=\"tableRed\" width=\"100\">CELI1<\/td>\n<td class=\"tableRed\" width=\"100\">CILS A2<\/td>\n<td class=\"tableRed\" width=\"100\">&#8212;&#8212;<\/td>\n<td class=\"tableRed\" width=\"100\">PLIDA\u00a0A2<\/td>\n<\/tr>\n<tr>\n<td class=\"tableRed\" width=\"100\"><span class=\"titoloRosso\">LIVELLO A1<br \/>\nContatto<\/span><\/td>\n<td class=\"tableRed\" width=\"100\">CELI1<\/td>\n<td class=\"tableRed\" width=\"100\">CILS A1<\/td>\n<td class=\"tableRed\" width=\"100\">&#8212;&#8212;<\/td>\n<td class=\"tableRed\" width=\"100\">PLIDA A1<\/td>\n<\/tr>\n<\/tbody>\n<\/table>\n","protected":false},"excerpt":{"rendered":"Certifikat CILS\u00a0o poznavanju talijanskog kao stranog jezika Putem Talijanskog instituta za kulturu u Zagrebu mogu\u0107e je pristupiti ispitu za certifikat CILS. Ispiti se odr\u017eavaju dva puta godi\u0161nje (po\u010detkom lipnja i po\u010detkom prosinca). Upisi: do cca 45 dana prije datuma polaganja! Za detaljnije informacije o CILS-u\u00a0i upisni obrazac (modulo) vidi ovu stranicu na talijanskom (klik na [&hellip;]","protected":false},"author":1,"featured_media":0,"parent":96,"menu_order":4,"comment_status":"closed","ping_status":"closed","template":"","meta":{"footnotes":""},"class_list":["post-106","page","type-page","status-publish","hentry"],"_links":{"self":[{"href":"https:\/\/iiczagabria.esteri.it\/hr\/wp-json\/wp\/v2\/pages\/106","targetHints":{"allow":["GET"]}}],"collection":[{"href":"https:\/\/iiczagabria.esteri.it\/hr\/wp-json\/wp\/v2\/pages"}],"about":[{"href":"https:\/\/iiczagabria.esteri.it\/hr\/wp-json\/wp\/v2\/types\/page"}],"author":[{"embeddable":true,"href":"https:\/\/iiczagabria.esteri.it\/hr\/wp-json\/wp\/v2\/users\/1"}],"replies":[{"embeddable":true,"href":"https:\/\/iiczagabria.esteri.it\/hr\/wp-json\/wp\/v2\/comments?post=106"}],"version-history":[{"count":9,"href":"https:\/\/iiczagabria.esteri.it\/hr\/wp-json\/wp\/v2\/pages\/106\/revisions"}],"predecessor-version":[{"id":11129,"href":"https:\/\/iiczagabria.esteri.it\/hr\/wp-json\/wp\/v2\/pages\/106\/revisions\/11129"}],"up":[{"embeddable":true,"href":"https:\/\/iiczagabria.esteri.it\/hr\/wp-json\/wp\/v2\/pages\/96"}],"wp:attachment":[{"href":"https:\/\/iiczagabria.esteri.it\/hr\/wp-json\/wp\/v2\/media?parent=106"}],"curies":[{"name":"wp","href":"https:\/\/api.w.org\/{rel}","templated":true}]}}