{"id":107,"date":"2023-04-03T20:56:23","date_gmt":"2023-04-03T18:56:23","guid":{"rendered":"https:\/\/iiczagabria.esteri.itlingua-e-cultura\/studiare-in-italia\/"},"modified":"2023-05-26T13:55:53","modified_gmt":"2023-05-26T11:55:53","slug":"studiare-in-italia","status":"publish","type":"page","link":"https:\/\/iiczagabria.esteri.it\/hr\/lingua-e-cultura\/studiare-in-italia\/","title":{"rendered":"Studirati u Italiji"},"content":{"rendered":"<p><span class=\"HwtZe\" lang=\"hr\"><span class=\"jCAhz ChMk0b\"><span class=\"ryNqvb\"><strong>SVEU\u010cILI\u0160TA<\/strong><\/span><\/span><\/span><\/p>\n<p><span class=\"jCAhz ChMk0b\"><span class=\"ryNqvb\">Op\u0107enite informacije o organizaciji i funkcioniranju talijanskih sveu\u010dili\u0161ta mogu se prona\u0107i na web stranicama\u00a0 <a title=\"Vai al sito del Ministero dell'Istruzione, dell'Universit\u00e0 e della Ricerca\" href=\"http:\/\/www.miur.it\/0002Univer\/index_cf2.htm\"><strong>Ministero dell\u2019Istruzione dell\u2019Universit\u00e0 e della Ricerca<\/strong><\/a> (MIUR \/ Ministarstvo obrazovanja, sveu\u010dili\u0161ta i istra\u017eivanja).<\/span><\/span><\/p>\n<p><strong><span class=\"HwtZe\" lang=\"hr\"><span class=\"jCAhz ChMk0b\"><span class=\"ryNqvb\">Koja su to sveu\u010dili\u0161ta i koliko ih ima?<\/span><\/span> <\/span><\/strong><\/p>\n<p><span class=\"HwtZe\" lang=\"hr\">P<span class=\"jCAhz ChMk0b\"><span class=\"ryNqvb\">opis sveu\u010dili\u0161ta i informacije o sistemu visoko\u0161kolskog obrazovanja mogu se pregledati putem:<\/span><\/span> <\/span><\/p>\n<ul>\n<li><a href=\"https:\/\/cercauniversita.cineca.it\/index.php?module=strutture&amp;page=StructureSearchParams&amp;advanced_serch=1\"><span class=\"HwtZe\" lang=\"hr\"><span class=\"jCAhz ChMk0b\"><span class=\"ryNqvb\">Tra\u017eilica MIUR<\/span><\/span> <\/span><\/a><\/li>\n<li><a href=\"https:\/\/www.unibo.it\/it\/didattica\/iscrizioni-trasferimenti-e-laurea\/il-sistema-universitario\/il-sistema-universitario\"><span class=\"HwtZe\" lang=\"hr\"><span class=\"jCAhz ChMk0b\"><span class=\"ryNqvb\">Tematska karta koju nudi Sveu\u010dili\u0161te u Bologni<\/span><\/span> <\/span><\/a><\/li>\n<li><span class=\"HwtZe\" lang=\"hr\"><span class=\"jCAhz ChMk0b\"><span class=\"ryNqvb\"><a href=\"https:\/\/www.crui.it\/\">Web stranice CRUI<\/a> (Konferencija rektora talijanskih sveu\u010dili\u0161ta)<\/span><\/span><\/span><\/li>\n<\/ul>\n<p><strong><span class=\"HwtZe\" lang=\"hr\"><span class=\"jCAhz ChMk0b\"><span class=\"ryNqvb\">Upisi stranih studenata<\/span><\/span> <\/span><\/strong><\/p>\n<p><span class=\"HwtZe\" lang=\"hr\"><span class=\"jCAhz ChMk0b\"><span class=\"ryNqvb\">Strani studenti zainteresirani za studiranje na talijanskim sveu\u010dili\u0161tima korisne informacije o raspolo\u017eivim mjestima mogu prona\u0107i putem <a href=\"https:\/\/www.cineca.it\/\">tra\u017eilice Cineca<\/a> te u posebnom dijelu web stranice <a href=\"https:\/\/www.studiare-in-italia.it\/studentistranieri\/\">MIUR<\/a>-a.<\/span><\/span> <\/span><\/p>\n<p><span class=\"HwtZe\" lang=\"hr\"><span class=\"jCAhz ChMk0b\"><span class=\"ryNqvb\"><strong>Sveu\u010dili\u0161ne rezidencije<\/strong> CCU-a izuzetno su konkurentna rje\u0161enja u smislu omjera kvalitete i cijene i nalaze se u 14 talijanskih gradova.<\/span><\/span> <span class=\"jCAhz ChMk0b\"><span class=\"ryNqvb\">U okviru CCU-a, tako\u0111er se mo\u017ee istaknuti izvrsnost koled\u017ea RUI Foundation (<a href=\"http:\/\/www.fondazionerui.it\">www.fondazionerui.it<\/a>) i Camplus (<a href=\"http:\/\/www.camplus.it\">www.camplus.it<\/a>).<\/span><\/span><\/span><\/p>\n<p><span style=\"text-decoration: underline;\"><span class=\"jCAhz ChMk0b\"><span class=\"ryNqvb\">Talijanski institut za kulturu i MAECI (Ministarstvo vanjskih poslova i me\u0111unarodne suradnje)<\/span><\/span> <span class=\"jCAhz ChMk0b\"><span class=\"ryNqvb\">ne preuzimaju odgovornost za bilo kakvu \u0161tetu nastalu odabirom jedne od gore navedenih sveu\u010dili\u0161nih rezidencija.<br \/>\n<\/span><\/span> <\/span><\/p>\n<p>&nbsp;<\/p>\n<p><strong><span class=\"HwtZe\" lang=\"hr\"><span class=\"jCAhz ChMk0b\"><span class=\"ryNqvb\">\u0160KOLE<\/span><\/span> <\/span><\/strong><\/p>\n<p><span class=\"HwtZe\" lang=\"hr\"><span class=\"jCAhz ChMk0b\"><span class=\"ryNqvb\">Op\u0107e i korisne informacije o talijanskom \u0161kolskom sustavu\u00a0 informacije mogu se prona\u0107i <a href=\"https:\/\/www.miur.gov.it\/web\/guest\/scuola\">u odjeljku web stranica Ministarstva obrazovanja, sveu\u010dili\u0161ta i istra\u017eivanja (MIUR)<\/a>.<\/span><\/span> <\/span><\/p>\n<p><strong><span class=\"HwtZe\" lang=\"hr\"><span class=\"jCAhz ChMk0b\"><span class=\"ryNqvb\">Koje su to \u0161kole i koliko ih ima?<\/span><\/span><\/span><\/strong><\/p>\n<p><span class=\"HwtZe\" lang=\"hr\"><span class=\"jCAhz ChMk0b\"><span class=\"ryNqvb\">Popis \u0161kola svih razina mo\u017ee se pregledati pomo\u0107u sljede\u0107ih tra\u017eilica:<\/span><\/span> <\/span><\/p>\n<ul>\n<li><a href=\"https:\/\/www.tuttitalia.it\/scuole\/\"><span class=\"HwtZe\" lang=\"hr\"><span class=\"jCAhz ChMk0b\"><span class=\"ryNqvb\">Dr\u017eavne i privatne \u0161kole<\/span><\/span> <\/span><\/a><\/li>\n<\/ul>\n<p><strong><span class=\"HwtZe\" lang=\"hr\"><span class=\"jCAhz ChMk0b\"><span class=\"ryNqvb\">VI\u0160A UMJETNI\u010cKA I GLAZBENA OBRAZOVANJA<\/span><\/span> <\/span><\/strong><\/p>\n<ul>\n<li><span class=\"HwtZe\" lang=\"hr\"><a href=\"http:\/\/www.afam.miur.it\/argomenti\/istituzioni\/istituzioni-autorizzate-a-rilasciare-titoli-di-alta-formazione-artistica,-musicale-e-coreutica-(art11-dpr-872005,-n212).aspx\"><span class=\"jCAhz ChMk0b\"><span class=\"ryNqvb\">Popis akademija, konzervatorija i instituta za visoko umjetni\u010dko i glazbeno obrazovanje<\/span><\/span><\/a><br \/>\n<\/span><\/li>\n<\/ul>\n<p><span class=\"HwtZe\" lang=\"hr\"><span class=\"jCAhz ChMk0b\"><span class=\"ryNqvb\">ZA PROFESORE TALIJANSKOG KAO STRANOG JEZIKA<\/span><\/span> <\/span><\/p>\n<ul>\n<li><span class=\"HwtZe\" lang=\"hr\"><span class=\"jCAhz ChMk0b\"><span class=\"ryNqvb\"><a href=\"https:\/\/www.profilcultura-formazione.it\/formazione-cultura\/istituto\/universita-caa-foscari-di-venezia-laboratorio-itals-218\">Projekt ITALS<\/a> &#8211; Odjel za jezi\u010dne znanosti Sveu\u010dili\u0161ta Ca&#8217; Foscari u Veneciji<\/span><\/span> <\/span><\/li>\n<li><span class=\"HwtZe\" lang=\"hr\"><span class=\"jCAhz ChMk0b\"><span class=\"ryNqvb\"><a href=\"https:\/\/www.ditals.com\/\">DITALS<\/a> \u2013 Potvrda osposobljenosti za podu\u010davanje talijanskog jezika strancima <\/span><\/span><\/span><\/li>\n<li><span class=\"HwtZe\" lang=\"hr\"><span class=\"jCAhz ChMk0b\"><span class=\"ryNqvb\"><a href=\"https:\/\/www.unistrapg.it\/node\/1782\">Diploma za podu\u010davanje talijanskog jezika i kulture strancima<\/a> &#8211; Sveu\u010dili\u0161te za strance u Perugi<\/span><\/span><\/span><\/li>\n<\/ul>\n","protected":false},"excerpt":{"rendered":"SVEU\u010cILI\u0160TA Op\u0107enite informacije o organizaciji i funkcioniranju talijanskih sveu\u010dili\u0161ta mogu se prona\u0107i na web stranicama\u00a0 Ministero dell\u2019Istruzione dell\u2019Universit\u00e0 e della Ricerca (MIUR \/ Ministarstvo obrazovanja, sveu\u010dili\u0161ta i istra\u017eivanja). Koja su to sveu\u010dili\u0161ta i koliko ih ima? Popis sveu\u010dili\u0161ta i informacije o sistemu visoko\u0161kolskog obrazovanja mogu se pregledati putem: Tra\u017eilica MIUR Tematska karta koju nudi Sveu\u010dili\u0161te [&hellip;]","protected":false},"author":1,"featured_media":0,"parent":96,"menu_order":8,"comment_status":"closed","ping_status":"closed","template":"","meta":{"footnotes":""},"class_list":["post-107","page","type-page","status-publish","hentry"],"_links":{"self":[{"href":"https:\/\/iiczagabria.esteri.it\/hr\/wp-json\/wp\/v2\/pages\/107","targetHints":{"allow":["GET"]}}],"collection":[{"href":"https:\/\/iiczagabria.esteri.it\/hr\/wp-json\/wp\/v2\/pages"}],"about":[{"href":"https:\/\/iiczagabria.esteri.it\/hr\/wp-json\/wp\/v2\/types\/page"}],"author":[{"embeddable":true,"href":"https:\/\/iiczagabria.esteri.it\/hr\/wp-json\/wp\/v2\/users\/1"}],"replies":[{"embeddable":true,"href":"https:\/\/iiczagabria.esteri.it\/hr\/wp-json\/wp\/v2\/comments?post=107"}],"version-history":[{"count":5,"href":"https:\/\/iiczagabria.esteri.it\/hr\/wp-json\/wp\/v2\/pages\/107\/revisions"}],"predecessor-version":[{"id":189,"href":"https:\/\/iiczagabria.esteri.it\/hr\/wp-json\/wp\/v2\/pages\/107\/revisions\/189"}],"up":[{"embeddable":true,"href":"https:\/\/iiczagabria.esteri.it\/hr\/wp-json\/wp\/v2\/pages\/96"}],"wp:attachment":[{"href":"https:\/\/iiczagabria.esteri.it\/hr\/wp-json\/wp\/v2\/media?parent=107"}],"curies":[{"name":"wp","href":"https:\/\/api.w.org\/{rel}","templated":true}]}}