{"id":108,"date":"2023-04-03T20:56:47","date_gmt":"2023-04-03T18:56:47","guid":{"rendered":"https:\/\/iiczagabria.esteri.itlingua-e-cultura\/biblioteca\/"},"modified":"2024-10-16T09:26:01","modified_gmt":"2024-10-16T07:26:01","slug":"biblioteca","status":"publish","type":"page","link":"https:\/\/iiczagabria.esteri.it\/hr\/lingua-e-cultura\/biblioteca\/","title":{"rendered":"Knji\u017enica i Medijateka"},"content":{"rendered":"<p>[\u2026] <em>Kada je ostao sam, Valeriano Balicci, po\u0161to je tapkaju\u0107i na\u0161ao i podignuo knjigu koju je gospo\u0111ica osorno bacila na zemlju, sru\u0161i se na neki naslonja\u010d i osta sjede\u0107ke; otvori knjigu, pogladi drhtavim rukama zgu\u017evane stranice, a onda zagnjuri lice u nju i osta dugo zadubljen u privi\u0111enje Trondhjema s njegovom mramornom katedralom, a kraj nje grobljem na koje savjesni potomci svake subote nave\u010de donose na poklon svje\u017ee cvije\u0107e \u2013 tako kako je tu opisano. U to se nije smjelo dirati. Studen, snijeg, ono svje\u017ee cvije\u0107e i plava sjena stolne crkve. Tu se ni\u0161ta nije smjelo dirati. To je tako, i gotovo. Tu je njegov svijet. Nijegov papirnati svijet. Sav njegov svijet.<br \/>\n<\/em><span class=\"titoloNotizia\">[Luigi Pirandello, Papirnati svijet, prev. T. Ujevi\u0107]<\/span><\/p>\n<p><span class=\"titoloCategoria\"><strong>Medijateka Talijanskog instituta za kulturu u Zagrebu<\/strong><\/span><\/p>\n<p><strong>Pravilnik knji\u017enice <\/strong><span class=\"titoloNotizia\"><br \/>\n<\/span><span class=\"titoloNotizia\"><br \/>\n\u010cl. 1.<br \/>\nMedijateka i \u010ditaonica\u00a0Talijanskog instituta za kulturu\u00a0su svima otvorene.<\/span><\/p>\n<p>\u010cl. 2.<br \/>\nKatalog medijateke je mogu\u0107e pretra\u017eivati on line na internet stranici <a href=\"https:\/\/iic.infoteca.it\/zagabria\/ricerca\/semplice\">https:\/\/iic.infoteca.it\/zagabria\/ricerca\/semplice<\/a>, koja je dostupna tako\u0111er putem internet stranice Instituta.<\/p>\n<p>\u010cl. 3.<br \/>\nRadno vrijeme je ogla\u0161eno na ulazu u Talijanski institut za kulturu i na internet stranici Instituta: <a href=\"https:\/\/iiczagabria.esteri.it\/it\/chi-siamo\/contatti\/\">https:\/\/iiczagabria.esteri.it\/it\/chi-siamo\/contatti\/<\/a><\/p>\n<p>\u010cl. 4.<br \/>\nSvi\u00a0\u010dlanovi upisani u\u00a0medijateku mogu konzultirati materijale u medijateci, \u010dasopise i dnevni\u00a0tisak na koji je Institut pretpla\u0107en te koristiti ostale dostupne usluge, npr. pristup internetu s posebnog ra\u010dunala.<\/p>\n<p>\u010cl. 5.<br \/>\nInstitut ne nudi uslugu fotokopiranja. Fotokopiranje tekstova nije mogu\u0107e.<\/p>\n<p>\u010cl. 6.<br \/>\nPosudba knjiga, cd-romova, dvd-a\u00a0i \u010ditanje tiskovina u pretplati\u00a0mogu\u0107e je\u00a0samo uz u\u010dlanjenje u medijateku.<\/p>\n<p>\u010cl. 7.<br \/>\nU\u010dlanjene vrijedi godinu dana po\u010dev\u0161i od datuma potpisa zahtjeva za upis. Medijateka je zatvorena zbog ljetne stanke cijeli mjesec kolovoz te za dr\u017eavnih i vjerskih blagdana, talijanskih i hrvatskih, navedenih u kalendaru koji godi\u0161nje odre\u0111uje Veleposlanstvo Italije u Zagrebu a koji je vidljiv u \u010ditaonici i objavljen na internet stranici Instituta.<\/p>\n<p>\u010cl. 8.<br \/>\nGodi\u0161nja \u010dlanarina iznosi 15 \u20ac.<br \/>\nPravo na popust od 50% ostvaruju sljede\u0107e<br \/>\nkategorije korisnika ako to mogu dokumentirati:<br \/>\n\u2022 osobe mla\u0111e od 18 godina<br \/>\n\u2022 umirovljenici<br \/>\n\u2022 osobe koje poha\u0111aju te\u010dajeve talijanskog jezika \u0161to ih, u suradnji s Institutom, organizira \u0161kola ABC u Zagrebu (uz predo\u010denje uplatnice za te\u010daj kojeg poha\u0111aju)<br \/>\n\u2022 studenti hrvatskih Odsjeka za talijanistiku<\/p>\n<p>\u010cl. 9.<br \/>\nPosudba je neprenosiva. Zabranjeno je \u010dlansku iskaznicu biblioteke dati drugoj osobi. \u010clanovi medijateke mogu posuditi ukupno do tri primjerka (knjiga i ostalog).<br \/>\nZa knjige posudba mo\u017ee trajati najvi\u0161e 30 dana.<br \/>\nZa audiovizualne materijale (VHS, CD, CD-ROM i DVD) najvi\u0161e 7 dana,<br \/>\nSljede\u0107a literatura mo\u017ee se koristiti samo u \u010ditaonici:<br \/>\n\u2022 rje\u010dnici, atlasi i enciklopedije<br \/>\n\u2022 vrijedne knjige, posebno ozna\u010dene<br \/>\n\u2022 ud\u017ebenici i gramatike talijanskog jezika i sl.<\/p>\n<p>\u010cl. 10.<br \/>\nPosudbu je na zahtjev \u010dlana i odlukom knji\u017eni\u010dara mogu\u0107e produ\u017eiti na dogovoreni rok. Mogu\u0107e je zatra\u017eiti produljenje posudbe telefonom \u2013 isklju\u010divo u radno vrijeme medijateke \u2013 odnosno e-mailom upu\u0107enim na adresu:<br \/>\n<a href=\"mailto:biblioteca.iiczagabria@esteri.it\">biblioteca.iiczagabria@esteri.it<\/a><\/p>\n<p>\u010cl. 11.<br \/>\nKorisnik mo\u017ee konzultirati on line katalog biblioteke na internet stranici Instituta i kontaktirati, za eventualne predbilje\u017ebe ili informacije, e-mail adresu:<br \/>\n<a href=\"mailto:biblioteca.iiczagabria@esteri.it\">biblioteca.iiczagabria@esteri.it<\/a><\/p>\n<p>\u010cl. 12.<br \/>\nAko posu\u0111eni materijal ne bude vra\u0107en po\u0161tuju\u0107i rokove, deset dana nakon isteka bit \u0107e poslana po\u017eurnica (eventualno elektronskom po\u0161tom). Mjesec dana poslije isteka roka za vra\u0107anje, bit \u0107e poslana druga po\u017eurnica na kojoj \u0107e biti nazna\u010den krajnji rok za povrat nakon \u010dega \u0107e Institut posegnuti za pravnim sredstvima. U slu\u010daju ka\u0161njenja u vra\u0107anju posu\u0111enog materijala, novi se ne\u0107e mo\u0107i posuditi jednako dugo koliko je iznosilo ka\u0161njenje i to bez utjecaja na istek godi\u0161njeg upisa. U slu\u010daju da se ka\u0161njenja ponove vi\u0161e od dva puta godi\u0161nje, korisnik \u0107e biti brisan iz \u010dlanstva.<\/p>\n<p>\u010cl. 13.<br \/>\nKorisnik se upisom obvezuje da \u0107e:<br \/>\n&#8211; posu\u0111ene knjige i druge materijale vra\u0107ati uredno i u stanju<br \/>\nzate\u010denom u trenutku posudbe;<br \/>\n&#8211; ukazati na eventualna o\u0161te\u0107enja posu\u0111enog materijala;<br \/>\n&#8211; u slu\u010daju gubitka posu\u0111enog materijala, obe\u0161tetiti Institut za njegovu izvornu vrijednost ili, u zamjenu, donijeti drugi primjerak djela te ako to nije mogu\u0107e dogovoriti kupnju nekog drugog djela.<\/p>\n","protected":false},"excerpt":{"rendered":"[\u2026] Kada je ostao sam, Valeriano Balicci, po\u0161to je tapkaju\u0107i na\u0161ao i podignuo knjigu koju je gospo\u0111ica osorno bacila na zemlju, sru\u0161i se na neki naslonja\u010d i osta sjede\u0107ke; otvori knjigu, pogladi drhtavim rukama zgu\u017evane stranice, a onda zagnjuri lice u nju i osta dugo zadubljen u privi\u0111enje Trondhjema s njegovom mramornom katedralom, a kraj [&hellip;]","protected":false},"author":1,"featured_media":0,"parent":96,"menu_order":10,"comment_status":"closed","ping_status":"closed","template":"","meta":{"footnotes":""},"class_list":["post-108","page","type-page","status-publish","hentry"],"_links":{"self":[{"href":"https:\/\/iiczagabria.esteri.it\/hr\/wp-json\/wp\/v2\/pages\/108","targetHints":{"allow":["GET"]}}],"collection":[{"href":"https:\/\/iiczagabria.esteri.it\/hr\/wp-json\/wp\/v2\/pages"}],"about":[{"href":"https:\/\/iiczagabria.esteri.it\/hr\/wp-json\/wp\/v2\/types\/page"}],"author":[{"embeddable":true,"href":"https:\/\/iiczagabria.esteri.it\/hr\/wp-json\/wp\/v2\/users\/1"}],"replies":[{"embeddable":true,"href":"https:\/\/iiczagabria.esteri.it\/hr\/wp-json\/wp\/v2\/comments?post=108"}],"version-history":[{"count":7,"href":"https:\/\/iiczagabria.esteri.it\/hr\/wp-json\/wp\/v2\/pages\/108\/revisions"}],"predecessor-version":[{"id":6173,"href":"https:\/\/iiczagabria.esteri.it\/hr\/wp-json\/wp\/v2\/pages\/108\/revisions\/6173"}],"up":[{"embeddable":true,"href":"https:\/\/iiczagabria.esteri.it\/hr\/wp-json\/wp\/v2\/pages\/96"}],"wp:attachment":[{"href":"https:\/\/iiczagabria.esteri.it\/hr\/wp-json\/wp\/v2\/media?parent=108"}],"curies":[{"name":"wp","href":"https:\/\/api.w.org\/{rel}","templated":true}]}}