{"id":130,"date":"2023-04-03T20:52:42","date_gmt":"2023-04-03T18:52:42","guid":{"rendered":"https:\/\/iiczagabria.esteri.itgli_eventi\/calendario\/"},"modified":"2024-11-08T18:01:03","modified_gmt":"2024-11-08T17:01:03","slug":"calendario","status":"publish","type":"page","link":"https:\/\/iiczagabria.esteri.it\/hr\/gli_eventi\/calendario\/","title":{"rendered":"Program doga\u0111anja"},"content":{"rendered":"        <div class=\"row\">\n\t\t\t<!-- Ricerca sedi post -->\n\t\t\t<div class=\"col-12 mt-4\">\n\t\t\t  <div class=\"callout callout-highlight note ricerca-esteri p-4\">\n                    <div class=\"callout-title\">\n                        <svg class=\"icon\">\n                            <use xlink:href=\"https:\/\/iiczagabria.esteri.it\/wp-content\/themes\/sedi-tema\/assets\/svg\/sprites.svg#it-search\"><\/use>\n                        <\/svg>Unesi parametre pretra\u017eivanja                    <\/div>\n                    <form id=\"searchFormPost\" name=\"form-search-post\" class=\"form-row align-items-center\" action=\"https:\/\/iiczagabria.esteri.it\/hr\/wp-json\/wp\/v2\/pages\/130\/\" method=\"GET\"> \n                        <!-- <div class=\"form-group pt-5\"> -->\n                            <!-- <input type=\"hidden\" id=\"lang\" name=\"lang\" value=\"\"> --> <!-- <\/div> -->\n\n                        <div class=\"it-datepicker-wrapper\">\n                            <div class=\"row\">\n                                <div class=\"form-group col-md-6\">\n                                    <label class=\"active\" for=\"date-init\">Od<\/label>\n                                    <input class=\"form-control\" name=\"date-init\" id=\"date-init\" type=\"date\" placeholder=\"gg\/mm\/aaaa\" value=\"\"lang=\"en-EN\">  \n                                <\/div>\n                                <div class=\"form-group col-md-6\">\n                                    <label class=\"active\" for=\"date-end\">Do<\/label>\n                                    <input class=\"form-control\" name=\"date-end\" id=\"date-end\" type=\"date\" placeholder=\"gg\/mm\/aaaa\" value=\"\">\n                                <\/div>\n                            <\/div>\n                        <\/div>\n                        <div class=\"form-group col-md-12 mt-3\">\n                            <label for=\"searchText\">Polje za slobodnu pretragu<\/label>\n                            <input type=\"text\" name=\"searchText\" class=\"form-control\" id=\"searchText\" value=\"\">\n                        <\/div>\n                        <div class=\"form-group col-md-4 offset-md-8 text-end\">\n                            <a href=\"https:\/\/iiczagabria.esteri.it\/hr\/gli_eventi\/calendario\/\" title=\"Form reset\" id=\"resetImput\" class=\"btn btn-outline-primary btn-xs\">Reset<\/a>\n                            <button type=\"submit\" class=\"btn btn-primary btn-xs\">Prika\u017ei rezultate<\/button>\n                        <\/div>\n                    <\/form>\n\t\t\t\t<\/div>\n\t\t\t<\/div>\n\t\t<\/div>\n                    \n            <div class=\"row\">\n                            <div class=\"col-12 mt-3\">\n                <!--start card-->\n                <div class=\"card-wrapper card-space\">\n                    <div class=\"card card-bg card-big border-bottom-card\">\n                        <div class=\"card-body row\">\n                                                    <div class=\"col-sm-3\">\n                                <div class=\"img-responsive\">\n                                    <figure class=\"img-wrapper\">\n                                        <a href=\"https:\/\/iiczagabria.esteri.it\/hr\/gli_eventi\/calendario\/gli-etruschi-del-fiume-scomparso-volti-e-miti-dai-musei-di-chiusi-e-di-chianciano\/\" title=\"Pro\u010ditaj \u010dlanak: Etru\u0161\u010dani s nestale rijeke. Lica i mitovi iz muzeja u Chiusiju i Chiancianu\">\n                                                                                            <img loading=\"lazy\" decoding=\"async\" width=\"211\" height=\"300\" src=\"https:\/\/iiczagabria.esteri.it\/wp-content\/uploads\/2026\/02\/Etruscani_plakat-211x300.jpg\" srcset=\"https:\/\/iiczagabria.esteri.it\/wp-content\/uploads\/2026\/02\/Etruscani_plakat.jpg 637w, https:\/\/iiczagabria.esteri.it\/wp-content\/uploads\/2026\/02\/Etruscani_plakat-211x300.jpg 211w\" sizes=\"auto, (max-width: 637px) 100vw, 637px\"  title=\"Etru\u0161\u010dani_plakat\" alt=\"\" class=\"img-fluid\">\n                                                                                    <\/a>\n                                    <\/figure>\n                                <\/div>\n                            <\/div>\n                            <div class=\"col-sm-9\">\n                                                            <div class=\"category-top\">\n                                    <span class=\"fw-bold text-success\">U tijeku<\/span>                                                                        <span class=\"data\">\n                                        <svg class=\"icon icon-secondary\">\n                                            <use xlink:href=\"https:\/\/iiczagabria.esteri.it\/wp-content\/themes\/sedi-tema\/assets\/svg\/sprites.svg#it-calendar\"><\/use>\n                                        <\/svg> Pet o\u017eu 20 2026<svg class=\"icon icon-xs icon-secondary me-1 ms-1\"><use href=\"https:\/\/iiczagabria.esteri.it\/wp-content\/themes\/sedi-tema\/assets\/svg\/sprites.svg#it-arrow-right\"><\/use><\/svg>Sub srp 04 2026                                    <\/span>\n                                                                    <\/div>\n                            <h5 class=\"card-title big-heading text-uppercase\"><a class=\"text-body text-decoration-none\" href=\"https:\/\/iiczagabria.esteri.it\/hr\/gli_eventi\/calendario\/gli-etruschi-del-fiume-scomparso-volti-e-miti-dai-musei-di-chiusi-e-di-chianciano\/\" title=\"Etru\u0161\u010dani s nestale rijeke. Lica i mitovi iz muzeja u Chiusiju i Chiancianu\">Etru\u0161\u010dani s nestale rijeke. Lica i mitovi iz muzeja u Chiusiju i Chiancianu<\/a><\/h5>\n                            <p class=\"card-text\">\u201eOva se izlo\u017eba uklapa u ve\u0107 utemeljeni istra\u017eiva\u010dki pravac koji prou\u010dava etru\u0161\u010dansku civilizaciju u \u0161irem okviru mediteranskih i jadranskih odnosa, vra\u0107aju\u0107i punu pozornost dinamikama kulturne, gospodarske i simboli\u010dke razmjene koje su obilje\u017eile predrimsku Italiju\u2026 Upu\u0107ivanje na \u2018nestalu rijeku\u2019 iz naslova izlo\u017ebe priziva obilje\u017eje krajolika i etru\u0161\u010danske teritorijalne organizacije oko kojeg su se razvijali naseljeni\u010dki sustavi, [&hellip;]<\/p>\n                                <a title=\"Etru\u0161\u010dani s nestale rijeke. Lica i mitovi iz muzeja u Chiusiju i Chiancianu\" class=\"read-more\" href=\"https:\/\/iiczagabria.esteri.it\/hr\/gli_eventi\/calendario\/gli-etruschi-del-fiume-scomparso-volti-e-miti-dai-musei-di-chiusi-e-di-chianciano\/\">\n                                    <span class=\"text\">\u010citaj vi\u0161e<\/span>\n                                    <svg class=\"icon\">\n                                    <use xlink:href=\"https:\/\/iiczagabria.esteri.it\/wp-content\/themes\/sedi-tema\/assets\/svg\/sprites.svg#it-arrow-right\"><\/use>\n                                    <\/svg>\n                                <\/a>\n                                                        <\/div>\n                                                    <\/div>\n                    <\/div>\n                <\/div>\n                <!--end card-->\n                <\/div><!-- col-12 .mt-3-->\n                            <div class=\"col-12 mt-3\">\n                <!--start card-->\n                <div class=\"card-wrapper card-space\">\n                    <div class=\"card card-bg card-big border-bottom-card\">\n                        <div class=\"card-body row\">\n                                                    <div class=\"col-sm-3\">\n                                <div class=\"img-responsive\">\n                                    <figure class=\"img-wrapper\">\n                                        <a href=\"https:\/\/iiczagabria.esteri.it\/hr\/gli_eventi\/calendario\/concerto-per-fisarmonica-di-renzo-ruggieri\/\" title=\"Pro\u010ditaj \u010dlanak: Renzo Ruggieri &#8211; koncert (harmonika)\">\n                                                                                            <img loading=\"lazy\" decoding=\"async\" width=\"300\" height=\"300\" src=\"https:\/\/iiczagabria.esteri.it\/wp-content\/uploads\/2026\/03\/Renzo_Ruggieri_concerto_Bari_2020-300x300.jpg\" srcset=\"https:\/\/iiczagabria.esteri.it\/wp-content\/uploads\/2026\/03\/Renzo_Ruggieri_concerto_Bari_2020.jpg 1000w, https:\/\/iiczagabria.esteri.it\/wp-content\/uploads\/2026\/03\/Renzo_Ruggieri_concerto_Bari_2020-300x300.jpg 300w, https:\/\/iiczagabria.esteri.it\/wp-content\/uploads\/2026\/03\/Renzo_Ruggieri_concerto_Bari_2020-150x150.jpg 150w, https:\/\/iiczagabria.esteri.it\/wp-content\/uploads\/2026\/03\/Renzo_Ruggieri_concerto_Bari_2020-768x768.jpg 768w\" sizes=\"auto, (max-width: 1000px) 100vw, 1000px\"  title=\"Renzo_Ruggieri_concerto_Bari_2020\" alt=\"\" class=\"img-fluid\">\n                                                                                    <\/a>\n                                    <\/figure>\n                                <\/div>\n                            <\/div>\n                            <div class=\"col-sm-9\">\n                                                            <div class=\"category-top\">\n                                    <span class=\"fw-bold text-success\">U tijeku<\/span>                                                                        <span class=\"data\">\n                                        <svg class=\"icon icon-secondary\">\n                                            <use xlink:href=\"https:\/\/iiczagabria.esteri.it\/wp-content\/themes\/sedi-tema\/assets\/svg\/sprites.svg#it-calendar\"><\/use>\n                                        <\/svg> Pet tra 24 2026                                    <\/span>\n                                                                    <\/div>\n                            <h5 class=\"card-title big-heading text-uppercase\"><a class=\"text-body text-decoration-none\" href=\"https:\/\/iiczagabria.esteri.it\/hr\/gli_eventi\/calendario\/concerto-per-fisarmonica-di-renzo-ruggieri\/\" title=\"Renzo Ruggieri &#8211; koncert (harmonika)\">Renzo Ruggieri &#8211; koncert (harmonika)<\/a><\/h5>\n                            <p class=\"card-text\">U okviru Me\u0111unarodnog harmonika\u0161kog festivala Koncert Renza Ruggierija &#8211; harmonika<\/p>\n                                <a title=\"Renzo Ruggieri &#8211; koncert (harmonika)\" class=\"read-more\" href=\"https:\/\/iiczagabria.esteri.it\/hr\/gli_eventi\/calendario\/concerto-per-fisarmonica-di-renzo-ruggieri\/\">\n                                    <span class=\"text\">\u010citaj vi\u0161e<\/span>\n                                    <svg class=\"icon\">\n                                    <use xlink:href=\"https:\/\/iiczagabria.esteri.it\/wp-content\/themes\/sedi-tema\/assets\/svg\/sprites.svg#it-arrow-right\"><\/use>\n                                    <\/svg>\n                                <\/a>\n                                                        <\/div>\n                                                    <\/div>\n                    <\/div>\n                <\/div>\n                <!--end card-->\n                <\/div><!-- col-12 .mt-3-->\n            \n            <div class=\"col-md-12 mt-4 pb-4\">\n                <nav class=\"navigation col-md-12\" aria-label=\"Navigation\">\n                    <h2 class=\"screen-reader-text visually-hidden\">Stranica br<\/h2>\n                    <div class=\"nav-links\">\n                                        <\/div>\n                <\/nav>\n            <\/div>   <!--.col-md-12 -->\n              <\/div><!--.row -->\n              \n","protected":false},"excerpt":{"rendered":"","protected":false},"author":1,"featured_media":0,"parent":94,"menu_order":0,"comment_status":"closed","ping_status":"closed","template":"","meta":{"footnotes":""},"class_list":["post-130","page","type-page","status-publish","hentry"],"_links":{"self":[{"href":"https:\/\/iiczagabria.esteri.it\/hr\/wp-json\/wp\/v2\/pages\/130","targetHints":{"allow":["GET"]}}],"collection":[{"href":"https:\/\/iiczagabria.esteri.it\/hr\/wp-json\/wp\/v2\/pages"}],"about":[{"href":"https:\/\/iiczagabria.esteri.it\/hr\/wp-json\/wp\/v2\/types\/page"}],"author":[{"embeddable":true,"href":"https:\/\/iiczagabria.esteri.it\/hr\/wp-json\/wp\/v2\/users\/1"}],"replies":[{"embeddable":true,"href":"https:\/\/iiczagabria.esteri.it\/hr\/wp-json\/wp\/v2\/comments?post=130"}],"version-history":[{"count":2,"href":"https:\/\/iiczagabria.esteri.it\/hr\/wp-json\/wp\/v2\/pages\/130\/revisions"}],"predecessor-version":[{"id":6583,"href":"https:\/\/iiczagabria.esteri.it\/hr\/wp-json\/wp\/v2\/pages\/130\/revisions\/6583"}],"up":[{"embeddable":true,"href":"https:\/\/iiczagabria.esteri.it\/hr\/wp-json\/wp\/v2\/pages\/94"}],"wp:attachment":[{"href":"https:\/\/iiczagabria.esteri.it\/hr\/wp-json\/wp\/v2\/media?parent=130"}],"curies":[{"name":"wp","href":"https:\/\/api.w.org\/{rel}","templated":true}]}}