{"id":281,"date":"2023-05-19T10:18:49","date_gmt":"2023-05-19T08:18:49","guid":{"rendered":"https:\/\/iiczagabria.esteri.it?page_id=281"},"modified":"2026-04-01T15:40:39","modified_gmt":"2026-04-01T13:40:39","slug":"stipendije-olaksice-talijanskog-instituta","status":"publish","type":"page","link":"https:\/\/iiczagabria.esteri.it\/hr\/lingua-e-cultura\/borse-di-studio\/stipendije-olaksice-talijanskog-instituta\/","title":{"rendered":"Stipendije\/olak\u0161ice Talijanskog instituta"},"content":{"rendered":"<p><a href=\"https:\/\/iiczagabria.esteri.it\/wp-content\/uploads\/2026\/04\/convocazioni-2026.doc\"><strong>POZIV KANDIDATIMA ZA DODJELU STIPENDIJA <\/strong>&gt;&gt;&gt;<\/a><\/p>\n<p><span class=\"titoloRosso\">Informacije o stipendijama za te\u010dajeve talijanskog jezika u Italiji: <\/span><\/p>\n<p><strong>OLAK\u0160ICE ZA TE\u010cAJEVE 2026. &#8211; PRIJAVE od 2. do 27. o\u017eujka 2026.<br \/>\n<\/strong>(koje nude \u0161kole talijanskog jezika u Italiji)<\/p>\n<p>Talijanski institut za kulturu u Zagrebu, u suradnji s brojnim \u0161kolama talijanskog jezika u Italiji, dodjeljuje olak\u0161ice za te\u010dajeve talijanskog jezika u Italiji u trajanju od 2, 3 ili 4 tjedna, koje se mogu koristiti tijekom cijele godine i koje djelomi\u010dno pokrivaju tro\u0161ak jednog standardnog te\u010daja talijanskog jezika (uglavnom <strong>50%<\/strong> cijene te\u010daja). Olak\u0161ice su namijenjene:<\/p>\n<p>1) studentima svih tipova studijskih programa pri svim fakultetima Sveu\u010dili\u0161ta u Zagrebu te u\u010denicima srednjih \u0161kola (16 +);<br \/>\n2) polaznicima te\u010dajeva talijanskog jezika koje organizira Talijanski institut za kulturu u suradnji sa \u0161kolom ABC (molimo polaznike da kontaktiraju direktno prof. Silviju Venchiarutti i NE \u0161alju molbe institutu);<br \/>\n3) svima koji \u017eele nau\u010diti ili usavr\u0161iti talijanski jezik.<\/p>\n<p><span style=\"text-decoration: underline;\">Precizira se da su tro\u0161kovi putovanja, hrane i smje\u0161taja u potpunosti na teret polaznika.<\/span><\/p>\n<p>Za kori\u0161tenje gore navedenih olak\u0161ica, zainteresirani moraju dostaviti sljede\u0107u upisnu dokumentaciju:<br \/>\na. <a href=\"https:\/\/iiczagabria.esteri.it\/wp-content\/uploads\/2024\/02\/modulodomandaitcro2017.doc\" target=\"_blank\" rel=\"noopener\">zamolbu &gt;&gt;&gt;<\/a> na talijanskom ili hrvatskom jeziku, uredno otipkanu<br \/>\nb. ispunjeni prilo\u017eeni <a href=\"https:\/\/iiczagabria.esteri.it\/wp-content\/uploads\/2026\/03\/Modulo-CV-BS-2026.doc\" target=\"_blank\" rel=\"noopener\">obrazac &gt;&gt;&gt;<\/a><br \/>\nc. preslik dokumenta koji potvr\u0111uje studentski status \u2013 upis na fakultet u akademskoj godini 2024.-2025. (samo za studente)<\/p>\n<p>Upisna dokumentacija mo\u017ee se poslati obi\u010dnom ili elektronskom po\u0161tom ili uru\u010diti osobno u Talijanskom institutu za kulturu, Preobra\u017eenska 4, Zagreb,<strong><br \/>\n<\/strong><strong>do 27. o\u017eujka 2026<\/strong>. u uredovno vrijeme tajni\u0161tva: ponedjeljak &#8211; \u010detvrtak od 9 do 16 sati, petkom od 9 do 14 sati. Ne\u0107e se uva\u017eiti upisna dokumentacija koja je pristigla sa zaka\u0161njenjem ili je nepotpuna.<\/p>\n<p>Prednost \u0107e imati studenti koji prethodno nisu koristili stipendije ili popuste od strane Talijanskog instituta za kulturu.<br \/>\nAdresa za zamolbe ili eventualne informacije: <a href=\"mailto:segreteria.iiczagabria@esteri.it\">segreteria.iiczagabria@esteri.it<\/a><\/p>\n<p>Pristupnici koji u roku po\u0161alju cjelovitu upisnu dokumentaciju bit \u0107e pozvani u Talijanski institut za kulturu po\u010detkom travnja. Kalendar poziva bit \u0107e objavljen na web stranici Instituta.<\/p>\n<p>Pristupnici se stoga mole da od <strong>31. o\u017eujka 2026.<\/strong> kontroliraju na\u0161u web stranicu jer ne\u0107e biti kontaktirani pojedina\u010dno.<\/p>\n<p>Od studenata koji budu prihvatili ponu\u0111eni popust za te\u010daj, bit \u0107e zatra\u017eeno da ispune niz formalnosti u svrhu upisa na te\u010daj u roku od dva tjedna od poziva. U slu\u010daju nepo\u0161tivanja spomenutog roka, bit \u0107e isklju\u010deni iz potpore.<br \/>\nNakon \u0161to studenti budu upisani na te\u010daj sva dodatna korispondencija odvija se izravno izme\u0111u \u0161kole i polaznika te\u010daja.<\/p>\n<p>Podsje\u0107amo:<\/p>\n<p>Studenti Sveu\u010dili\u0161ta u Zadru mogu se obratiti na sljede\u0107u adresu:<br \/>\nprof. Ana Bukvi\u0107, Sveu\u010dili\u0161te u Zadru, Odjel za talijanistiku, Obala kralja Petra Kre\u0161imira IV, br 2 &#8211; 23000 Zadar \u2013 tel. 023 200 719, email:\u00a0<a href=\"mailto:abukvic@unizd.hr\">abukvic@unizd.hr<\/a><\/p>\n<p>Studenti talijanistike i povijesti umjetnosti Sveu\u010dili\u0161ta u Splitu mogu se obratiti na sljede\u0107u adresu:<br \/>\nprof. Monica Priante, Filozofski fakultet u Splitu, Odsjek za talijanistiku, Polji\u010dka cesta 35, 21000 Split \u2013 tel. 021\/545-584, email: <a class=\"\" href=\"mailto:mpriante@ffst.hr\" data-focus-mouse=\"false\">mpriante@ffst.hr<\/a><\/p>\n<p>Studenti Sveu\u010dili\u0161ta u Puli mogu se obratiti na sljede\u0107u adresu:<br \/>\nprof. Ariana Br\u017eenda, Sveu\u010dili\u0161te Jurja Dobrile u Puli, Odsjek za talijanistiku, Negrijeva 6, 52100 Pula &#8211; 052 877-436, email: <a href=\"mailto:bferro@unipu.hr\">ariana.brzenda@unipu.hr<\/a><\/p>\n<p>Studenti Sveu\u010dili\u0161ta u Rijeci mogu se obratiti na sljede\u0107u adresu:<br \/>\nprof. Corinna Gerbaz-Giuliano, Sveu\u010dili\u0161te u Rijeci \u2013 Filozofski fakultet, Odsjek za talijanski jezik i knji\u017eevnost, Sveu\u010dili\u0161na avenija 4, 51000 Rijeka \u2013 tel. 051 265-784, email: <a href=\"mailto:cggiuliano@ffri.hr\">cggiuliano@ffri.hr<\/a><\/p>\n","protected":false},"excerpt":{"rendered":"POZIV KANDIDATIMA ZA DODJELU STIPENDIJA &gt;&gt;&gt; Informacije o stipendijama za te\u010dajeve talijanskog jezika u Italiji: OLAK\u0160ICE ZA TE\u010cAJEVE 2026. &#8211; PRIJAVE od 2. do 27. o\u017eujka 2026. (koje nude \u0161kole talijanskog jezika u Italiji) Talijanski institut za kulturu u Zagrebu, u suradnji s brojnim \u0161kolama talijanskog jezika u Italiji, dodjeljuje olak\u0161ice za te\u010dajeve talijanskog jezika [&hellip;]","protected":false},"author":5,"featured_media":0,"parent":105,"menu_order":0,"comment_status":"closed","ping_status":"closed","template":"","meta":{"footnotes":""},"class_list":["post-281","page","type-page","status-publish","hentry"],"_links":{"self":[{"href":"https:\/\/iiczagabria.esteri.it\/hr\/wp-json\/wp\/v2\/pages\/281","targetHints":{"allow":["GET"]}}],"collection":[{"href":"https:\/\/iiczagabria.esteri.it\/hr\/wp-json\/wp\/v2\/pages"}],"about":[{"href":"https:\/\/iiczagabria.esteri.it\/hr\/wp-json\/wp\/v2\/types\/page"}],"author":[{"embeddable":true,"href":"https:\/\/iiczagabria.esteri.it\/hr\/wp-json\/wp\/v2\/users\/5"}],"replies":[{"embeddable":true,"href":"https:\/\/iiczagabria.esteri.it\/hr\/wp-json\/wp\/v2\/comments?post=281"}],"version-history":[{"count":7,"href":"https:\/\/iiczagabria.esteri.it\/hr\/wp-json\/wp\/v2\/pages\/281\/revisions"}],"predecessor-version":[{"id":11043,"href":"https:\/\/iiczagabria.esteri.it\/hr\/wp-json\/wp\/v2\/pages\/281\/revisions\/11043"}],"up":[{"embeddable":true,"href":"https:\/\/iiczagabria.esteri.it\/hr\/wp-json\/wp\/v2\/pages\/105"}],"wp:attachment":[{"href":"https:\/\/iiczagabria.esteri.it\/hr\/wp-json\/wp\/v2\/media?parent=281"}],"curies":[{"name":"wp","href":"https:\/\/api.w.org\/{rel}","templated":true}]}}