{"id":286,"date":"2023-05-19T11:05:13","date_gmt":"2023-05-19T09:05:13","guid":{"rendered":"https:\/\/iiczagabria.esteri.it?page_id=286"},"modified":"2023-05-26T13:55:17","modified_gmt":"2023-05-26T11:55:17","slug":"tecajevi-talijanskog-u-italiji","status":"publish","type":"page","link":"https:\/\/iiczagabria.esteri.it\/hr\/lingua-e-cultura\/i-corsi-di-lingua\/tecajevi-talijanskog-u-italiji\/","title":{"rendered":"Te\u010dajevi talijanskog u Italiji"},"content":{"rendered":"<p>Te\u010dajevi talijanskog jezika i kulture u ponudi talijanskih sveu\u010dili\u0161ta:<\/p>\n<ul>\n<li><a href=\"http:\/\/www.unistrapg.it\/italiano\/\">Universit\u00e0 per stranieri di Perugia <\/a>(certifikat)<\/li>\n<li><a href=\"http:\/\/www.unistrasi.it\/\">Universit\u00e0 per stranieri di Siena <\/a>(certifikat)<br \/>\nUniversit\u00e0 degli studi di Roma Tre<br \/>\n1.\u00a0<a href=\"http:\/\/www.cla.uniroma3.it\/\">Corsi CLA<\/a>\u00a0(certifikat)<br \/>\n2. <a href=\"http:\/\/www.lingueletteratureculturestraniere.uniroma3.it\/\">Italiano L2 <\/a>(certifikat)<\/li>\n<li><a href=\"http:\/\/www.univpm.it\/\">Universit\u00e0 Politecnica delle Marche <\/a><\/li>\n<li><a href=\"http:\/\/www.unibg.it\/\">Universit\u00e0 degli studi di Bergamo <\/a><\/li>\n<li><a href=\"http:\/\/www.cilta.unibo.it\/\">Universit\u00e0 degli studi di Bologna \u2013 Cilta <\/a><\/li>\n<li><a href=\"http:\/\/www.cliro.unibo.it\/\">Universit\u00e0 degli studi di Bologna \u2013 Cliro\u00a0<\/a><\/li>\n<li><a href=\"http:\/\/www.unict.it\/slci\/it_h\">Universit\u00e0 degli studi di Catania <\/a><\/li>\n<li><a href=\"http:\/\/www.unifi.it\/unifi\/ccs\/\">Universit\u00e0 degli studi di Firenze &#8211; Centro di cultura per stranieri <\/a><\/li>\n<li><a href=\"http:\/\/www.unige.it\/centrint\/\">Universit\u00e0 degli studi di Genova <\/a><\/li>\n<li><a href=\"http:\/\/www.univaq.it\/\">Universit\u00e0 degli studi de l&#8217;Aquila <\/a><\/li>\n<li><a href=\"http:\/\/www.unile.it\/ateneo\/default.asp\">Universit\u00e0 degli studi di Lecce\u00a0<\/a><\/li>\n<li><a href=\"http:\/\/studenti.unimi.it\/foreign\/gargnano.htm\">Universit\u00e0 degli studi di Milano<\/a><\/li>\n<li><a href=\"http:\/\/portale.unipa.it\/strutture\/scuolaitalianastranieri\/\">Universit\u00e0 degli studi di Palermo &#8211; Scuola di lingua italiana per stranieri<\/a><\/li>\n<li><a href=\"http:\/\/www.unipr.it\/arpa\/cla\/\">Universit\u00e0 degli studi di Parma <\/a><\/li>\n<li><a href=\"http:\/\/www.lettere.uniroma2.it\/corsiestivi\/\">Universit\u00e0 degli Studi di Roma Tor Vergata <\/a><\/li>\n<li><a href=\"http:\/\/www.uniurb.it\/it\/index.php\">Universit\u00e0 degli studi di Urbino <\/a><\/li>\n<li><a href=\"http:\/\/www.unive.it\/nqcontent.cfm?a_id=1\">Universit\u00e0 degli studi &#8220;Ca&#8217; Foscari&#8221; di Venezia <\/a><\/li>\n<li><a href=\"http:\/\/milano.unicatt.it\/masters_8699.html\">Universit\u00e0 Cattolica del Sacro Cuore<\/a><\/li>\n<li><a href=\"http:\/\/www.unistrada.it\/Stranieri.htm\">Universit\u00e0 per Stranieri &#8220;Dante Alighieri&#8221; di Reggio Calabria <\/a><\/li>\n<\/ul>\n<p>Te\u010dajevi talijanskog jezika i kulture, te\u010dajevi raznih disciplina za strance:<\/p>\n<p>Pogledajte popis \u0161kola, centara i akademija koji nude te\u010dajeve raznih disciplina organizirani prvenstveno za strane studente.<br \/>\nMo\u017eete pretra\u017eivati te\u010dajeve po regijama i\/ili gradovima i\/ili vrsti. U sekciji vrste te\u010dajeva, meni je namjerno op\u0107i, na primjer &#8216;Talijanski jezik&#8217;, &#8216;Dizajn&#8217;, &#8216;Glazba&#8217; i &#8216;Pjevanje&#8217;, za koje se upu\u0107uje na internet stranice \u0161kola na kojima se mogu vidjeti sve ponu\u0111ene tipologije.<br \/>\nAko tra\u017eite te\u010dajeve talijanskog jezika,odlazak na internetske stranice ovdje objavljenih centara omogu\u0107it \u0107e vam da odvojite \u0161kole posve\u0107ene isklju\u010divo podu\u010davanju talijanskog jezika strancima od onih koje nude te\u010dajeve jezika kao dodatak u podu\u010davanju drugih disciplina poput umjetnosti, mode, dizajna i talijanske kuhinje.<\/p>\n<p>Pouzdanost u organizaciji te\u010daja i kvalitetu na didakti\u010dkom planu nude one \u0161kola talijanskog jezika i kulture koje su, nakon provjere,dobile potvrdu Ministarstva obrazovanja, sveu\u010dili\u0161ta i znanstvenog istra\u017eivanja.<\/p>\n<p>Na internet stranici \u0161kole provjerite je li ona \u010dlan Udruga \u010diji je cilj za\u0161tita kvalitete ponu\u0111jenih usluga. Udruge su slijede\u0107e:<\/p>\n<p>u Italiji:<br \/>\n<a href=\"http:\/\/www.asils.it\/\">ASILS<\/a> (Udruga \u0161kola talijanskog kao drugog jezika).<br \/>\n<a href=\"http:\/\/www.acad.it\/\">AIL<\/a> (Talijanska jezi\u010dna akademija)<br \/>\n<a href=\"http:\/\/www.italianinitaly.it\/\">Italian in Italy<\/a><\/p>\n<p>u inozemstvu:<br \/>\n<a href=\"http:\/\/www.fiyto.org\/\">FIYTO<\/a> (Federacija me\u0111unarodnih omladinskih turisti\u010dkih organizacija)<br \/>\n<a href=\"http:\/\/www.altonet.org\/\">ALTO<\/a> (Udruga jezi\u010dnih turisti\u010dkih organizacija)<br \/>\n<a href=\"http:\/\/www.ialc.org\/\">IALC<\/a> (Me\u0111unarodna udruga jezi\u010dnih centara)<br \/>\n<a href=\"http:\/\/www.tandemcity.info\/\">TANDEM<\/a> (Me\u0111unarodna mre\u017ea kvalitetnih jezi\u010dnih ustanova)<br \/>\n<a href=\"http:\/\/www.eaquals.org\/\">EAQUALS<\/a> (Europska udruga za kvalitetu jezi\u010dnih usluga).<br \/>\n<a href=\"http:\/\/www.ihworld.com\/\">IHWO<\/a> (Medunarodna ku\u0107a \u0161kola stranih jezika)<\/p>\n<p>Va\u017eno je tako\u0111er znati jesu li \u0161kole priznate kao dr\u017eavne ustanove za obrazovanje te imaju li pravo izdavanja certifikata o poznavanju talijanskog jezika.<\/p>\n<p>Za sve one \u0161kole koje nemaju ni jedan od ovih preduvjeta savjetujemo vam da provjerite je li njihove internet stranice sadr\u017ee jasne i precizne informacije o:<br \/>\n&#8211; ekonomskim uvjetima ponu\u0111enih te\u010daja (cijena, polog, vra\u0107anje pologa u slu\u010daju odustajanja od te\u010daja)<br \/>\n&#8211; prostorijama u kojima se odr\u017eavaju te\u010daji (zgrada, dvorane, infrastruktura, tehni\u010dka oprema)<br \/>\n&#8211; karakteristikama smje\u0161taja za polaznike (cijena i lokacija)<br \/>\n&#8211; nastavnicima (diploma i \u017eivotopis)<br \/>\n&#8211; nastavnom materijalu koji se koristi<\/p>\n","protected":false},"excerpt":{"rendered":"Te\u010dajevi talijanskog jezika i kulture u ponudi talijanskih sveu\u010dili\u0161ta: Universit\u00e0 per stranieri di Perugia (certifikat) Universit\u00e0 per stranieri di Siena (certifikat) Universit\u00e0 degli studi di Roma Tre 1.\u00a0Corsi CLA\u00a0(certifikat) 2. Italiano L2 (certifikat) Universit\u00e0 Politecnica delle Marche Universit\u00e0 degli studi di Bergamo Universit\u00e0 degli studi di Bologna \u2013 Cilta Universit\u00e0 degli studi di Bologna \u2013 [&hellip;]","protected":false},"author":5,"featured_media":0,"parent":104,"menu_order":5,"comment_status":"closed","ping_status":"closed","template":"","meta":{"footnotes":""},"class_list":["post-286","page","type-page","status-publish","hentry"],"_links":{"self":[{"href":"https:\/\/iiczagabria.esteri.it\/hr\/wp-json\/wp\/v2\/pages\/286","targetHints":{"allow":["GET"]}}],"collection":[{"href":"https:\/\/iiczagabria.esteri.it\/hr\/wp-json\/wp\/v2\/pages"}],"about":[{"href":"https:\/\/iiczagabria.esteri.it\/hr\/wp-json\/wp\/v2\/types\/page"}],"author":[{"embeddable":true,"href":"https:\/\/iiczagabria.esteri.it\/hr\/wp-json\/wp\/v2\/users\/5"}],"replies":[{"embeddable":true,"href":"https:\/\/iiczagabria.esteri.it\/hr\/wp-json\/wp\/v2\/comments?post=286"}],"version-history":[{"count":1,"href":"https:\/\/iiczagabria.esteri.it\/hr\/wp-json\/wp\/v2\/pages\/286\/revisions"}],"predecessor-version":[{"id":287,"href":"https:\/\/iiczagabria.esteri.it\/hr\/wp-json\/wp\/v2\/pages\/286\/revisions\/287"}],"up":[{"embeddable":true,"href":"https:\/\/iiczagabria.esteri.it\/hr\/wp-json\/wp\/v2\/pages\/104"}],"wp:attachment":[{"href":"https:\/\/iiczagabria.esteri.it\/hr\/wp-json\/wp\/v2\/media?parent=286"}],"curies":[{"name":"wp","href":"https:\/\/api.w.org\/{rel}","templated":true}]}}