{"id":292,"date":"2023-05-19T11:18:54","date_gmt":"2023-05-19T09:18:54","guid":{"rendered":"https:\/\/iiczagabria.esteri.it?page_id=292"},"modified":"2023-05-19T11:59:35","modified_gmt":"2023-05-19T09:59:35","slug":"kalendar-tecajeva","status":"publish","type":"page","link":"https:\/\/iiczagabria.esteri.it\/hr\/lingua-e-cultura\/i-corsi-di-lingua\/kalendar-tecajeva\/","title":{"rendered":"Kalendar te\u010dajeva"},"content":{"rendered":"<p><span class=\"titoloNotizia\">\u00a0<\/span><\/p>\n<table class=\"table\" border=\"0\" width=\"100%\" cellspacing=\"0\" cellpadding=\"0\">\n<tbody>\n<tr>\n<th class=\"tableGray\">Te\u010daj<\/th>\n<th class=\"tableGray\">Certifikat<\/th>\n<th class=\"tableGray\">Trajanje<\/th>\n<th class=\"tableGray\">\u0160ifra te\u010daja<\/th>\n<\/tr>\n<tr>\n<td class=\"tableGray\"><span class=\"titoloNotizia\">1. stupanj<\/span><\/td>\n<td class=\"tableGray\">A1\u00a0Pripremni korisnik<\/td>\n<td class=\"tableGray\">\u00a060 sati<\/td>\n<td class=\"tableGray\">1.A<\/td>\n<\/tr>\n<tr>\n<td class=\"tableGray\"><span class=\"titoloNotizia\">2. stupanj<\/span><\/td>\n<td class=\"tableGray\">A2 \u00a0Temeljni korisnik<\/td>\n<td class=\"tableGray\">\u00a060 sati<\/td>\n<td class=\"tableGray\">2.A<\/td>\n<\/tr>\n<tr>\n<td class=\"tableGray\"><span class=\"titoloNotizia\">3. stupanj<\/span><\/td>\n<td class=\"tableGray\"><\/td>\n<td class=\"tableGray\">\u00a060 sati<\/td>\n<td class=\"tableGray\">3.A<\/td>\n<\/tr>\n<tr>\n<td class=\"tableGray\"><span class=\"titoloNotizia\">4. stupanj<\/span><\/td>\n<td class=\"tableGray\">B1 Razvojni korisnik<\/td>\n<td class=\"tableGray\">\u00a060 sati<\/td>\n<td class=\"tableGray\">4.A<\/td>\n<\/tr>\n<tr>\n<td class=\"tableGray\"><span class=\"titoloNotizia\">5. stupanj<\/span><\/td>\n<td class=\"tableGray\"><\/td>\n<td class=\"tableGray\">\u00a060 sati<\/td>\n<td class=\"tableGray\">5.A<\/td>\n<\/tr>\n<tr>\n<td class=\"tableGray\"><span class=\"titoloNotizia\">6. stupanj<\/span><\/td>\n<td class=\"tableGray\">B2 Samostalni korisnik<\/td>\n<td class=\"tableGray\">\u00a060 sati<\/td>\n<td class=\"tableGray\">6.A<\/td>\n<\/tr>\n<tr>\n<td class=\"tableGray\"><span class=\"titoloNotizia\">7. stupanj<\/span><\/td>\n<td class=\"tableGray\"><\/td>\n<td class=\"tableGray\">\u00a060 sati<\/td>\n<td class=\"tableGray\">7.A<\/td>\n<\/tr>\n<tr>\n<td class=\"tableGray\"><span class=\"titoloNotizia\">8. stupanj<\/span><\/td>\n<td class=\"tableGray\">C1 Napredni korisnik<\/td>\n<td class=\"tableGray\">\u00a060 sati<\/td>\n<td class=\"tableGray\">8.A<\/td>\n<\/tr>\n<tr>\n<td class=\"tableGray\"><strong>9. stupanj<\/strong><\/td>\n<td class=\"tableGray\"><\/td>\n<td class=\"tableGray\"><\/td>\n<td class=\"tableGray\"><\/td>\n<\/tr>\n<tr>\n<td class=\"tableGray\"><strong>Poslovni talijanski<\/strong><\/td>\n<td class=\"tableGray\"><\/td>\n<td class=\"tableGray\"><\/td>\n<td class=\"tableGray\"><\/td>\n<\/tr>\n<tr>\n<td class=\"tableGray\"><\/td>\n<td class=\"tableGray\"><\/td>\n<\/tr>\n<\/tbody>\n<\/table>\n","protected":false},"excerpt":{"rendered":"\u00a0 Te\u010daj Certifikat Trajanje \u0160ifra te\u010daja 1. stupanj A1\u00a0Pripremni korisnik \u00a060 sati 1.A 2. stupanj A2 \u00a0Temeljni korisnik \u00a060 sati 2.A 3. stupanj \u00a060 sati 3.A 4. stupanj B1 Razvojni korisnik \u00a060 sati 4.A 5. stupanj \u00a060 sati 5.A 6. stupanj B2 Samostalni korisnik \u00a060 sati 6.A 7. stupanj \u00a060 sati 7.A 8. stupanj C1 [&hellip;]","protected":false},"author":5,"featured_media":0,"parent":104,"menu_order":1,"comment_status":"closed","ping_status":"closed","template":"","meta":{"footnotes":""},"class_list":["post-292","page","type-page","status-publish","hentry"],"_links":{"self":[{"href":"https:\/\/iiczagabria.esteri.it\/hr\/wp-json\/wp\/v2\/pages\/292","targetHints":{"allow":["GET"]}}],"collection":[{"href":"https:\/\/iiczagabria.esteri.it\/hr\/wp-json\/wp\/v2\/pages"}],"about":[{"href":"https:\/\/iiczagabria.esteri.it\/hr\/wp-json\/wp\/v2\/types\/page"}],"author":[{"embeddable":true,"href":"https:\/\/iiczagabria.esteri.it\/hr\/wp-json\/wp\/v2\/users\/5"}],"replies":[{"embeddable":true,"href":"https:\/\/iiczagabria.esteri.it\/hr\/wp-json\/wp\/v2\/comments?post=292"}],"version-history":[{"count":2,"href":"https:\/\/iiczagabria.esteri.it\/hr\/wp-json\/wp\/v2\/pages\/292\/revisions"}],"predecessor-version":[{"id":294,"href":"https:\/\/iiczagabria.esteri.it\/hr\/wp-json\/wp\/v2\/pages\/292\/revisions\/294"}],"up":[{"embeddable":true,"href":"https:\/\/iiczagabria.esteri.it\/hr\/wp-json\/wp\/v2\/pages\/104"}],"wp:attachment":[{"href":"https:\/\/iiczagabria.esteri.it\/hr\/wp-json\/wp\/v2\/media?parent=292"}],"curies":[{"name":"wp","href":"https:\/\/api.w.org\/{rel}","templated":true}]}}