{"id":299,"date":"2023-05-19T12:02:43","date_gmt":"2023-05-19T10:02:43","guid":{"rendered":"https:\/\/iiczagabria.esteri.it?page_id=299"},"modified":"2023-05-19T12:06:17","modified_gmt":"2023-05-19T10:06:17","slug":"kako-se-upisati","status":"publish","type":"page","link":"https:\/\/iiczagabria.esteri.it\/hr\/lingua-e-cultura\/i-corsi-di-lingua\/kako-se-upisati\/","title":{"rendered":"Kako se upisati"},"content":{"rendered":"<p><strong>ABC &#8211; Corsi di lingua e cultura italiana \/ Te\u010dajevi talijanskog jezika<\/strong><\/p>\n<p>&nbsp;<\/p>\n<p>Upisi na te\u010dajeve talijanskog jezika odvijaju se dva puta godi\u0161nje: <strong>u velja\u010di i u rujnu.<\/strong><\/p>\n<p>Nastava online i u\u017eivo (Zagreb, Gunduli\u0107eva 55, u sjedi\u0161tu Privatne umjetni\u010dke gimnazije &#8211; PUG)<\/p>\n<p><strong>Profesori su izvorni govornici<\/strong><\/p>\n<p>Grupe: <strong>max. 8 polaznika<\/strong><\/p>\n<p>Te\u010dajevi za sve razine predvi\u0111ene Zajedni\u010dkim europskim referentnim okvirom za jezike<\/p>\n<p>Te\u010dajevi konverzacije<\/p>\n<p>Pripremni te\u010dajevi za CILS ispite (Me\u0111unarodni certifikat o poznavanju talijanskog jezika)<\/p>\n<p>&nbsp;<\/p>\n<p>Rezervirajte svoje besplatno\u00a0online testiranje na <a href=\"http:\/\/www.abcscuola.eu\">www.abcscuola.eu<\/a><\/p>\n<p>Za sve informacije:<\/p>\n<p>Tel: 098\/621847<\/p>\n<p><a href=\"mailto:abcscuolaeu@gmail.com\">abcscuolaeu@gmail.com<\/a><\/p>\n<p><a href=\"mailto:silvia.venchiarutti@gmail.com\">silvia.venchiarutti@gmail.com<\/a><\/p>\n<p>&nbsp;<\/p>\n<p>&nbsp;<\/p>\n","protected":false},"excerpt":{"rendered":"ABC &#8211; Corsi di lingua e cultura italiana \/ Te\u010dajevi talijanskog jezika &nbsp; Upisi na te\u010dajeve talijanskog jezika odvijaju se dva puta godi\u0161nje: u velja\u010di i u rujnu. Nastava online i u\u017eivo (Zagreb, Gunduli\u0107eva 55, u sjedi\u0161tu Privatne umjetni\u010dke gimnazije &#8211; PUG) Profesori su izvorni govornici Grupe: max. 8 polaznika Te\u010dajevi za sve razine predvi\u0111ene [&hellip;]","protected":false},"author":5,"featured_media":0,"parent":104,"menu_order":0,"comment_status":"closed","ping_status":"closed","template":"","meta":{"footnotes":""},"class_list":["post-299","page","type-page","status-publish","hentry"],"_links":{"self":[{"href":"https:\/\/iiczagabria.esteri.it\/hr\/wp-json\/wp\/v2\/pages\/299","targetHints":{"allow":["GET"]}}],"collection":[{"href":"https:\/\/iiczagabria.esteri.it\/hr\/wp-json\/wp\/v2\/pages"}],"about":[{"href":"https:\/\/iiczagabria.esteri.it\/hr\/wp-json\/wp\/v2\/types\/page"}],"author":[{"embeddable":true,"href":"https:\/\/iiczagabria.esteri.it\/hr\/wp-json\/wp\/v2\/users\/5"}],"replies":[{"embeddable":true,"href":"https:\/\/iiczagabria.esteri.it\/hr\/wp-json\/wp\/v2\/comments?post=299"}],"version-history":[{"count":1,"href":"https:\/\/iiczagabria.esteri.it\/hr\/wp-json\/wp\/v2\/pages\/299\/revisions"}],"predecessor-version":[{"id":300,"href":"https:\/\/iiczagabria.esteri.it\/hr\/wp-json\/wp\/v2\/pages\/299\/revisions\/300"}],"up":[{"embeddable":true,"href":"https:\/\/iiczagabria.esteri.it\/hr\/wp-json\/wp\/v2\/pages\/104"}],"wp:attachment":[{"href":"https:\/\/iiczagabria.esteri.it\/hr\/wp-json\/wp\/v2\/media?parent=299"}],"curies":[{"name":"wp","href":"https:\/\/api.w.org\/{rel}","templated":true}]}}