{"id":314,"date":"2023-05-19T12:41:13","date_gmt":"2023-05-19T10:41:13","guid":{"rendered":"https:\/\/iiczagabria.esteri.it?page_id=314"},"modified":"2023-05-19T12:43:52","modified_gmt":"2023-05-19T10:43:52","slug":"predavaci-i-udzbenici","status":"publish","type":"page","link":"https:\/\/iiczagabria.esteri.it\/hr\/lingua-e-cultura\/i-corsi-di-lingua\/predavaci-i-udzbenici\/","title":{"rendered":"Predava\u010di i ud\u017ebenici"},"content":{"rendered":"<p><strong>Nastavnici &#8211; predava\u010di,<\/strong> odabrani od Talijanskog instituta za kulturu u Zagrebu, su profesori koji su izvorni govornici, ro\u0111eni i obrazovani u Italiji, s profesionalnim iskustvom te kvalificirani za predavanje talijanskog jezika strancima.<\/p>\n<p>&nbsp;<\/p>\n<p><strong>Literatura i didakti\u010dki materijali<\/strong><\/p>\n<p>1\u00ba L.Ziglio, G.Rizzo, Espresso 1, Alma Edizioni\/ C.Guastalla, C.M. Naddeo, Domani, Alma Edizioni<br \/>\n2\u00ba: L.Ziglio, G.Rizzo, Espresso 1, Alma Edizioni &#8211; M.Bali, G.Rizzo, Espresso 2, Alma Edizioni<br \/>\n3\u00ba: M.Bali, G.Rizzo, Espresso 2, Alma Edizioni<br \/>\n4\u00ba: M-Bali. L.Ziglio, Espresso 3, Alma Edizioni<\/p>\n","protected":false},"excerpt":{"rendered":"Nastavnici &#8211; predava\u010di, odabrani od Talijanskog instituta za kulturu u Zagrebu, su profesori koji su izvorni govornici, ro\u0111eni i obrazovani u Italiji, s profesionalnim iskustvom te kvalificirani za predavanje talijanskog jezika strancima. &nbsp; Literatura i didakti\u010dki materijali 1\u00ba L.Ziglio, G.Rizzo, Espresso 1, Alma Edizioni\/ C.Guastalla, C.M. Naddeo, Domani, Alma Edizioni 2\u00ba: L.Ziglio, G.Rizzo, Espresso 1, [&hellip;]","protected":false},"author":5,"featured_media":0,"parent":104,"menu_order":0,"comment_status":"closed","ping_status":"closed","template":"","meta":{"footnotes":""},"class_list":["post-314","page","type-page","status-publish","hentry"],"_links":{"self":[{"href":"https:\/\/iiczagabria.esteri.it\/hr\/wp-json\/wp\/v2\/pages\/314","targetHints":{"allow":["GET"]}}],"collection":[{"href":"https:\/\/iiczagabria.esteri.it\/hr\/wp-json\/wp\/v2\/pages"}],"about":[{"href":"https:\/\/iiczagabria.esteri.it\/hr\/wp-json\/wp\/v2\/types\/page"}],"author":[{"embeddable":true,"href":"https:\/\/iiczagabria.esteri.it\/hr\/wp-json\/wp\/v2\/users\/5"}],"replies":[{"embeddable":true,"href":"https:\/\/iiczagabria.esteri.it\/hr\/wp-json\/wp\/v2\/comments?post=314"}],"version-history":[{"count":1,"href":"https:\/\/iiczagabria.esteri.it\/hr\/wp-json\/wp\/v2\/pages\/314\/revisions"}],"predecessor-version":[{"id":315,"href":"https:\/\/iiczagabria.esteri.it\/hr\/wp-json\/wp\/v2\/pages\/314\/revisions\/315"}],"up":[{"embeddable":true,"href":"https:\/\/iiczagabria.esteri.it\/hr\/wp-json\/wp\/v2\/pages\/104"}],"wp:attachment":[{"href":"https:\/\/iiczagabria.esteri.it\/hr\/wp-json\/wp\/v2\/media?parent=314"}],"curies":[{"name":"wp","href":"https:\/\/api.w.org\/{rel}","templated":true}]}}