{"id":318,"date":"2023-05-19T13:57:47","date_gmt":"2023-05-19T11:57:47","guid":{"rendered":"https:\/\/iiczagabria.esteri.it?page_id=318"},"modified":"2023-05-19T14:02:56","modified_gmt":"2023-05-19T12:02:56","slug":"testiraj-svoje-znanje","status":"publish","type":"page","link":"https:\/\/iiczagabria.esteri.it\/hr\/lingua-e-cultura\/i-corsi-di-lingua\/testiraj-svoje-znanje\/","title":{"rendered":"Testiraj svoje znanje"},"content":{"rendered":"<p><strong>Koji je tvoj stupanj znanja talijanskog?<\/strong><\/p>\n<p>Ovaj vodi\u010d za samotestiranje ne zamjenjuje pristupni test znanja radi upisa na te\u010dajeve\u00a0koje organizira\u00a0na\u0161 institut u suradnji sa \u0161kolom ABC, nego je samo pomo\u0107 pri odre\u0111ivanju tvojeg stupnja poznavanja talijanskog jezika.<\/p>\n<p>Pa\u017eljivo analiziraj sposobnosti opisane u sljede\u0107oj tablici koju nudi <a href=\"https:\/\/www.coe.int\/en\/web\/portfolio\/self-assessment-grid\">Europska jezi\u010dna mapa Vije\u0107a Europe<\/a>.<\/p>\n","protected":false},"excerpt":{"rendered":"Koji je tvoj stupanj znanja talijanskog? Ovaj vodi\u010d za samotestiranje ne zamjenjuje pristupni test znanja radi upisa na te\u010dajeve\u00a0koje organizira\u00a0na\u0161 institut u suradnji sa \u0161kolom ABC, nego je samo pomo\u0107 pri odre\u0111ivanju tvojeg stupnja poznavanja talijanskog jezika. Pa\u017eljivo analiziraj sposobnosti opisane u sljede\u0107oj tablici koju nudi Europska jezi\u010dna mapa Vije\u0107a Europe.","protected":false},"author":5,"featured_media":0,"parent":104,"menu_order":3,"comment_status":"closed","ping_status":"closed","template":"","meta":{"footnotes":""},"class_list":["post-318","page","type-page","status-publish","hentry"],"_links":{"self":[{"href":"https:\/\/iiczagabria.esteri.it\/hr\/wp-json\/wp\/v2\/pages\/318","targetHints":{"allow":["GET"]}}],"collection":[{"href":"https:\/\/iiczagabria.esteri.it\/hr\/wp-json\/wp\/v2\/pages"}],"about":[{"href":"https:\/\/iiczagabria.esteri.it\/hr\/wp-json\/wp\/v2\/types\/page"}],"author":[{"embeddable":true,"href":"https:\/\/iiczagabria.esteri.it\/hr\/wp-json\/wp\/v2\/users\/5"}],"replies":[{"embeddable":true,"href":"https:\/\/iiczagabria.esteri.it\/hr\/wp-json\/wp\/v2\/comments?post=318"}],"version-history":[{"count":1,"href":"https:\/\/iiczagabria.esteri.it\/hr\/wp-json\/wp\/v2\/pages\/318\/revisions"}],"predecessor-version":[{"id":319,"href":"https:\/\/iiczagabria.esteri.it\/hr\/wp-json\/wp\/v2\/pages\/318\/revisions\/319"}],"up":[{"embeddable":true,"href":"https:\/\/iiczagabria.esteri.it\/hr\/wp-json\/wp\/v2\/pages\/104"}],"wp:attachment":[{"href":"https:\/\/iiczagabria.esteri.it\/hr\/wp-json\/wp\/v2\/media?parent=318"}],"curies":[{"name":"wp","href":"https:\/\/api.w.org\/{rel}","templated":true}]}}