{"id":370,"date":"2023-05-26T14:04:26","date_gmt":"2023-05-26T12:04:26","guid":{"rendered":"https:\/\/iiczagabria.esteri.it?page_id=370"},"modified":"2023-05-29T13:33:19","modified_gmt":"2023-05-29T11:33:19","slug":"prijedlozi-za-suradnju-vazna-obavijest","status":"publish","type":"page","link":"https:\/\/iiczagabria.esteri.it\/hr\/amministrazione-trasparente\/prijedlozi-za-suradnju-vazna-obavijest\/","title":{"rendered":"Prijedlozi za suradnju &#8211; va\u017ena obavijest"},"content":{"rendered":"<p>Prijedloge za kulturnu suradnju molimo poslati na:\u00a0<a href=\"mailto:iiczagabria@esteri.it\">iiczagabria@esteri.it<\/a> . Isklju\u010divo u slu\u010daju da smo zainteresirani za suradnju te da postoji mogu\u0107nost da va\u0161 prijedlog u\u0111e u na\u0161 godi\u0161nji plan i program obavezujemo se na odgovor.<\/p>\n","protected":false},"excerpt":{"rendered":"Prijedloge za kulturnu suradnju molimo poslati na:\u00a0iiczagabria@esteri.it . Isklju\u010divo u slu\u010daju da smo zainteresirani za suradnju te da postoji mogu\u0107nost da va\u0161 prijedlog u\u0111e u na\u0161 godi\u0161nji plan i program obavezujemo se na odgovor.","protected":false},"author":5,"featured_media":0,"parent":127,"menu_order":10,"comment_status":"closed","ping_status":"closed","template":"","meta":{"footnotes":""},"class_list":["post-370","page","type-page","status-publish","hentry"],"_links":{"self":[{"href":"https:\/\/iiczagabria.esteri.it\/hr\/wp-json\/wp\/v2\/pages\/370","targetHints":{"allow":["GET"]}}],"collection":[{"href":"https:\/\/iiczagabria.esteri.it\/hr\/wp-json\/wp\/v2\/pages"}],"about":[{"href":"https:\/\/iiczagabria.esteri.it\/hr\/wp-json\/wp\/v2\/types\/page"}],"author":[{"embeddable":true,"href":"https:\/\/iiczagabria.esteri.it\/hr\/wp-json\/wp\/v2\/users\/5"}],"replies":[{"embeddable":true,"href":"https:\/\/iiczagabria.esteri.it\/hr\/wp-json\/wp\/v2\/comments?post=370"}],"version-history":[{"count":1,"href":"https:\/\/iiczagabria.esteri.it\/hr\/wp-json\/wp\/v2\/pages\/370\/revisions"}],"predecessor-version":[{"id":371,"href":"https:\/\/iiczagabria.esteri.it\/hr\/wp-json\/wp\/v2\/pages\/370\/revisions\/371"}],"up":[{"embeddable":true,"href":"https:\/\/iiczagabria.esteri.it\/hr\/wp-json\/wp\/v2\/pages\/127"}],"wp:attachment":[{"href":"https:\/\/iiczagabria.esteri.it\/hr\/wp-json\/wp\/v2\/media?parent=370"}],"curies":[{"name":"wp","href":"https:\/\/api.w.org\/{rel}","templated":true}]}}