{"id":92,"date":"2023-04-03T20:29:59","date_gmt":"2023-04-03T18:29:59","guid":{"rendered":"https:\/\/iiczagabria.esteri.itchi-siamo\/"},"modified":"2024-02-09T14:04:42","modified_gmt":"2024-02-09T13:04:42","slug":"chi-siamo","status":"publish","type":"page","link":"https:\/\/iiczagabria.esteri.it\/hr\/chi-siamo\/","title":{"rendered":"O nama"},"content":{"rendered":"<p>Talijanski institut za kulturu u Zagrebu, slu\u017ebeno je predstavni\u0161tvo talijanske dr\u017eave sa zadatkom promoviranja i \u0161irenja talijanskog jezika i kulture u Hrvatskoj; organizira kulturne manifestacije kojima je cilj olak\u0161avanje razmjena ideja, umjetnosti i znanosti.<\/p>\n<p><strong>Usluge<\/strong><\/p>\n<p>Talijanski institut za kulturu\u00a0u Zagrebu nudi hrvatskoj publici slijede\u0107e usluge:<\/p>\n<ul>\n<li>u suradnji sa \u0160kolom ABC te\u010dajeve talijanskog jezika i kulture koje vode kvalificirani profesori, izvorni govornici;<\/li>\n<li>medijateku otvorenu svima za konzultacije i posudbu knjiga, cd-a, dvd-a, \u010dasopisa i dnevnog tiska, koje regulira \u00abLista usluga\u00bb;<\/li>\n<li>informacije o Italiji\u00a0iz podru\u010dja\u00a0kulture.<\/li>\n<\/ul>\n<p><strong>Suradnje<\/strong><br \/>\nPodsje\u0107amo na neke od institucija sa kojima Institut sura\u0111uje:<\/p>\n<p><strong>Glazba<br \/>\n<\/strong><br \/>\nKoncertna direkcija, KD \u00abVatroslav Lisisnki\u00bb, Dru\u0161tvo hrvatskih skladatelja, Glazbena Mlade\u017e, Festivali koji su organizirani na lokalnoj razini u Dubrovniku, Splitu, Zadru, Osoru, Puli, Rovinju, Umagu, Osijeku.<\/p>\n<p><strong>Vizualna umjetnost<\/strong><\/p>\n<p>Muzej za umjetnost i obrt \u2013 Zagreb, Arheolo\u0161ki muzej \u2013Zagreb, Muzej Mimara \u2013 Zagreb, Muzej Grada Zagreba, Galerija Klovi\u0107evi dvori \u2013 Zagreb, Povijesni muzej \u2013 Zagreb, Muzej suvremene umjetnosti \u2013 Zagreb, Muzej Arhitekture \u2013 Zagreb, Du\u017edeva pala\u010da \u2013 Dubrovnik, Galerija Moderne umjetnosti &#8211; Dubrovnik, Gradski muzej \u2013 \u0160ibenik, Gradska lo\u017ea \u2013 Zadar, Muzej grada Rijeke, Muzej moderne umjetnosti &#8211; Rijeka, Galerija Luka &#8211; Pula, Galerija Cvajner &#8211; Pula, Galerija Rigo \u2013 Novigrad.<\/p>\n<p>&nbsp;<\/p>\n<p><strong>Kazali\u0161te<\/strong><\/p>\n<p>HNK &#8211; Zagreb, HNK &#8211; Osijek, Teatar Burza &#8211; Dubrovnik, Teatar Marin Dr\u017ei\u0107 &#8211; Dubrovnik, HNK Split, HNK Ivan pl. Zajc &#8211; Rijeka, INK &#8211; Pula, Festival Zlatni Lav &#8211; Umag, Me\u0111unarodni festival mladih &#8211; Pula, Festival djeteta &#8211; \u0160ibenik, Ljetne igre &#8211; Dubrovnik, Me\u0111unarodni festival lutaka PIF \u2013 Zagreb, Eurokaz &#8211; Zagreb, Svjetski festival &#8211; Zagreb, Teatar &amp;TD &#8211; Zagreb, Tetar ZeKaeM &#8211; Zagreb, Talijanska drama &#8211; Rijeka.<\/p>\n<p><strong>Film<\/strong><\/p>\n<p>Centar za Film Hrvatskog filmskog saveza &#8211; Zagreb, Me\u0111unarodni filmski festival &#8211; Pula, Me\u0111unarodni festival Motovun, Svjetski festival animiranog filma &#8211; Zagreb. Festival novog filma &#8211; Split, Zagreb film festival.<\/p>\n","protected":false},"excerpt":{"rendered":"Talijanski institut za kulturu u Zagrebu, slu\u017ebeno je predstavni\u0161tvo talijanske dr\u017eave sa zadatkom promoviranja i \u0161irenja talijanskog jezika i kulture u Hrvatskoj; organizira kulturne manifestacije kojima je cilj olak\u0161avanje razmjena ideja, umjetnosti i znanosti. Usluge Talijanski institut za kulturu\u00a0u Zagrebu nudi hrvatskoj publici slijede\u0107e usluge: u suradnji sa \u0160kolom ABC te\u010dajeve talijanskog jezika i kulture [&hellip;]","protected":false},"author":1,"featured_media":0,"parent":0,"menu_order":2,"comment_status":"closed","ping_status":"closed","template":"","meta":{"footnotes":""},"class_list":["post-92","page","type-page","status-publish","hentry"],"_links":{"self":[{"href":"https:\/\/iiczagabria.esteri.it\/hr\/wp-json\/wp\/v2\/pages\/92","targetHints":{"allow":["GET"]}}],"collection":[{"href":"https:\/\/iiczagabria.esteri.it\/hr\/wp-json\/wp\/v2\/pages"}],"about":[{"href":"https:\/\/iiczagabria.esteri.it\/hr\/wp-json\/wp\/v2\/types\/page"}],"author":[{"embeddable":true,"href":"https:\/\/iiczagabria.esteri.it\/hr\/wp-json\/wp\/v2\/users\/1"}],"replies":[{"embeddable":true,"href":"https:\/\/iiczagabria.esteri.it\/hr\/wp-json\/wp\/v2\/comments?post=92"}],"version-history":[{"count":6,"href":"https:\/\/iiczagabria.esteri.it\/hr\/wp-json\/wp\/v2\/pages\/92\/revisions"}],"predecessor-version":[{"id":3448,"href":"https:\/\/iiczagabria.esteri.it\/hr\/wp-json\/wp\/v2\/pages\/92\/revisions\/3448"}],"wp:attachment":[{"href":"https:\/\/iiczagabria.esteri.it\/hr\/wp-json\/wp\/v2\/media?parent=92"}],"curies":[{"name":"wp","href":"https:\/\/api.w.org\/{rel}","templated":true}]}}