{"id":94,"date":"2023-04-03T20:31:30","date_gmt":"2023-04-03T18:31:30","guid":{"rendered":"https:\/\/iiczagabria.esteri.iteventi\/"},"modified":"2023-04-04T19:04:59","modified_gmt":"2023-04-04T17:04:59","slug":"gli_eventi","status":"publish","type":"page","link":"https:\/\/iiczagabria.esteri.it\/hr\/gli_eventi\/","title":{"rendered":"Doga\u0111anja"},"content":{"rendered":"        <div class=\"row\">\n\t\t\t<!-- Ricerca sedi post -->\n\t\t\t<div class=\"col-12 mt-4\">\n\t\t\t  <div class=\"callout callout-highlight note ricerca-esteri p-4\">\n                    <div class=\"callout-title\">\n                        <svg class=\"icon\">\n                            <use xlink:href=\"https:\/\/iiczagabria.esteri.it\/wp-content\/themes\/sedi-tema\/assets\/svg\/sprites.svg#it-search\"><\/use>\n                        <\/svg>Unesi parametre pretra\u017eivanja                    <\/div>\n                    <form id=\"searchFormPost\" name=\"form-search-post\" class=\"form-row align-items-center\" action=\"https:\/\/iiczagabria.esteri.it\/hr\/wp-json\/wp\/v2\/pages\/94\/\" method=\"GET\"> \n                        <!-- <div class=\"form-group pt-5\"> -->\n                            <!-- <input type=\"hidden\" id=\"lang\" name=\"lang\" value=\"\"> --> <!-- <\/div> -->\n\n                        <div class=\"it-datepicker-wrapper\">\n                            <div class=\"row\">\n                                <div class=\"form-group col-md-6\">\n                                    <label class=\"active\" for=\"date-init\">Od<\/label>\n                                    <input class=\"form-control\" name=\"date-init\" id=\"date-init\" type=\"date\" placeholder=\"gg\/mm\/aaaa\" value=\"\"lang=\"en-EN\">  \n                                <\/div>\n                                <div class=\"form-group col-md-6\">\n                                    <label class=\"active\" for=\"date-end\">Do<\/label>\n                                    <input class=\"form-control\" name=\"date-end\" id=\"date-end\" type=\"date\" placeholder=\"gg\/mm\/aaaa\" value=\"\">\n                                <\/div>\n                            <\/div>\n                        <\/div>\n                        <div class=\"form-group col-md-12 mt-3\">\n                            <label for=\"searchText\">Polje za slobodnu pretragu<\/label>\n                            <input type=\"text\" name=\"searchText\" class=\"form-control\" id=\"searchText\" value=\"\">\n                        <\/div>\n                        <div class=\"form-group col-md-4 offset-md-8 text-end\">\n                            <a href=\"https:\/\/iiczagabria.esteri.it\/hr\/gli_eventi\/\" title=\"Form reset\" id=\"resetImput\" class=\"btn btn-outline-primary btn-xs\">Reset<\/a>\n                            <button type=\"submit\" class=\"btn btn-primary btn-xs\">Prika\u017ei rezultate<\/button>\n                        <\/div>\n                    <\/form>\n\t\t\t\t<\/div>\n\t\t\t<\/div>\n\t\t<\/div>\n                    \n            <div class=\"row\">\n                            <div class=\"col-12 mt-3\">\n                <!--start card-->\n                <div class=\"card-wrapper card-space\">\n                    <div class=\"card card-bg card-big border-bottom-card\">\n                        <div class=\"card-body row\">\n                                                    <div class=\"col-sm-3\">\n                                <div class=\"img-responsive\">\n                                    <figure class=\"img-wrapper\">\n                                        <a href=\"https:\/\/iiczagabria.esteri.it\/hr\/gli_eventi\/calendario\/gli-etruschi-del-fiume-scomparso-volti-e-miti-dai-musei-di-chiusi-e-di-chianciano\/\" title=\"Pro\u010ditaj \u010dlanak: Etru\u0161\u010dani s nestale rijeke. Lica i mitovi iz muzeja u Chiusiju i Chiancianu\">\n                                                                                            <img loading=\"lazy\" decoding=\"async\" width=\"211\" height=\"300\" src=\"https:\/\/iiczagabria.esteri.it\/wp-content\/uploads\/2026\/02\/Etruscani_plakat-211x300.jpg\" srcset=\"https:\/\/iiczagabria.esteri.it\/wp-content\/uploads\/2026\/02\/Etruscani_plakat.jpg 637w, https:\/\/iiczagabria.esteri.it\/wp-content\/uploads\/2026\/02\/Etruscani_plakat-211x300.jpg 211w\" sizes=\"auto, (max-width: 637px) 100vw, 637px\"  title=\"Etru\u0161\u010dani_plakat\" alt=\"\" class=\"img-fluid\">\n                                                                                    <\/a>\n                                    <\/figure>\n                                <\/div>\n                            <\/div>\n                            <div class=\"col-sm-9\">\n                                                            <div class=\"category-top\">\n                                    <span class=\"fw-bold text-success\">U tijeku<\/span>                                                                        <span class=\"data\">\n                                        <svg class=\"icon icon-secondary\">\n                                            <use xlink:href=\"https:\/\/iiczagabria.esteri.it\/wp-content\/themes\/sedi-tema\/assets\/svg\/sprites.svg#it-calendar\"><\/use>\n                                        <\/svg> Pet o\u017eu 20 2026<svg class=\"icon icon-xs icon-secondary me-1 ms-1\"><use href=\"https:\/\/iiczagabria.esteri.it\/wp-content\/themes\/sedi-tema\/assets\/svg\/sprites.svg#it-arrow-right\"><\/use><\/svg>Sub srp 04 2026                                    <\/span>\n                                                                    <\/div>\n                            <h5 class=\"card-title big-heading text-uppercase\"><a class=\"text-body text-decoration-none\" href=\"https:\/\/iiczagabria.esteri.it\/hr\/gli_eventi\/calendario\/gli-etruschi-del-fiume-scomparso-volti-e-miti-dai-musei-di-chiusi-e-di-chianciano\/\" title=\"Etru\u0161\u010dani s nestale rijeke. Lica i mitovi iz muzeja u Chiusiju i Chiancianu\">Etru\u0161\u010dani s nestale rijeke. Lica i mitovi iz muzeja u Chiusiju i Chiancianu<\/a><\/h5>\n                            <p class=\"card-text\">\u201eOva se izlo\u017eba uklapa u ve\u0107 utemeljeni istra\u017eiva\u010dki pravac koji prou\u010dava etru\u0161\u010dansku civilizaciju u \u0161irem okviru mediteranskih i jadranskih odnosa, vra\u0107aju\u0107i punu pozornost dinamikama kulturne, gospodarske i simboli\u010dke razmjene koje su obilje\u017eile predrimsku Italiju\u2026 Upu\u0107ivanje na \u2018nestalu rijeku\u2019 iz naslova izlo\u017ebe priziva obilje\u017eje krajolika i etru\u0161\u010danske teritorijalne organizacije oko kojeg su se razvijali naseljeni\u010dki sustavi, [&hellip;]<\/p>\n                                <a title=\"Etru\u0161\u010dani s nestale rijeke. Lica i mitovi iz muzeja u Chiusiju i Chiancianu\" class=\"read-more\" href=\"https:\/\/iiczagabria.esteri.it\/hr\/gli_eventi\/calendario\/gli-etruschi-del-fiume-scomparso-volti-e-miti-dai-musei-di-chiusi-e-di-chianciano\/\">\n                                    <span class=\"text\">\u010citaj vi\u0161e<\/span>\n                                    <svg class=\"icon\">\n                                    <use xlink:href=\"https:\/\/iiczagabria.esteri.it\/wp-content\/themes\/sedi-tema\/assets\/svg\/sprites.svg#it-arrow-right\"><\/use>\n                                    <\/svg>\n                                <\/a>\n                                                        <\/div>\n                                                    <\/div>\n                    <\/div>\n                <\/div>\n                <!--end card-->\n                <\/div><!-- col-12 .mt-3-->\n                            <div class=\"col-12 mt-3\">\n                <!--start card-->\n                <div class=\"card-wrapper card-space\">\n                    <div class=\"card card-bg card-big border-bottom-card\">\n                        <div class=\"card-body row\">\n                                                    <div class=\"col-sm-3\">\n                                <div class=\"img-responsive\">\n                                    <figure class=\"img-wrapper\">\n                                        <a href=\"https:\/\/iiczagabria.esteri.it\/hr\/gli_eventi\/calendario\/29-festival-del-fumetto-di-zagabria\/\" title=\"Pro\u010ditaj \u010dlanak: 29. Me\u0111unarodni festival stripa\">\n                                                                                            <img loading=\"lazy\" decoding=\"async\" width=\"300\" height=\"300\" src=\"https:\/\/iiczagabria.esteri.it\/wp-content\/uploads\/2026\/03\/Michele_Rubini-300x300.jpg\" srcset=\"https:\/\/iiczagabria.esteri.it\/wp-content\/uploads\/2026\/03\/Michele_Rubini.jpg 1440w, https:\/\/iiczagabria.esteri.it\/wp-content\/uploads\/2026\/03\/Michele_Rubini-300x300.jpg 300w, https:\/\/iiczagabria.esteri.it\/wp-content\/uploads\/2026\/03\/Michele_Rubini-1024x1024.jpg 1024w, https:\/\/iiczagabria.esteri.it\/wp-content\/uploads\/2026\/03\/Michele_Rubini-150x150.jpg 150w, https:\/\/iiczagabria.esteri.it\/wp-content\/uploads\/2026\/03\/Michele_Rubini-768x768.jpg 768w\" sizes=\"auto, (max-width: 1440px) 100vw, 1440px\"  title=\"Michele_Rubini\" alt=\"\" class=\"img-fluid\">\n                                                                                    <\/a>\n                                    <\/figure>\n                                <\/div>\n                            <\/div>\n                            <div class=\"col-sm-9\">\n                                                            <div class=\"category-top\">\n                                    <span class=\"fw-bold text-success\">U tijeku<\/span>                                                                        <span class=\"data\">\n                                        <svg class=\"icon icon-secondary\">\n                                            <use xlink:href=\"https:\/\/iiczagabria.esteri.it\/wp-content\/themes\/sedi-tema\/assets\/svg\/sprites.svg#it-calendar\"><\/use>\n                                        <\/svg> Pet tra 17 2026<svg class=\"icon icon-xs icon-secondary me-1 ms-1\"><use href=\"https:\/\/iiczagabria.esteri.it\/wp-content\/themes\/sedi-tema\/assets\/svg\/sprites.svg#it-arrow-right\"><\/use><\/svg>Ned tra 19 2026                                    <\/span>\n                                                                    <\/div>\n                            <h5 class=\"card-title big-heading text-uppercase\"><a class=\"text-body text-decoration-none\" href=\"https:\/\/iiczagabria.esteri.it\/hr\/gli_eventi\/calendario\/29-festival-del-fumetto-di-zagabria\/\" title=\"29. Me\u0111unarodni festival stripa\">29. Me\u0111unarodni festival stripa<\/a><\/h5>\n                            <p class=\"card-text\">U suradnji s udrugom Crtani romani \u0161ou 29. Me\u0111unarodni festival stripa Sudjeluju talijanski strip autori: Michele Rubini i Giorgio Pontrelli Pozivamo vas na Meet&amp;greet susret u kojem sudjeluju Michele Rubini (Zagor, Dampyr, Tex Willer&#8230;)\u00a0\u00a0i Giorgio Pontrelli (Dylan Dog, Lucky Red&#8230;) koji \u0107e se odr\u017eati 17. travnja u 13.00 sati u Talijanskom institutu za kulturu Preobra\u017eenska [&hellip;]<\/p>\n                                <a title=\"29. Me\u0111unarodni festival stripa\" class=\"read-more\" href=\"https:\/\/iiczagabria.esteri.it\/hr\/gli_eventi\/calendario\/29-festival-del-fumetto-di-zagabria\/\">\n                                    <span class=\"text\">\u010citaj vi\u0161e<\/span>\n                                    <svg class=\"icon\">\n                                    <use xlink:href=\"https:\/\/iiczagabria.esteri.it\/wp-content\/themes\/sedi-tema\/assets\/svg\/sprites.svg#it-arrow-right\"><\/use>\n                                    <\/svg>\n                                <\/a>\n                                                        <\/div>\n                                                    <\/div>\n                    <\/div>\n                <\/div>\n                <!--end card-->\n                <\/div><!-- col-12 .mt-3-->\n                            <div class=\"col-12 mt-3\">\n                <!--start card-->\n                <div class=\"card-wrapper card-space\">\n                    <div class=\"card card-bg card-big border-bottom-card\">\n                        <div class=\"card-body row\">\n                                                    <div class=\"col-sm-3\">\n                                <div class=\"img-responsive\">\n                                    <figure class=\"img-wrapper\">\n                                        <a href=\"https:\/\/iiczagabria.esteri.it\/hr\/gli_eventi\/calendario\/translab-laboratorio-di-traduzione-letteraria-16\/\" title=\"Pro\u010ditaj \u010dlanak: Translab, laboratorij knji\u017eevnog prevo\u0111enja\">\n                                                                                            <img loading=\"lazy\" decoding=\"async\" width=\"300\" height=\"189\" src=\"https:\/\/iiczagabria.esteri.it\/wp-content\/uploads\/2025\/10\/translab-logo-1-300x189.jpg\" srcset=\"https:\/\/iiczagabria.esteri.it\/wp-content\/uploads\/2025\/10\/translab-logo-1.jpg 577w, https:\/\/iiczagabria.esteri.it\/wp-content\/uploads\/2025\/10\/translab-logo-1-300x189.jpg 300w\" sizes=\"auto, (max-width: 577px) 100vw, 577px\"  title=\"translab logo (1)\" alt=\"\" class=\"img-fluid\">\n                                                                                    <\/a>\n                                    <\/figure>\n                                <\/div>\n                            <\/div>\n                            <div class=\"col-sm-9\">\n                                                            <div class=\"category-top\">\n                                    <span class=\"fw-bold text-success\">U tijeku<\/span>                                                                        <span class=\"data\">\n                                        <svg class=\"icon icon-secondary\">\n                                            <use xlink:href=\"https:\/\/iiczagabria.esteri.it\/wp-content\/themes\/sedi-tema\/assets\/svg\/sprites.svg#it-calendar\"><\/use>\n                                        <\/svg> Pet tra 17 2026                                    <\/span>\n                                                                    <\/div>\n                            <h5 class=\"card-title big-heading text-uppercase\"><a class=\"text-body text-decoration-none\" href=\"https:\/\/iiczagabria.esteri.it\/hr\/gli_eventi\/calendario\/translab-laboratorio-di-traduzione-letteraria-16\/\" title=\"Translab, laboratorij knji\u017eevnog prevo\u0111enja\">Translab, laboratorij knji\u017eevnog prevo\u0111enja<\/a><\/h5>\n                            <p class=\"card-text\">s Katarinom Pen\u0111er petak 17. travnja 2026. od 10 do 15 sati Dru\u0161tvo hrvatskih knji\u017eevnih prevodilaca (DHKP), Sva\u010di\u0107ev trg 15, Zagreb u organizaciji Talijanskog instituta za kulturu Novi ciklus Translaba, laboratorija knji\u017eevnog prevo\u0111enja s talijanskog na hrvatski, po\u010dinje ovaj petak 17. travnja, ali na neki se na\u010din \u2013 nastavlja, jer \u0107emo i dalje prevoditi pripovjednu [&hellip;]<\/p>\n                                <a title=\"Translab, laboratorij knji\u017eevnog prevo\u0111enja\" class=\"read-more\" href=\"https:\/\/iiczagabria.esteri.it\/hr\/gli_eventi\/calendario\/translab-laboratorio-di-traduzione-letteraria-16\/\">\n                                    <span class=\"text\">\u010citaj vi\u0161e<\/span>\n                                    <svg class=\"icon\">\n                                    <use xlink:href=\"https:\/\/iiczagabria.esteri.it\/wp-content\/themes\/sedi-tema\/assets\/svg\/sprites.svg#it-arrow-right\"><\/use>\n                                    <\/svg>\n                                <\/a>\n                                                        <\/div>\n                                                    <\/div>\n                    <\/div>\n                <\/div>\n                <!--end card-->\n                <\/div><!-- col-12 .mt-3-->\n                            <div class=\"col-12 mt-3\">\n                <!--start card-->\n                <div class=\"card-wrapper card-space\">\n                    <div class=\"card card-bg card-big border-bottom-card\">\n                        <div class=\"card-body row\">\n                                                    <div class=\"col-sm-3\">\n                                <div class=\"img-responsive\">\n                                    <figure class=\"img-wrapper\">\n                                        <a href=\"https:\/\/iiczagabria.esteri.it\/hr\/gli_eventi\/calendario\/giornata-internazionale-del-libro\/\" title=\"Pro\u010ditaj \u010dlanak: Svjetski dan knjige\">\n                                                                                            <img loading=\"lazy\" decoding=\"async\" width=\"300\" height=\"180\" src=\"https:\/\/iiczagabria.esteri.it\/wp-content\/uploads\/2026\/03\/svjetski-dan-knjige-300x180.jpg\" srcset=\"https:\/\/iiczagabria.esteri.it\/wp-content\/uploads\/2026\/03\/svjetski-dan-knjige.jpg 850w, https:\/\/iiczagabria.esteri.it\/wp-content\/uploads\/2026\/03\/svjetski-dan-knjige-300x180.jpg 300w, https:\/\/iiczagabria.esteri.it\/wp-content\/uploads\/2026\/03\/svjetski-dan-knjige-768x462.jpg 768w\" sizes=\"auto, (max-width: 850px) 100vw, 850px\"  title=\"svjetski-dan-knjige\" alt=\"\" class=\"img-fluid\">\n                                                                                    <\/a>\n                                    <\/figure>\n                                <\/div>\n                            <\/div>\n                            <div class=\"col-sm-9\">\n                                                            <div class=\"category-top\">\n                                    <span class=\"fw-bold \"><\/span>                                                                        <span class=\"\">\n                                        <svg class=\"icon icon-secondary\">\n                                            <use xlink:href=\"https:\/\/iiczagabria.esteri.it\/wp-content\/themes\/sedi-tema\/assets\/svg\/sprites.svg#it-calendar\"><\/use>\n                                        <\/svg> \u010cet tra 23 2026                                    <\/span>\n                                                                    <\/div>\n                            <h5 class=\"card-title big-heading text-uppercase\"><a class=\"text-body text-decoration-none\" href=\"https:\/\/iiczagabria.esteri.it\/hr\/gli_eventi\/calendario\/giornata-internazionale-del-libro\/\" title=\"Svjetski dan knjige\">Svjetski dan knjige<\/a><\/h5>\n                            <p class=\"card-text\">U suradnji s EUNIC Clusterom Hrvatska U okviru Svjetskog dana knjige Javno \u010ditanje ulomaka iz talijanskih knjiga u hrvatskom prijevodu: &#8216;Dragi Pierpaolo&#8217; Dacie Maraini, &#8216;Tasmanija&#8217; Paola Giordana i &#8216;Alma&#8217; Federice Manzon<\/p>\n                                <a title=\"Svjetski dan knjige\" class=\"read-more\" href=\"https:\/\/iiczagabria.esteri.it\/hr\/gli_eventi\/calendario\/giornata-internazionale-del-libro\/\">\n                                    <span class=\"text\">\u010citaj vi\u0161e<\/span>\n                                    <svg class=\"icon\">\n                                    <use xlink:href=\"https:\/\/iiczagabria.esteri.it\/wp-content\/themes\/sedi-tema\/assets\/svg\/sprites.svg#it-arrow-right\"><\/use>\n                                    <\/svg>\n                                <\/a>\n                                                        <\/div>\n                                                    <\/div>\n                    <\/div>\n                <\/div>\n                <!--end card-->\n                <\/div><!-- col-12 .mt-3-->\n                            <div class=\"col-12 mt-3\">\n                <!--start card-->\n                <div class=\"card-wrapper card-space\">\n                    <div class=\"card card-bg card-big border-bottom-card\">\n                        <div class=\"card-body row\">\n                                                    <div class=\"col-sm-3\">\n                                <div class=\"img-responsive\">\n                                    <figure class=\"img-wrapper\">\n                                        <a href=\"https:\/\/iiczagabria.esteri.it\/hr\/gli_eventi\/calendario\/concerto-per-fisarmonica-di-renzo-ruggieri\/\" title=\"Pro\u010ditaj \u010dlanak: Renzo Ruggieri &#8211; koncert (harmonika)\">\n                                                                                            <img loading=\"lazy\" decoding=\"async\" width=\"300\" height=\"300\" src=\"https:\/\/iiczagabria.esteri.it\/wp-content\/uploads\/2026\/03\/Renzo_Ruggieri_concerto_Bari_2020-300x300.jpg\" srcset=\"https:\/\/iiczagabria.esteri.it\/wp-content\/uploads\/2026\/03\/Renzo_Ruggieri_concerto_Bari_2020.jpg 1000w, https:\/\/iiczagabria.esteri.it\/wp-content\/uploads\/2026\/03\/Renzo_Ruggieri_concerto_Bari_2020-300x300.jpg 300w, https:\/\/iiczagabria.esteri.it\/wp-content\/uploads\/2026\/03\/Renzo_Ruggieri_concerto_Bari_2020-150x150.jpg 150w, https:\/\/iiczagabria.esteri.it\/wp-content\/uploads\/2026\/03\/Renzo_Ruggieri_concerto_Bari_2020-768x768.jpg 768w\" sizes=\"auto, (max-width: 1000px) 100vw, 1000px\"  title=\"Renzo_Ruggieri_concerto_Bari_2020\" alt=\"\" class=\"img-fluid\">\n                                                                                    <\/a>\n                                    <\/figure>\n                                <\/div>\n                            <\/div>\n                            <div class=\"col-sm-9\">\n                                                            <div class=\"category-top\">\n                                    <span class=\"fw-bold \"><\/span>                                                                        <span class=\"\">\n                                        <svg class=\"icon icon-secondary\">\n                                            <use xlink:href=\"https:\/\/iiczagabria.esteri.it\/wp-content\/themes\/sedi-tema\/assets\/svg\/sprites.svg#it-calendar\"><\/use>\n                                        <\/svg> Pet tra 24 2026                                    <\/span>\n                                                                    <\/div>\n                            <h5 class=\"card-title big-heading text-uppercase\"><a class=\"text-body text-decoration-none\" href=\"https:\/\/iiczagabria.esteri.it\/hr\/gli_eventi\/calendario\/concerto-per-fisarmonica-di-renzo-ruggieri\/\" title=\"Renzo Ruggieri &#8211; koncert (harmonika)\">Renzo Ruggieri &#8211; koncert (harmonika)<\/a><\/h5>\n                            <p class=\"card-text\">U okviru Me\u0111unarodnog harmonika\u0161kog festivala Koncert za harmoniku Renza Ruggierija<\/p>\n                                <a title=\"Renzo Ruggieri &#8211; koncert (harmonika)\" class=\"read-more\" href=\"https:\/\/iiczagabria.esteri.it\/hr\/gli_eventi\/calendario\/concerto-per-fisarmonica-di-renzo-ruggieri\/\">\n                                    <span class=\"text\">\u010citaj vi\u0161e<\/span>\n                                    <svg class=\"icon\">\n                                    <use xlink:href=\"https:\/\/iiczagabria.esteri.it\/wp-content\/themes\/sedi-tema\/assets\/svg\/sprites.svg#it-arrow-right\"><\/use>\n                                    <\/svg>\n                                <\/a>\n                                                        <\/div>\n                                                    <\/div>\n                    <\/div>\n                <\/div>\n                <!--end card-->\n                <\/div><!-- col-12 .mt-3-->\n            \n            <div class=\"col-md-12 mt-4 pb-4\">\n                <nav class=\"navigation col-md-12\" aria-label=\"Navigation\">\n                    <h2 class=\"screen-reader-text visually-hidden\">Stranica br<\/h2>\n                    <div class=\"nav-links\">\n                                        <\/div>\n                <\/nav>\n            <\/div>   <!--.col-md-12 -->\n              <\/div><!--.row -->\n              \n","protected":false},"excerpt":{"rendered":"","protected":false},"author":1,"featured_media":0,"parent":0,"menu_order":6,"comment_status":"closed","ping_status":"closed","template":"","meta":{"footnotes":""},"class_list":["post-94","page","type-page","status-publish","hentry"],"_links":{"self":[{"href":"https:\/\/iiczagabria.esteri.it\/hr\/wp-json\/wp\/v2\/pages\/94","targetHints":{"allow":["GET"]}}],"collection":[{"href":"https:\/\/iiczagabria.esteri.it\/hr\/wp-json\/wp\/v2\/pages"}],"about":[{"href":"https:\/\/iiczagabria.esteri.it\/hr\/wp-json\/wp\/v2\/types\/page"}],"author":[{"embeddable":true,"href":"https:\/\/iiczagabria.esteri.it\/hr\/wp-json\/wp\/v2\/users\/1"}],"replies":[{"embeddable":true,"href":"https:\/\/iiczagabria.esteri.it\/hr\/wp-json\/wp\/v2\/comments?post=94"}],"version-history":[{"count":1,"href":"https:\/\/iiczagabria.esteri.it\/hr\/wp-json\/wp\/v2\/pages\/94\/revisions"}],"predecessor-version":[{"id":95,"href":"https:\/\/iiczagabria.esteri.it\/hr\/wp-json\/wp\/v2\/pages\/94\/revisions\/95"}],"wp:attachment":[{"href":"https:\/\/iiczagabria.esteri.it\/hr\/wp-json\/wp\/v2\/media?parent=94"}],"curies":[{"name":"wp","href":"https:\/\/api.w.org\/{rel}","templated":true}]}}