{"id":96,"date":"2023-04-03T20:30:34","date_gmt":"2023-04-03T18:30:34","guid":{"rendered":"https:\/\/iiczagabria.esteri.itlingua-e-cultura\/"},"modified":"2023-04-24T16:15:08","modified_gmt":"2023-04-24T14:15:08","slug":"lingua-e-cultura","status":"publish","type":"page","link":"https:\/\/iiczagabria.esteri.it\/hr\/lingua-e-cultura\/","title":{"rendered":"Jezik i kultura"},"content":{"rendered":"<p>Svake godine preko pola milijuna polaznika poha\u0111a te\u010dajeve talijanskog jezika izvan Italije, u svim zemljama u svijetu.<\/p>\n<p><span class=\"titoloNotizia\">Za\u0161to to rade?<br \/>\n<\/span><br \/>\n<strong>Talijanski jezik je jezik kulture.<\/strong> Znati ga zna\u010di imati pristup knji\u017eevnoj ba\u0161tini, koja je od temeljne va\u017enosti za povijest Europe, zna\u010dajnim humanisti\u010dkim i\u00a0znanstvenim tekstovima, kazali\u0161noj, muzi\u010dkoj, opernoj, kinematografskoj te televizijskoj talijanskoj produkciji.<\/p>\n<p><strong>Talijanski jezik je jezik u\u010denja.<\/strong> Mnogi su studenti koji se svake godine odlu\u010duju poha\u0111ati na\u0161e \u0161kole, fakultete, Akademije te biblioteke.<\/p>\n<p><strong>Talijanski jezik je poslovni jezik.<\/strong> Manageri, investitori, tehni\u010dari, obrtnici, radnici dolaze u kontakt sa industrijom, obrtni\u0161tvom i talijanskim uslu\u017enim djelatnostima koji prelaze granice na\u0161e zemlje.<\/p>\n<p><strong>Govore\u0107i talijanski<\/strong>, posjet na\u0161oj zemlji i njezinim ljubaznim, toplim i gostoljubivim ljudima postaje pravi u\u017eitak me\u0111u gradovima kulture i osobitostima prirode.<\/p>\n<p><span class=\"titoloCategoria\">Putem Talijanskog instituta za kulturu u Zagrebu mogu\u0107e je pristupiti ispitu za certifikat CILS.<br \/>\nIspiti se odr\u017eavaju dva puta godi\u0161nje (po\u010detkom lipnja i po\u010detkom prosinca).<\/span><\/p>\n","protected":false},"excerpt":{"rendered":"Svake godine preko pola milijuna polaznika poha\u0111a te\u010dajeve talijanskog jezika izvan Italije, u svim zemljama u svijetu. Za\u0161to to rade? Talijanski jezik je jezik kulture. Znati ga zna\u010di imati pristup knji\u017eevnoj ba\u0161tini, koja je od temeljne va\u017enosti za povijest Europe, zna\u010dajnim humanisti\u010dkim i\u00a0znanstvenim tekstovima, kazali\u0161noj, muzi\u010dkoj, opernoj, kinematografskoj te televizijskoj talijanskoj produkciji. Talijanski jezik je [&hellip;]","protected":false},"author":1,"featured_media":0,"parent":0,"menu_order":4,"comment_status":"closed","ping_status":"closed","template":"","meta":{"footnotes":""},"class_list":["post-96","page","type-page","status-publish","hentry"],"_links":{"self":[{"href":"https:\/\/iiczagabria.esteri.it\/hr\/wp-json\/wp\/v2\/pages\/96","targetHints":{"allow":["GET"]}}],"collection":[{"href":"https:\/\/iiczagabria.esteri.it\/hr\/wp-json\/wp\/v2\/pages"}],"about":[{"href":"https:\/\/iiczagabria.esteri.it\/hr\/wp-json\/wp\/v2\/types\/page"}],"author":[{"embeddable":true,"href":"https:\/\/iiczagabria.esteri.it\/hr\/wp-json\/wp\/v2\/users\/1"}],"replies":[{"embeddable":true,"href":"https:\/\/iiczagabria.esteri.it\/hr\/wp-json\/wp\/v2\/comments?post=96"}],"version-history":[{"count":2,"href":"https:\/\/iiczagabria.esteri.it\/hr\/wp-json\/wp\/v2\/pages\/96\/revisions"}],"predecessor-version":[{"id":227,"href":"https:\/\/iiczagabria.esteri.it\/hr\/wp-json\/wp\/v2\/pages\/96\/revisions\/227"}],"wp:attachment":[{"href":"https:\/\/iiczagabria.esteri.it\/hr\/wp-json\/wp\/v2\/media?parent=96"}],"curies":[{"name":"wp","href":"https:\/\/api.w.org\/{rel}","templated":true}]}}