{"id":15,"date":"2023-04-03T20:29:59","date_gmt":"2023-04-03T18:29:59","guid":{"rendered":"https:\/\/istitutobuenosaires.esteri.it\/?page_id=15"},"modified":"2024-09-17T11:09:34","modified_gmt":"2024-09-17T09:09:34","slug":"chi-siamo","status":"publish","type":"page","link":"https:\/\/iiczagabria.esteri.it\/it\/chi-siamo\/","title":{"rendered":"Chi siamo"},"content":{"rendered":"<p>L&#8217;Istituto Italiano di Cultura di Zagabria, organismo ufficiale dello Stato italiano, ha come obiettivo la promozione e la diffusione della lingua e della cultura italiana in Croazia organizzando tutti gli eventi culturali che favoriscano la circolazione delle idee, delle arti e delle scienze.<\/p>\n<p><span class=\"titoloNotizia\">Servizi<br \/>\n<\/span><br \/>\nL&#8217;Istituto Italiano di Cultura di Zagabria offre al pubblico croato i seguenti servizi:<br \/>\n\u00b7 in collaborazione con la Scuola ABC corsi di lingua e civilt\u00e0 italiana tenuti da docenti qualificati di madrelingua;<br \/>\n\u00b7 una Mediateca aperta a tutti per la consultazione e il cui prestito di libri, cd, dvd, riviste e giornali italiani, \u00e8 regolato secondo una \u201cCarta dei Servizi\u201d;<br \/>\n\u00b7 il servizio di informazione e documentazione sull\u2019Italia nei settori culturali.<\/p>\n<p><span class=\"titoloNotizia\">Collaborazioni<br \/>\n<\/span><br \/>\nTra gli interlocutori istituzionali con i quali l\u2019Istituto collabora stabilmente ricordiamo:<\/p>\n<p><span class=\"titoloNotizia\"><strong>Musica<\/strong><\/span><\/p>\n<p>Direzione dei concerti; Auditorium \u00abVatroslav Lisinski\u00bb; Societ\u00e0 dei compositori croati; Giovent\u00f9 musicale; Festival organizzati da comunit\u00e0 locali a Ragusa, Spalato, Zara, Osor, Pola, Rovigno, Umago, Osijek.<\/p>\n<p>&nbsp;<\/p>\n<p><strong><span class=\"titoloNotizia\">Arte<\/span><\/strong><\/p>\n<p>Museo dell&#8217;Arte e dell&#8217;Artigianato \u2013 Zagabria; Museo Archeologico \u2013 Zagabria; Museo Mimara &#8211; Zagabria; Museo della Citt\u00e0 di Zagebria; Galleria Klovi\u0107evi Dvori \u2013 Zagabria; Museo della Storia \u2013 Zagabria; Museo dell&#8217;Arte Contemporanea; Museo dell&#8217;Architettura \u2013 Zagabria; Palazzo dei Pretori di Dubrovnik; Galleria Moderna di Dubrovnik; Museo Civico di Sebenico; Loggia Cittadina di Zara; Museo della Citt\u00e0 di Fiume; Museo d\u2019Arte Moderna di Fiume; Galleria Luka di Pola; Galleria Cvajner di Pola; Galleria Rigo di Cittanova.<\/p>\n<p>&nbsp;<\/p>\n<p><strong><span class=\"titoloNotizia\">Teatro<\/span><\/strong><\/p>\n<p><span class=\"titoloNotizia\"><img decoding=\"async\" class=\"alignnone size-medium wp-image-140 img-fluid\" src=\"https:\/\/iiczagabria.esteri.itwp-content\/uploads\/2023\/04\/hnk.jpg\" alt=\"hnk\" width=\"500\" srcset=\"https:\/\/iiczagabria.esteri.it\/wp-content\/uploads\/2023\/04\/hnk.jpg 639w, https:\/\/iiczagabria.esteri.it\/wp-content\/uploads\/2023\/04\/hnk-300x200.jpg 300w\" sizes=\"(max-width: 639px) 100vw, 639px\" \/> <\/span><br \/>\nTeatro Nazionale Croato di Zagabria; Teatro Nazionale Croato di Osijek; Teatro Burza di Ragusa; Teatro Marin Dr\u017ei\u0107 di Ragusa; Teatro Nazionale Croato di Spalato; Teatro Nazionale Croato di Fiume; Teatro Popolare di Pola; Festival Leone d&#8217;Oro di Umago; Festival Internazionale del Teatro Giovanile di Pola; Festival del Bambino di Sebenico; Festival Eestivo di Ragusa, Festival delle Marionette \u2013 PIF di Zagabria; EUROKAZ di Zagabria; Festival Mondiale del Teatro di Zagabria; Teatro ITD di Zagabria; Teatro ZKM di Zagabria; Dramma Italiano del Teatro di Fiume.<\/p>\n<p>&nbsp;<\/p>\n<p><strong><span class=\"titoloNotizia\">Cinema<\/span><\/strong><\/p>\n<p>Centro per il Cinema della Societ\u00e0 Cinematografica di Zagabria; Festival Internazionale del Cinema di Pola; Festival Internazionale di Montona; Festival Mondiale del Cinema d&#8217;Animazione \u2013 Zagabria; Festival del Nuovo Cinema \u2013 Spalato, Zagreb film festival.<\/p>\n","protected":false},"excerpt":{"rendered":"L&#8217;Istituto Italiano di Cultura di Zagabria, organismo ufficiale dello Stato italiano, ha come obiettivo la promozione e la diffusione della lingua e della cultura italiana in Croazia organizzando tutti gli eventi culturali che favoriscano la circolazione delle idee, delle arti e delle scienze. Servizi L&#8217;Istituto Italiano di Cultura di Zagabria offre al pubblico croato i [&hellip;]","protected":false},"author":1,"featured_media":0,"parent":0,"menu_order":2,"comment_status":"closed","ping_status":"closed","template":"","meta":{"footnotes":""},"class_list":["post-15","page","type-page","status-publish","hentry"],"_links":{"self":[{"href":"https:\/\/iiczagabria.esteri.it\/it\/wp-json\/wp\/v2\/pages\/15","targetHints":{"allow":["GET"]}}],"collection":[{"href":"https:\/\/iiczagabria.esteri.it\/it\/wp-json\/wp\/v2\/pages"}],"about":[{"href":"https:\/\/iiczagabria.esteri.it\/it\/wp-json\/wp\/v2\/types\/page"}],"author":[{"embeddable":true,"href":"https:\/\/iiczagabria.esteri.it\/it\/wp-json\/wp\/v2\/users\/1"}],"replies":[{"embeddable":true,"href":"https:\/\/iiczagabria.esteri.it\/it\/wp-json\/wp\/v2\/comments?post=15"}],"version-history":[{"count":4,"href":"https:\/\/iiczagabria.esteri.it\/it\/wp-json\/wp\/v2\/pages\/15\/revisions"}],"predecessor-version":[{"id":3446,"href":"https:\/\/iiczagabria.esteri.it\/it\/wp-json\/wp\/v2\/pages\/15\/revisions\/3446"}],"wp:attachment":[{"href":"https:\/\/iiczagabria.esteri.it\/it\/wp-json\/wp\/v2\/media?parent=15"}],"curies":[{"name":"wp","href":"https:\/\/api.w.org\/{rel}","templated":true}]}}