{"id":17,"date":"2023-04-03T20:31:30","date_gmt":"2023-04-03T18:31:30","guid":{"rendered":"https:\/\/istitutobuenosaires.esteri.it\/?page_id=17"},"modified":"2023-04-04T19:05:48","modified_gmt":"2023-04-04T17:05:48","slug":"gli_eventi","status":"publish","type":"page","link":"https:\/\/iiczagabria.esteri.it\/it\/gli_eventi\/","title":{"rendered":"Eventi"},"content":{"rendered":"        <div class=\"row\">\n\t\t\t<!-- Ricerca sedi post -->\n\t\t\t<div class=\"col-12 mt-4\">\n\t\t\t  <div class=\"callout callout-highlight note ricerca-esteri p-4\">\n                    <div class=\"callout-title\">\n                        <svg class=\"icon\">\n                            <use xlink:href=\"https:\/\/iiczagabria.esteri.it\/wp-content\/themes\/sedi-tema\/assets\/svg\/sprites.svg#it-search\"><\/use>\n                        <\/svg>Inserisci i parametri di ricerca                    <\/div>\n                    <form id=\"searchFormPost\" name=\"form-search-post\" class=\"form-row align-items-center\" action=\"https:\/\/iiczagabria.esteri.it\/it\/wp-json\/wp\/v2\/pages\/17\/\" method=\"GET\"> \n                        <!-- <div class=\"form-group pt-5\"> -->\n                            <!-- <input type=\"hidden\" id=\"lang\" name=\"lang\" value=\"\"> --> <!-- <\/div> -->\n\n                        <div class=\"it-datepicker-wrapper\">\n                            <div class=\"row\">\n                                <div class=\"form-group col-md-6\">\n                                    <label class=\"active\" for=\"date-init\">Dal<\/label>\n                                    <input class=\"form-control\" name=\"date-init\" id=\"date-init\" type=\"date\" placeholder=\"gg\/mm\/aaaa\" value=\"\"lang=\"en-EN\">  \n                                <\/div>\n                                <div class=\"form-group col-md-6\">\n                                    <label class=\"active\" for=\"date-end\">Al<\/label>\n                                    <input class=\"form-control\" name=\"date-end\" id=\"date-end\" type=\"date\" placeholder=\"gg\/mm\/aaaa\" value=\"\">\n                                <\/div>\n                            <\/div>\n                        <\/div>\n                        <div class=\"form-group col-md-12 mt-3\">\n                            <label for=\"searchText\">Campo ricerca libera<\/label>\n                            <input type=\"text\" name=\"searchText\" class=\"form-control\" id=\"searchText\" value=\"\">\n                        <\/div>\n                        <div class=\"form-group col-md-4 offset-md-8 text-end\">\n                            <a href=\"https:\/\/iiczagabria.esteri.it\/it\/gli_eventi\/\" title=\"Form reset\" id=\"resetImput\" class=\"btn btn-outline-primary btn-xs\">Reset<\/a>\n                            <button type=\"submit\" class=\"btn btn-primary btn-xs\">Mostra risultati<\/button>\n                        <\/div>\n                    <\/form>\n\t\t\t\t<\/div>\n\t\t\t<\/div>\n\t\t<\/div>\n                    \n            <div class=\"row\">\n                            <div class=\"col-12 mt-3\">\n                <!--start card-->\n                <div class=\"card-wrapper card-space\">\n                    <div class=\"card card-bg card-big border-bottom-card\">\n                        <div class=\"card-body row\">\n                                                    <div class=\"col-sm-3\">\n                                <div class=\"img-responsive\">\n                                    <figure class=\"img-wrapper\">\n                                        <a href=\"https:\/\/iiczagabria.esteri.it\/it\/gli_eventi\/calendario\/gli-etruschi-del-fiume-scomparso-volti-e-miti-dai-musei-di-chiusi-e-di-chianciano\/\" title=\"Leggi l'articolo: Gli Etruschi del fiume scomparso &#8211; Volti e Miti dai Musei di Chiusi e di Chianciano\">\n                                                                                            <img loading=\"lazy\" decoding=\"async\" width=\"211\" height=\"300\" src=\"https:\/\/iiczagabria.esteri.it\/wp-content\/uploads\/2026\/02\/Etruscani_plakat-211x300.jpg\" srcset=\"https:\/\/iiczagabria.esteri.it\/wp-content\/uploads\/2026\/02\/Etruscani_plakat.jpg 637w, https:\/\/iiczagabria.esteri.it\/wp-content\/uploads\/2026\/02\/Etruscani_plakat-211x300.jpg 211w\" sizes=\"auto, (max-width: 637px) 100vw, 637px\"  title=\"Etru\u0161\u010dani_plakat\" alt=\"\" class=\"img-fluid\">\n                                                                                    <\/a>\n                                    <\/figure>\n                                <\/div>\n                            <\/div>\n                            <div class=\"col-sm-9\">\n                                                            <div class=\"category-top\">\n                                    <span class=\"fw-bold text-success\">In corso<\/span>                                                                        <span class=\"data\">\n                                        <svg class=\"icon icon-secondary\">\n                                            <use xlink:href=\"https:\/\/iiczagabria.esteri.it\/wp-content\/themes\/sedi-tema\/assets\/svg\/sprites.svg#it-calendar\"><\/use>\n                                        <\/svg> Ven 20 Mar 2026<svg class=\"icon icon-xs icon-secondary me-1 ms-1\"><use href=\"https:\/\/iiczagabria.esteri.it\/wp-content\/themes\/sedi-tema\/assets\/svg\/sprites.svg#it-arrow-right\"><\/use><\/svg>Sab 04 Lug 2026                                    <\/span>\n                                                                    <\/div>\n                            <h5 class=\"card-title big-heading text-uppercase\"><a class=\"text-body text-decoration-none\" href=\"https:\/\/iiczagabria.esteri.it\/it\/gli_eventi\/calendario\/gli-etruschi-del-fiume-scomparso-volti-e-miti-dai-musei-di-chiusi-e-di-chianciano\/\" title=\"Gli Etruschi del fiume scomparso &#8211; Volti e Miti dai Musei di Chiusi e di Chianciano\">Gli Etruschi del fiume scomparso &#8211; Volti e Miti dai Musei di Chiusi e di Chianciano<\/a><\/h5>\n                            <p class=\"card-text\">\u201cQuesta mostra si inserisce in un consolidato filone di ricerca che indaga la civilt\u00e0 etrusca nel pi\u00f9 ampio quadro dei rapporti mediterranei e adriatici, restituendo piena centralit\u00e0 alle dinamiche di scambio culturale, economico e simbolico che caratterizzarono l\u2019Italia preromana\u2026. Il riferimento al \u201cfiume scomparso\u201d del titolo della mostra richiama un elemento caratterizzante del paesaggio e [&hellip;]<\/p>\n                                <a title=\"Gli Etruschi del fiume scomparso &#8211; Volti e Miti dai Musei di Chiusi e di Chianciano\" class=\"read-more\" href=\"https:\/\/iiczagabria.esteri.it\/it\/gli_eventi\/calendario\/gli-etruschi-del-fiume-scomparso-volti-e-miti-dai-musei-di-chiusi-e-di-chianciano\/\">\n                                    <span class=\"text\">Leggi di pi\u00f9<\/span>\n                                    <svg class=\"icon\">\n                                    <use xlink:href=\"https:\/\/iiczagabria.esteri.it\/wp-content\/themes\/sedi-tema\/assets\/svg\/sprites.svg#it-arrow-right\"><\/use>\n                                    <\/svg>\n                                <\/a>\n                                                        <\/div>\n                                                    <\/div>\n                    <\/div>\n                <\/div>\n                <!--end card-->\n                <\/div><!-- col-12 .mt-3-->\n                            <div class=\"col-12 mt-3\">\n                <!--start card-->\n                <div class=\"card-wrapper card-space\">\n                    <div class=\"card card-bg card-big border-bottom-card\">\n                        <div class=\"card-body row\">\n                                                    <div class=\"col-sm-3\">\n                                <div class=\"img-responsive\">\n                                    <figure class=\"img-wrapper\">\n                                        <a href=\"https:\/\/iiczagabria.esteri.it\/it\/gli_eventi\/calendario\/29-festival-del-fumetto-di-zagabria\/\" title=\"Leggi l'articolo: 29\u00b0 Festival del fumetto di Zagabria\">\n                                                                                            <img loading=\"lazy\" decoding=\"async\" width=\"300\" height=\"300\" src=\"https:\/\/iiczagabria.esteri.it\/wp-content\/uploads\/2026\/03\/Michele_Rubini-300x300.jpg\" srcset=\"https:\/\/iiczagabria.esteri.it\/wp-content\/uploads\/2026\/03\/Michele_Rubini.jpg 1440w, https:\/\/iiczagabria.esteri.it\/wp-content\/uploads\/2026\/03\/Michele_Rubini-300x300.jpg 300w, https:\/\/iiczagabria.esteri.it\/wp-content\/uploads\/2026\/03\/Michele_Rubini-1024x1024.jpg 1024w, https:\/\/iiczagabria.esteri.it\/wp-content\/uploads\/2026\/03\/Michele_Rubini-150x150.jpg 150w, https:\/\/iiczagabria.esteri.it\/wp-content\/uploads\/2026\/03\/Michele_Rubini-768x768.jpg 768w\" sizes=\"auto, (max-width: 1440px) 100vw, 1440px\"  title=\"Michele_Rubini\" alt=\"\" class=\"img-fluid\">\n                                                                                    <\/a>\n                                    <\/figure>\n                                <\/div>\n                            <\/div>\n                            <div class=\"col-sm-9\">\n                                                            <div class=\"category-top\">\n                                    <span class=\"fw-bold text-success\">In corso<\/span>                                                                        <span class=\"data\">\n                                        <svg class=\"icon icon-secondary\">\n                                            <use xlink:href=\"https:\/\/iiczagabria.esteri.it\/wp-content\/themes\/sedi-tema\/assets\/svg\/sprites.svg#it-calendar\"><\/use>\n                                        <\/svg> Ven 17 Apr 2026<svg class=\"icon icon-xs icon-secondary me-1 ms-1\"><use href=\"https:\/\/iiczagabria.esteri.it\/wp-content\/themes\/sedi-tema\/assets\/svg\/sprites.svg#it-arrow-right\"><\/use><\/svg>Dom 19 Apr 2026                                    <\/span>\n                                                                    <\/div>\n                            <h5 class=\"card-title big-heading text-uppercase\"><a class=\"text-body text-decoration-none\" href=\"https:\/\/iiczagabria.esteri.it\/it\/gli_eventi\/calendario\/29-festival-del-fumetto-di-zagabria\/\" title=\"29\u00b0 Festival del fumetto di Zagabria\">29\u00b0 Festival del fumetto di Zagabria<\/a><\/h5>\n                            <p class=\"card-text\">In collaborazione con Crtani romani \u0161ou 29\u00b0 Festival del fumetto di Zagabria Partecipano gli illustratori italiani: Michele Rubini e Giorgio Pontrelli Vi invitiamo all&#8217;incontro Meet &amp; greet con Michele Rubini (Zagor, Dampyr, Tex Willer&#8230;) e Giorgio Pontrelli (Dylan Dog, Lucky Red&#8230;) che avr\u00e0 luogo il 17 aprile alle ore 13:00 presso l\u2019Istituto Italiano di Cultura [&hellip;]<\/p>\n                                <a title=\"29\u00b0 Festival del fumetto di Zagabria\" class=\"read-more\" href=\"https:\/\/iiczagabria.esteri.it\/it\/gli_eventi\/calendario\/29-festival-del-fumetto-di-zagabria\/\">\n                                    <span class=\"text\">Leggi di pi\u00f9<\/span>\n                                    <svg class=\"icon\">\n                                    <use xlink:href=\"https:\/\/iiczagabria.esteri.it\/wp-content\/themes\/sedi-tema\/assets\/svg\/sprites.svg#it-arrow-right\"><\/use>\n                                    <\/svg>\n                                <\/a>\n                                                        <\/div>\n                                                    <\/div>\n                    <\/div>\n                <\/div>\n                <!--end card-->\n                <\/div><!-- col-12 .mt-3-->\n                            <div class=\"col-12 mt-3\">\n                <!--start card-->\n                <div class=\"card-wrapper card-space\">\n                    <div class=\"card card-bg card-big border-bottom-card\">\n                        <div class=\"card-body row\">\n                                                    <div class=\"col-sm-3\">\n                                <div class=\"img-responsive\">\n                                    <figure class=\"img-wrapper\">\n                                        <a href=\"https:\/\/iiczagabria.esteri.it\/it\/gli_eventi\/calendario\/translab-laboratorio-di-traduzione-letteraria-16\/\" title=\"Leggi l'articolo: Translab, laboratorio di traduzione letteraria\">\n                                                                                            <img loading=\"lazy\" decoding=\"async\" width=\"300\" height=\"189\" src=\"https:\/\/iiczagabria.esteri.it\/wp-content\/uploads\/2025\/10\/translab-logo-1-300x189.jpg\" srcset=\"https:\/\/iiczagabria.esteri.it\/wp-content\/uploads\/2025\/10\/translab-logo-1.jpg 577w, https:\/\/iiczagabria.esteri.it\/wp-content\/uploads\/2025\/10\/translab-logo-1-300x189.jpg 300w\" sizes=\"auto, (max-width: 577px) 100vw, 577px\"  title=\"translab logo (1)\" alt=\"\" class=\"img-fluid\">\n                                                                                    <\/a>\n                                    <\/figure>\n                                <\/div>\n                            <\/div>\n                            <div class=\"col-sm-9\">\n                                                            <div class=\"category-top\">\n                                    <span class=\"fw-bold text-success\">In corso<\/span>                                                                        <span class=\"data\">\n                                        <svg class=\"icon icon-secondary\">\n                                            <use xlink:href=\"https:\/\/iiczagabria.esteri.it\/wp-content\/themes\/sedi-tema\/assets\/svg\/sprites.svg#it-calendar\"><\/use>\n                                        <\/svg> Ven 17 Apr 2026                                    <\/span>\n                                                                    <\/div>\n                            <h5 class=\"card-title big-heading text-uppercase\"><a class=\"text-body text-decoration-none\" href=\"https:\/\/iiczagabria.esteri.it\/it\/gli_eventi\/calendario\/translab-laboratorio-di-traduzione-letteraria-16\/\" title=\"Translab, laboratorio di traduzione letteraria\">Translab, laboratorio di traduzione letteraria<\/a><\/h5>\n                            <p class=\"card-text\">con Katarina Pen\u0111er venerd\u00ec 17 aprile 2026 dalle 10 alle 15 Associazione dei Traduttori Letterari Croati (DHKP), Sva\u010di\u0107ev trg 15, Zagabria organizzato dall\u2019Istituto Italiano di Cultura Il nuovo ciclo di Translab, laboratorio di traduzione letteraria dall\u2019italiano in croato, inizia questo venerd\u00ec 17 aprile, ma in un certo senso \u2013 continua, perch\u00e9 proseguiamo con la traduzione [&hellip;]<\/p>\n                                <a title=\"Translab, laboratorio di traduzione letteraria\" class=\"read-more\" href=\"https:\/\/iiczagabria.esteri.it\/it\/gli_eventi\/calendario\/translab-laboratorio-di-traduzione-letteraria-16\/\">\n                                    <span class=\"text\">Leggi di pi\u00f9<\/span>\n                                    <svg class=\"icon\">\n                                    <use xlink:href=\"https:\/\/iiczagabria.esteri.it\/wp-content\/themes\/sedi-tema\/assets\/svg\/sprites.svg#it-arrow-right\"><\/use>\n                                    <\/svg>\n                                <\/a>\n                                                        <\/div>\n                                                    <\/div>\n                    <\/div>\n                <\/div>\n                <!--end card-->\n                <\/div><!-- col-12 .mt-3-->\n                            <div class=\"col-12 mt-3\">\n                <!--start card-->\n                <div class=\"card-wrapper card-space\">\n                    <div class=\"card card-bg card-big border-bottom-card\">\n                        <div class=\"card-body row\">\n                                                    <div class=\"col-sm-3\">\n                                <div class=\"img-responsive\">\n                                    <figure class=\"img-wrapper\">\n                                        <a href=\"https:\/\/iiczagabria.esteri.it\/it\/gli_eventi\/calendario\/giornata-internazionale-del-libro\/\" title=\"Leggi l'articolo: Giornata internazionale del libro\">\n                                                                                            <img loading=\"lazy\" decoding=\"async\" width=\"300\" height=\"180\" src=\"https:\/\/iiczagabria.esteri.it\/wp-content\/uploads\/2026\/03\/svjetski-dan-knjige-300x180.jpg\" srcset=\"https:\/\/iiczagabria.esteri.it\/wp-content\/uploads\/2026\/03\/svjetski-dan-knjige.jpg 850w, https:\/\/iiczagabria.esteri.it\/wp-content\/uploads\/2026\/03\/svjetski-dan-knjige-300x180.jpg 300w, https:\/\/iiczagabria.esteri.it\/wp-content\/uploads\/2026\/03\/svjetski-dan-knjige-768x462.jpg 768w\" sizes=\"auto, (max-width: 850px) 100vw, 850px\"  title=\"svjetski-dan-knjige\" alt=\"\" class=\"img-fluid\">\n                                                                                    <\/a>\n                                    <\/figure>\n                                <\/div>\n                            <\/div>\n                            <div class=\"col-sm-9\">\n                                                            <div class=\"category-top\">\n                                    <span class=\"fw-bold \"><\/span>                                                                        <span class=\"\">\n                                        <svg class=\"icon icon-secondary\">\n                                            <use xlink:href=\"https:\/\/iiczagabria.esteri.it\/wp-content\/themes\/sedi-tema\/assets\/svg\/sprites.svg#it-calendar\"><\/use>\n                                        <\/svg> Gio 23 Apr 2026                                    <\/span>\n                                                                    <\/div>\n                            <h5 class=\"card-title big-heading text-uppercase\"><a class=\"text-body text-decoration-none\" href=\"https:\/\/iiczagabria.esteri.it\/it\/gli_eventi\/calendario\/giornata-internazionale-del-libro\/\" title=\"Giornata internazionale del libro\">Giornata internazionale del libro<\/a><\/h5>\n                            <p class=\"card-text\">In collaborazione con EUNIC Cluster Croazia Nell&#8217;ambito della Giornata internazionale del libro Pubblica lettura di brani tratti dai libri italiani, in traduzione croata, &#8216;Caro Pierpaolo&#8217; di Dacia Maraini, &#8216;Tasmania&#8217; di Paolo Giordano e &#8216;Alma&#8217; di Federica Manzon<\/p>\n                                <a title=\"Giornata internazionale del libro\" class=\"read-more\" href=\"https:\/\/iiczagabria.esteri.it\/it\/gli_eventi\/calendario\/giornata-internazionale-del-libro\/\">\n                                    <span class=\"text\">Leggi di pi\u00f9<\/span>\n                                    <svg class=\"icon\">\n                                    <use xlink:href=\"https:\/\/iiczagabria.esteri.it\/wp-content\/themes\/sedi-tema\/assets\/svg\/sprites.svg#it-arrow-right\"><\/use>\n                                    <\/svg>\n                                <\/a>\n                                                        <\/div>\n                                                    <\/div>\n                    <\/div>\n                <\/div>\n                <!--end card-->\n                <\/div><!-- col-12 .mt-3-->\n                            <div class=\"col-12 mt-3\">\n                <!--start card-->\n                <div class=\"card-wrapper card-space\">\n                    <div class=\"card card-bg card-big border-bottom-card\">\n                        <div class=\"card-body row\">\n                                                    <div class=\"col-sm-3\">\n                                <div class=\"img-responsive\">\n                                    <figure class=\"img-wrapper\">\n                                        <a href=\"https:\/\/iiczagabria.esteri.it\/it\/gli_eventi\/calendario\/concerto-per-fisarmonica-di-renzo-ruggieri\/\" title=\"Leggi l'articolo: Concerto per fisarmonica di Renzo Ruggieri\">\n                                                                                            <img loading=\"lazy\" decoding=\"async\" width=\"300\" height=\"300\" src=\"https:\/\/iiczagabria.esteri.it\/wp-content\/uploads\/2026\/03\/Renzo_Ruggieri_concerto_Bari_2020-300x300.jpg\" srcset=\"https:\/\/iiczagabria.esteri.it\/wp-content\/uploads\/2026\/03\/Renzo_Ruggieri_concerto_Bari_2020.jpg 1000w, https:\/\/iiczagabria.esteri.it\/wp-content\/uploads\/2026\/03\/Renzo_Ruggieri_concerto_Bari_2020-300x300.jpg 300w, https:\/\/iiczagabria.esteri.it\/wp-content\/uploads\/2026\/03\/Renzo_Ruggieri_concerto_Bari_2020-150x150.jpg 150w, https:\/\/iiczagabria.esteri.it\/wp-content\/uploads\/2026\/03\/Renzo_Ruggieri_concerto_Bari_2020-768x768.jpg 768w\" sizes=\"auto, (max-width: 1000px) 100vw, 1000px\"  title=\"Renzo_Ruggieri_concerto_Bari_2020\" alt=\"\" class=\"img-fluid\">\n                                                                                    <\/a>\n                                    <\/figure>\n                                <\/div>\n                            <\/div>\n                            <div class=\"col-sm-9\">\n                                                            <div class=\"category-top\">\n                                    <span class=\"fw-bold \"><\/span>                                                                        <span class=\"\">\n                                        <svg class=\"icon icon-secondary\">\n                                            <use xlink:href=\"https:\/\/iiczagabria.esteri.it\/wp-content\/themes\/sedi-tema\/assets\/svg\/sprites.svg#it-calendar\"><\/use>\n                                        <\/svg> Ven 24 Apr 2026                                    <\/span>\n                                                                    <\/div>\n                            <h5 class=\"card-title big-heading text-uppercase\"><a class=\"text-body text-decoration-none\" href=\"https:\/\/iiczagabria.esteri.it\/it\/gli_eventi\/calendario\/concerto-per-fisarmonica-di-renzo-ruggieri\/\" title=\"Concerto per fisarmonica di Renzo Ruggieri\">Concerto per fisarmonica di Renzo Ruggieri<\/a><\/h5>\n                            <p class=\"card-text\">Nell&#8217;ambito del Festival internazionale della fisarmonica Concerto per fisarmonica di Renzo Ruggieri<\/p>\n                                <a title=\"Concerto per fisarmonica di Renzo Ruggieri\" class=\"read-more\" href=\"https:\/\/iiczagabria.esteri.it\/it\/gli_eventi\/calendario\/concerto-per-fisarmonica-di-renzo-ruggieri\/\">\n                                    <span class=\"text\">Leggi di pi\u00f9<\/span>\n                                    <svg class=\"icon\">\n                                    <use xlink:href=\"https:\/\/iiczagabria.esteri.it\/wp-content\/themes\/sedi-tema\/assets\/svg\/sprites.svg#it-arrow-right\"><\/use>\n                                    <\/svg>\n                                <\/a>\n                                                        <\/div>\n                                                    <\/div>\n                    <\/div>\n                <\/div>\n                <!--end card-->\n                <\/div><!-- col-12 .mt-3-->\n            \n            <div class=\"col-md-12 mt-4 pb-4\">\n                <nav class=\"navigation col-md-12\" aria-label=\"Navigation\">\n                    <h2 class=\"screen-reader-text visually-hidden\">Paginazione<\/h2>\n                    <div class=\"nav-links\">\n                                        <\/div>\n                <\/nav>\n            <\/div>   <!--.col-md-12 -->\n              <\/div><!--.row -->\n              \n","protected":false},"excerpt":{"rendered":"","protected":false},"author":1,"featured_media":0,"parent":0,"menu_order":6,"comment_status":"closed","ping_status":"closed","template":"","meta":{"footnotes":""},"class_list":["post-17","page","type-page","status-publish","hentry"],"_links":{"self":[{"href":"https:\/\/iiczagabria.esteri.it\/it\/wp-json\/wp\/v2\/pages\/17","targetHints":{"allow":["GET"]}}],"collection":[{"href":"https:\/\/iiczagabria.esteri.it\/it\/wp-json\/wp\/v2\/pages"}],"about":[{"href":"https:\/\/iiczagabria.esteri.it\/it\/wp-json\/wp\/v2\/types\/page"}],"author":[{"embeddable":true,"href":"https:\/\/iiczagabria.esteri.it\/it\/wp-json\/wp\/v2\/users\/1"}],"replies":[{"embeddable":true,"href":"https:\/\/iiczagabria.esteri.it\/it\/wp-json\/wp\/v2\/comments?post=17"}],"version-history":[{"count":1,"href":"https:\/\/iiczagabria.esteri.it\/it\/wp-json\/wp\/v2\/pages\/17\/revisions"}],"predecessor-version":[{"id":21,"href":"https:\/\/iiczagabria.esteri.it\/it\/wp-json\/wp\/v2\/pages\/17\/revisions\/21"}],"wp:attachment":[{"href":"https:\/\/iiczagabria.esteri.it\/it\/wp-json\/wp\/v2\/media?parent=17"}],"curies":[{"name":"wp","href":"https:\/\/api.w.org\/{rel}","templated":true}]}}