{"id":269,"date":"2023-05-19T10:18:49","date_gmt":"2023-05-19T08:18:49","guid":{"rendered":"https:\/\/iiczagabria.esteri.it?page_id=269"},"modified":"2026-04-01T15:38:16","modified_gmt":"2026-04-01T13:38:16","slug":"le-borse-dellistituto","status":"publish","type":"page","link":"https:\/\/iiczagabria.esteri.it\/it\/lingua-e-cultura\/borse-di-studio\/le-borse-dellistituto\/","title":{"rendered":"Le Borse dell&#8217;Istituto"},"content":{"rendered":"<p><a href=\"https:\/\/iiczagabria.esteri.it\/wp-content\/uploads\/2026\/04\/convocazioni-2026.doc\">CONVOCAZIONE PER L&#8217;ASSEGNAZIONE DELLE BORSE DI STUDIO &gt;&gt;&gt;<\/a><\/p>\n<p>Informazioni sulle borse di studio per corsi di lingua italiana in Italia:<\/p>\n<p><strong>CONTRIBUTI DI STUDIO 2026 &#8211; ammissioni dal 2 al 27 marzo 2026.<\/strong><br \/>\n(offerti da scuole di lingua italiana in Italia)<\/p>\n<p>L\u2019Istituto Italiano di Cultura di Zagabria, in collaborazione con numerose scuole di lingua in Italia, mette a disposizione delle agevolazioni per corsi di italiano della durata di 2, 3 o 4 settimane, usufruibili durante tutto il corso dell&#8217;anno e che coprono parzialmente i costi di un corso di italiano standard (in generale <strong>il 50%<\/strong> del costo totale del corso) e sono rivolti a:<\/p>\n<p>1) studenti universitari regolarmente iscritti ad ogni tipo di corso presso tutte le Facolt\u00e0 dell&#8217;Universit\u00e0 di Zagabria;<br \/>\n2) coloro che frequentano i corsi di lingua italiana organizzati dall&#8217;Istituto Italiano di Cultura in collaborazione con la scuola ABC (si prega di rivolgersi direttamente alla referente prof.ssa Silvia Venchiarutti);<br \/>\n3) tutti coloro che sono interessati ad approfondire lo studio della lingua italiana.<\/p>\n<p>Si precisa che le <span style=\"text-decoration: underline;\">spese di viaggio, vitto e alloggio sono totalmente a carico dello studente.<\/span><br \/>\nPer fruire di tali facilitazioni, gli interessati devono presentare:<br \/>\na.<a href=\"https:\/\/iiczagabria.esteri.it\/wp-content\/uploads\/2024\/02\/modulodomandaitcro2017.doc\" target=\"_blank\" rel=\"noopener\"> una domanda &gt;&gt;&gt;<\/a> in lingua italiana o croata dattiloscritta;<br \/>\nb. un <a href=\"https:\/\/iiczagabria.esteri.it\/wp-content\/uploads\/2026\/03\/Modulo-CV-BS-2026.doc\" target=\"_blank\" rel=\"noopener\">modulo &gt;&gt;&gt;<\/a>, scaricabile dal sito web dell&#8217;Istituto, debitamente compilato;<br \/>\nc. la fotocopia di un documento che attesti l&#8217;iscrizione all&#8217;Universit\u00e0 nell&#8217;anno accademico 2024-2025 (solo per gli studenti).<\/p>\n<p>I dossier di iscrizione possono essere inoltrati via posta, via e-mail o consegnati a mano all&#8217;Istituto Italiano di Cultura, Preobra\u017eenska 4, Zagabria,<br \/>\ndurante gli orari di apertura della segreteria: luned\u00ec &#8211; giovedi&#8217; ore 9-16, venerdi&#8217; ore 9-14, entro venerd\u00ec <strong>27 marzo 2026<\/strong>.<\/p>\n<p>La documentazione giunta in ritardo o incompleta non sar\u00e0 presa in considerazione. A tal fine far\u00e0 fede il timbro postale. Verr\u00e0 data priorit\u00e0 a studenti che non hanno precedentemente beneficiato di borse o contributi da parte dell&#8217;IIC.<\/p>\n<p>Per l\u2019invio delle domande ed eventuali informazioni: <a href=\"mailto:segreteria.iiczagabria@esteri.it\">segreteria.iiczagabria@esteri.it<\/a><\/p>\n<p>Gli aspiranti beneficiari che avranno regolarmente inviato il dossier di iscrizione, verranno convocati presso l&#8217;Istituto Italiano di Cultura entro il mese di aprile per un colloquio. Il calendario delle convocazioni sar\u00e0 pubblicato esclusivamente sul sito web dell&#8217;Istituto, che gli aspiranti beneficiari sono pregati pertanto di controllare a partire dal <strong>31 marzo 2026.<\/strong><\/p>\n<p>Agli studenti che accatteranno il contributo di studio, verr\u00e0 richiesto di espletare una serie di formalit\u00e0 utili all&#8217;iscrizione al corso entro 2 settimane dalla convocazione. Il non rispetto di tale termine determiner\u00e0 l&#8217;esclusione dal contributo.<\/p>\n<p>A partire dal momento dell\u2019effettiva iscrizione i rapporti saranno diretti tra scuola in Italia e gli studenti.<\/p>\n<p>Si ricorda infine che:<\/p>\n<p>\u2022 Gli studenti dell&#8217;Universit\u00e0 di Zara potranno rivolgersi alla dott.ssa Ana Bukvi\u0107, Universit\u00e0 di Zara, Dipartimento di Italianistica &#8211; Obala kralja Petra Kre\u0161imira IV.br 2, 23000 Zadar &#8211; tel. 023 200 719, email: <a href=\"mailto:abukvic@unizd.hr\">abukvic@unizd.hr<\/a><\/p>\n<p>\u2022 Gli studenti di italianistica e di Storia dell&#8217;Arte dell&#8217;Universit\u00e0 di Spalato potranno rivolgersi alla dott.ssa Monica Priante, Facolta&#8217; di filosofia di Spalato, Dipartimento di Italianistica, Polji\u010dka cesta 35, 21000 Split &#8211; tel. 021\/545-584 email: <a href=\"mailto:mpriante@ffst.hr\">mpriante@ffst.hr<\/a><\/p>\n<p>\u2022 Gli studenti dell&#8217;Universit\u00e0 di Pola potranno rivolgersi alla dott.ssa Ariana Br\u017eenda, Universit\u00e0 Juraj Dobrila di Pola &#8211; Dipartimento di Italianistica, Negrijeva 6, 52100 Pola &#8211; tel: 052 877-436, email: <a href=\"mailto:bferro@unipu.hr\">ariana.brzenda@unipu.hr<\/a><\/p>\n<p>\u2022 Gli studenti dell&#8217;Universit\u00e0 di Fiume potranno rivolgersi alla prof.ssa Corinna Gerbaz-Giuliano, Universit\u00e0 di Fiume \u2013 Facolta&#8217; di filosofia, Dipartimento di lingua e letteratura italiana, Sveu\u010dili\u0161na avenija 4, 51000 Rijeka \u2013 tel. 051 265-784, email: <a href=\"mailto:cggiuliano@ffri.hr\">cggiuliano@ffri.hr<\/a><\/p>\n","protected":false},"excerpt":{"rendered":"CONVOCAZIONE PER L&#8217;ASSEGNAZIONE DELLE BORSE DI STUDIO &gt;&gt;&gt; Informazioni sulle borse di studio per corsi di lingua italiana in Italia: CONTRIBUTI DI STUDIO 2026 &#8211; ammissioni dal 2 al 27 marzo 2026. (offerti da scuole di lingua italiana in Italia) L\u2019Istituto Italiano di Cultura di Zagabria, in collaborazione con numerose scuole di lingua in Italia, [&hellip;]","protected":false},"author":5,"featured_media":0,"parent":43,"menu_order":0,"comment_status":"closed","ping_status":"closed","template":"","meta":{"footnotes":""},"class_list":["post-269","page","type-page","status-publish","hentry"],"_links":{"self":[{"href":"https:\/\/iiczagabria.esteri.it\/it\/wp-json\/wp\/v2\/pages\/269","targetHints":{"allow":["GET"]}}],"collection":[{"href":"https:\/\/iiczagabria.esteri.it\/it\/wp-json\/wp\/v2\/pages"}],"about":[{"href":"https:\/\/iiczagabria.esteri.it\/it\/wp-json\/wp\/v2\/types\/page"}],"author":[{"embeddable":true,"href":"https:\/\/iiczagabria.esteri.it\/it\/wp-json\/wp\/v2\/users\/5"}],"replies":[{"embeddable":true,"href":"https:\/\/iiczagabria.esteri.it\/it\/wp-json\/wp\/v2\/comments?post=269"}],"version-history":[{"count":7,"href":"https:\/\/iiczagabria.esteri.it\/it\/wp-json\/wp\/v2\/pages\/269\/revisions"}],"predecessor-version":[{"id":11042,"href":"https:\/\/iiczagabria.esteri.it\/it\/wp-json\/wp\/v2\/pages\/269\/revisions\/11042"}],"up":[{"embeddable":true,"href":"https:\/\/iiczagabria.esteri.it\/it\/wp-json\/wp\/v2\/pages\/43"}],"wp:attachment":[{"href":"https:\/\/iiczagabria.esteri.it\/it\/wp-json\/wp\/v2\/media?parent=269"}],"curies":[{"name":"wp","href":"https:\/\/api.w.org\/{rel}","templated":true}]}}