{"id":39,"date":"2023-04-03T20:54:50","date_gmt":"2023-04-03T18:54:50","guid":{"rendered":"https:\/\/istitutobuenosaires.esteri.it\/?page_id=39"},"modified":"2024-02-26T16:26:42","modified_gmt":"2024-02-26T15:26:42","slug":"il-personale","status":"publish","type":"page","link":"https:\/\/iiczagabria.esteri.it\/it\/chi-siamo\/il-personale\/","title":{"rendered":"Il personale"},"content":{"rendered":"<table class=\"tableRed\" style=\"width: 572px; height: 519px;\" border=\"0\" cellspacing=\"1\" cellpadding=\"0\">\n<tbody>\n<tr>\n<td class=\"tableRed\" valign=\"top\" width=\"463\" height=\"103\"><strong><span class=\"titoloRosso\"><strong>Direzione<br \/>\nGian Luca Borghese<br \/>\n<\/strong><\/span><\/strong><a href=\"mailto:direttore.iiczagabria@esteri.it\">direttore.iiczagabria@esteri.it<\/a><\/td>\n<\/tr>\n<tr>\n<td class=\"tableRed\" valign=\"top\" width=\"463\" height=\"103\"><span class=\"titoloRosso\">Promozione Culturale: Eventi esterni<br \/>\n<strong>Petra \u0160varc<\/strong><br \/>\n<a href=\"mailto:eventi.iiczagabria@esteri.it\">eventi.iiczagabria@esteri.it<\/a><br \/>\n<\/span><\/td>\n<\/tr>\n<tr valign=\"top\">\n<td class=\"tableRed\" valign=\"top\" width=\"463\" height=\"103\"><span class=\"titoloRosso\">Promozione Culturale: Eventi esterni &#8211; Contributi alla traduzione<\/span><br \/>\n<strong>Ru\u017eica Babi\u0107<\/strong><br \/>\n<a href=\"mailto:editoria.iiczagabria@esteri.it\">editoria.iiczagabria@esteri.it<\/a><\/td>\n<\/tr>\n<tr>\n<td class=\"tableRed\" valign=\"top\" width=\"463\" height=\"103\"><span class=\"titoloRosso\">Amministrazione e Contabilit\u00e0, Promozione della Lingua<br \/>\n<\/span><strong>Kristina Kovili\u0107<br \/>\n<\/strong><a href=\"mailto:amministrazione.iiczagabria@esteri.it\">amministrazione.iiczagabria@esteri.it<\/a><\/td>\n<\/tr>\n<tr>\n<td class=\"tableRed\" valign=\"top\" width=\"463\" height=\"103\"><span class=\"titoloRosso\">Segreteria, Webmaster, Borse di studio<br \/>\n<\/span><strong>Nino Kucan<br \/>\n<\/strong><a href=\"mailto:segreteria.iiczagabria@esteri.it\">segreteria.iiczagabria@esteri.it<\/a><\/td>\n<\/tr>\n<\/tbody>\n<\/table>\n","protected":false},"excerpt":{"rendered":"Direzione Gian Luca Borghese direttore.iiczagabria@esteri.it Promozione Culturale: Eventi esterni Petra \u0160varc eventi.iiczagabria@esteri.it Promozione Culturale: Eventi esterni &#8211; Contributi alla traduzione Ru\u017eica Babi\u0107 editoria.iiczagabria@esteri.it Amministrazione e Contabilit\u00e0, Promozione della Lingua Kristina Kovili\u0107 amministrazione.iiczagabria@esteri.it Segreteria, Webmaster, Borse di studio Nino Kucan segreteria.iiczagabria@esteri.it","protected":false},"author":1,"featured_media":0,"parent":15,"menu_order":0,"comment_status":"closed","ping_status":"closed","template":"","meta":{"footnotes":""},"class_list":["post-39","page","type-page","status-publish","hentry"],"_links":{"self":[{"href":"https:\/\/iiczagabria.esteri.it\/it\/wp-json\/wp\/v2\/pages\/39","targetHints":{"allow":["GET"]}}],"collection":[{"href":"https:\/\/iiczagabria.esteri.it\/it\/wp-json\/wp\/v2\/pages"}],"about":[{"href":"https:\/\/iiczagabria.esteri.it\/it\/wp-json\/wp\/v2\/types\/page"}],"author":[{"embeddable":true,"href":"https:\/\/iiczagabria.esteri.it\/it\/wp-json\/wp\/v2\/users\/1"}],"replies":[{"embeddable":true,"href":"https:\/\/iiczagabria.esteri.it\/it\/wp-json\/wp\/v2\/comments?post=39"}],"version-history":[{"count":6,"href":"https:\/\/iiczagabria.esteri.it\/it\/wp-json\/wp\/v2\/pages\/39\/revisions"}],"predecessor-version":[{"id":3984,"href":"https:\/\/iiczagabria.esteri.it\/it\/wp-json\/wp\/v2\/pages\/39\/revisions\/3984"}],"up":[{"embeddable":true,"href":"https:\/\/iiczagabria.esteri.it\/it\/wp-json\/wp\/v2\/pages\/15"}],"wp:attachment":[{"href":"https:\/\/iiczagabria.esteri.it\/it\/wp-json\/wp\/v2\/media?parent=39"}],"curies":[{"name":"wp","href":"https:\/\/api.w.org\/{rel}","templated":true}]}}