{"id":390,"date":"2023-09-06T17:12:13","date_gmt":"2023-09-06T15:12:13","guid":{"rendered":"https:\/\/iiczagabria.esteri.it?page_id=390"},"modified":"2025-06-16T16:11:36","modified_gmt":"2025-06-16T14:11:36","slug":"contributi-per-visite-di-ricercatori","status":"publish","type":"page","link":"https:\/\/iiczagabria.esteri.it\/it\/amministrazione-trasparente\/bandi-di-concorso\/contributi-per-visite-di-ricercatori\/","title":{"rendered":"Contributi per visite di ricercatori"},"content":{"rendered":"<h3><span style=\"color: #ff0000;\">N.B. I fondi disponibili per l&#8217;anno 2025 sono esauriti.<\/span><\/h3>\n<h1 style=\"text-align: center;\">Contributi per visite di ricercatori, docenti, esperti, personalit\u00e0 della cultura e operatori culturali<\/h1>\n<p style=\"text-align: center;\"><strong><u>RICHIEDENTI ITALIANI E STRANIERI<\/u><\/strong><\/p>\n<div>\n<p><strong>Chi pu\u00f2 richiedere il contributo?<\/strong><\/p>\n<p>&#8211; Ricercatori, docenti, esperti, personalit\u00e0 e operatori culturali stranieri e italiani residenti all\u2019estero invitati a trascorrere un periodo di permanenza presso istituzioni universitarie o culturali italiane per ragioni di studio o di ricerca;<\/p>\n<p>&#8211; Ricercatori, docenti, esperti, personalit\u00e0 e operatori culturali italiani e stranieri residenti in Italia da almeno due anni invitati a trascorrere un periodo di permanenza presso istituzioni universitarie o culturali straniere per ragioni di studio o di ricerca.<\/p>\n<p><strong><br \/>\nA quanto ammonta il contributo?<\/strong><\/p>\n<p>Il contributo consiste in un importo forfettario giornaliero onnicomprensivo per un massimo di 10 giorni, di cui 250 euro al giorno per permanenze fino a 5 giorni pi\u00f9 50 euro al giorno dal sesto fino al decimo giorno di permanenza all\u2019estero o in Italia, per un valore di massimo 1.500 euro a missione. Al fine di incentivare la cooperazione con alcuni Paesi strategici e lontani in termini geografici e i cui costi di trasporto risultano essere pi\u00f9 onerosi, quali i Paesi dell\u2019Asia, dell\u2019Africa e delle Americhe, sono previsti dei contributi pari a 350 euro al giorno per permanenze fino a 5 giorni pi\u00f9 250 euro al giorno dal sesto fino al decimo giorno nella misura massima di 3.000 euro a beneficiario. L\u2019Amministrazione si riserva di modificare la lista delle suddette aree.<\/p>\n<p>Ai fini del conteggio, sono da includere solo i giorni di effettivo svolgimento di attivit\u00e0 culturali e\/o di ricerca.<\/p>\n<p>&nbsp;<\/p>\n<p><strong>A chi inviare la domanda?<\/strong><\/p>\n<p>La domanda va presentata all\u2019Istituto Italiano di Cultura (indirizzo e-mail: <a href=\"mailto:editoria.iiczagabria@esteri.it\">editoria.iiczagabria@esteri.it<\/a>) e all\u2019Unit\u00e0 di Coordinamento per gli IIC (indirizzo e-mail: <a href=\"mailto:dgdp.unic.cap2619@esteri.it\">dgdp.unic.cap2619@esteri.it<\/a>).<\/p>\n<p><strong><br \/>\nQuali documenti deve includere la domanda?<br \/>\n<\/strong>La domanda deve includere i seguenti documenti:<\/p>\n<table>\n<tbody>\n<tr>\n<td width=\"66\"><strong>All. 1<\/strong><\/td>\n<td width=\"576\">Dichiarazione sostitutiva di certificazione (v. sotto)<\/td>\n<\/tr>\n<tr>\n<td width=\"66\"><strong>All. 2<\/strong><\/td>\n<td width=\"576\">Lettera dell\u2019istituzione universitaria o culturale italiana con cui si \u00e8 stati invitati a soggiornare in Italia<\/td>\n<\/tr>\n<tr>\n<td width=\"66\"><strong>All. 3<\/strong><\/td>\n<td width=\"576\">Lettera di accettazione dell\u2019invito<\/td>\n<\/tr>\n<tr>\n<td width=\"66\"><strong>All. 4<\/strong><\/td>\n<td width=\"576\">Curriculum vitae<\/td>\n<\/tr>\n<tr>\n<td width=\"66\"><strong>All. 5<\/strong><\/td>\n<td width=\"576\">Copia di un documento di identit\u00e0 in corso di validit\u00e0<\/td>\n<\/tr>\n<tr>\n<td width=\"66\"><strong>All. 6<\/strong><\/td>\n<td width=\"576\">Informativa sul trattamento dei dati personali firmata per accettazione (v. sotto)<\/td>\n<\/tr>\n<tr>\n<td width=\"66\"><strong>All. 7<\/strong><\/td>\n<td width=\"576\">Modulo contenente i dati anagrafici e le coordinate bancarie del beneficiario, da redigere e inviare <u>esclusivamente in formato Word<\/u>. Non saranno accettati documenti salvati in altri formati (v. sotto)<\/td>\n<\/tr>\n<tr>\n<td width=\"66\"><strong>All.8<\/strong><\/td>\n<td width=\"576\">Certificato di permanenza rilasciato dall\u2019Ente ospitante<\/td>\n<\/tr>\n<tr>\n<td width=\"66\"><strong>All. 9<\/strong><\/td>\n<td width=\"576\">Eventuale ulteriore documentazione utile<\/td>\n<\/tr>\n<\/tbody>\n<\/table>\n<p>&nbsp;<\/p>\n<p><strong><u>Come viene erogato il contributo?<\/u><\/strong><\/p>\n<p>I contributi saranno erogati tramite bonifico sul conto bancario dell&#8217;interessato.<\/p>\n<p><strong>\u00c8 necessario redigere una relazione finale?<\/strong><\/p>\n<p>I beneficiari del contributo dovranno inviare all&#8217;Istituto Italiano di Cultura di Zagabria una relazione sull\u2019attivit\u00e0 svolta in Italia.<\/p>\n<p>Le domande &#8211; corredate dalla necessaria documentazione comprensiva della relazione finale di avvenuta missione dovranno pervenire a questa Sede entro e non oltre il\u00a0<strong>31 luglio 2025.<\/strong><\/p>\n<p>Il contributo \u00e8 ammissibile per tutte le attivit\u00e0 che decorrono dal 1\u00b0 gennaio al 15 novembre 2025. Si segnala che non sar\u00e0 possibile prevedere l\u2019erogazione di contributi per missioni che avranno luogo oltre tale data.<\/p>\n<p><strong>\u00a0<\/strong><\/p>\n<p>&nbsp;<\/p>\n<p><a href=\"https:\/\/iiczagabria.esteri.it\/wp-content\/uploads\/2024\/03\/Modulo-per-richiedenti-italiani-e-stranieri-e-allegati.docx\">Modulo-per-richiedenti-italiani e stranieri e allegati &gt;&gt;&gt;<\/a><\/p>\n<p>&nbsp;<\/p>\n<\/div>\n","protected":false},"excerpt":{"rendered":"N.B. I fondi disponibili per l&#8217;anno 2025 sono esauriti. Contributi per visite di ricercatori, docenti, esperti, personalit\u00e0 della cultura e operatori culturali RICHIEDENTI ITALIANI E STRANIERI Chi pu\u00f2 richiedere il contributo? &#8211; Ricercatori, docenti, esperti, personalit\u00e0 e operatori culturali stranieri e italiani residenti all\u2019estero invitati a trascorrere un periodo di permanenza presso istituzioni universitarie o [&hellip;]","protected":false},"author":5,"featured_media":0,"parent":338,"menu_order":0,"comment_status":"closed","ping_status":"closed","template":"","meta":{"footnotes":""},"class_list":["post-390","page","type-page","status-publish","hentry"],"_links":{"self":[{"href":"https:\/\/iiczagabria.esteri.it\/it\/wp-json\/wp\/v2\/pages\/390","targetHints":{"allow":["GET"]}}],"collection":[{"href":"https:\/\/iiczagabria.esteri.it\/it\/wp-json\/wp\/v2\/pages"}],"about":[{"href":"https:\/\/iiczagabria.esteri.it\/it\/wp-json\/wp\/v2\/types\/page"}],"author":[{"embeddable":true,"href":"https:\/\/iiczagabria.esteri.it\/it\/wp-json\/wp\/v2\/users\/5"}],"replies":[{"embeddable":true,"href":"https:\/\/iiczagabria.esteri.it\/it\/wp-json\/wp\/v2\/comments?post=390"}],"version-history":[{"count":6,"href":"https:\/\/iiczagabria.esteri.it\/it\/wp-json\/wp\/v2\/pages\/390\/revisions"}],"predecessor-version":[{"id":8515,"href":"https:\/\/iiczagabria.esteri.it\/it\/wp-json\/wp\/v2\/pages\/390\/revisions\/8515"}],"up":[{"embeddable":true,"href":"https:\/\/iiczagabria.esteri.it\/it\/wp-json\/wp\/v2\/pages\/338"}],"wp:attachment":[{"href":"https:\/\/iiczagabria.esteri.it\/it\/wp-json\/wp\/v2\/media?parent=390"}],"curies":[{"name":"wp","href":"https:\/\/api.w.org\/{rel}","templated":true}]}}