{"id":41,"date":"2023-04-03T20:55:21","date_gmt":"2023-04-03T18:55:21","guid":{"rendered":"https:\/\/istitutobuenosaires.esteri.it\/?page_id=41"},"modified":"2024-02-20T18:59:35","modified_gmt":"2024-02-20T17:59:35","slug":"contatti","status":"publish","type":"page","link":"https:\/\/iiczagabria.esteri.it\/it\/chi-siamo\/contatti\/","title":{"rendered":"Contatti"},"content":{"rendered":"<p><img loading=\"lazy\" decoding=\"async\" class=\"alignnone size-medium wp-image-151 img-fluid\" src=\"https:\/\/iiczagabria.esteri.itwp-content\/uploads\/2023\/04\/iic-logo-colore-zagabria-300x200.jpg\" alt=\"IIC logo colore Zagabria\" width=\"300\" height=\"200\" srcset=\"https:\/\/iiczagabria.esteri.it\/wp-content\/uploads\/2023\/04\/iic-logo-colore-zagabria-300x200.jpg 300w, https:\/\/iiczagabria.esteri.it\/wp-content\/uploads\/2023\/04\/iic-logo-colore-zagabria-768x512.jpg 768w, https:\/\/iiczagabria.esteri.it\/wp-content\/uploads\/2023\/04\/iic-logo-colore-zagabria.jpg 886w\" sizes=\"auto, (max-width: 300px) 100vw, 300px\" \/><\/p>\n<p><em><strong>Istituto Italiano di Cultura a Zagabria<\/strong><\/em><br \/>\nPreobra\u017eenska 4, 10000 Zagabria &#8211; Croazia<br \/>\n<strong>OIB: 64852374392<\/strong><br \/>\nTelefono: <strong>385 1 4830208\/9<\/strong>; Fax: 385 1 4830207<br \/>\n<a href=\"mailto:segreteria.iiczagabria@esteri.it\">segreteria.iiczagabria@esteri.it<\/a><br \/>\n<a href=\"mailto:iiczagabria@esteri.it\">iiczagabria@esteri.it<\/a><\/p>\n<p><span class=\"titoloRosso\">Orario degli uffici, della\u00a0biblioteca-mediateca e della sala di lettura<br \/>\n<\/span><br \/>\n<span style=\"text-decoration: underline;\"><strong>Uffici<\/strong><\/span><br \/>\nluned\u00ed, marted\u00ec, gioved\u00ec: 9 &#8211; 16,30<br \/>\nmercoled\u00ec: 9 &#8211; 17,30<br \/>\nvenerd\u00ec: 9 &#8211; 14<\/p>\n<p><strong>ORARIO BIBLIOTECA E MEDIATECA e SALA DI LETTURA<\/strong><br \/>\nluned\u00ed, marted\u00ec, gioved\u00ec:\u00a012 &#8211; 16<br \/>\nmercoled\u00ec: 12 &#8211; 17,30<\/p>\n<p>Per esigenze particolari vi preghiamo di contattare la biblioteca via mail: <a href=\"mailto:biblioteca.iiczagabria@esteri.it\">biblioteca.iiczagabria@esteri.it<\/a><br \/>\ntelefono della Biblioteca: 385 1 4830203<br \/>\n<span class=\"titoloRosso\"><br \/>\nCalendario delle festivit\u00e0:<br \/>\n<\/span><\/p>\n<ul>\n<li>01\/01\/ Capodanno<\/li>\n<li>06\/01\/ Epifania<\/li>\n<li>Lunedi dell\u2019Angelo<\/li>\n<li>25\/04\/ Anniversario della Liberazione<\/li>\n<li>01\/05\/ Festa del Lavoro<\/li>\n<li>02\/06\/ Festa della Repubblica Italiana<\/li>\n<li>25\/06\/ Festa Nazionale Croata<\/li>\n<li>15\/08\/ Assunzione<\/li>\n<li>01\/11\/ Ognissanti<\/li>\n<li>25\/12\/ Natale<\/li>\n<li>26\/12\/ Santo Stefano<\/li>\n<\/ul>\n<p>&nbsp;<\/p>\n","protected":false},"excerpt":{"rendered":"Istituto Italiano di Cultura a Zagabria Preobra\u017eenska 4, 10000 Zagabria &#8211; Croazia OIB: 64852374392 Telefono: 385 1 4830208\/9; Fax: 385 1 4830207 segreteria.iiczagabria@esteri.it iiczagabria@esteri.it Orario degli uffici, della\u00a0biblioteca-mediateca e della sala di lettura Uffici luned\u00ed, marted\u00ec, gioved\u00ec: 9 &#8211; 16,30 mercoled\u00ec: 9 &#8211; 17,30 venerd\u00ec: 9 &#8211; 14 ORARIO BIBLIOTECA E MEDIATECA e SALA DI [&hellip;]","protected":false},"author":1,"featured_media":0,"parent":15,"menu_order":4,"comment_status":"closed","ping_status":"closed","template":"","meta":{"footnotes":""},"class_list":["post-41","page","type-page","status-publish","hentry"],"_links":{"self":[{"href":"https:\/\/iiczagabria.esteri.it\/it\/wp-json\/wp\/v2\/pages\/41","targetHints":{"allow":["GET"]}}],"collection":[{"href":"https:\/\/iiczagabria.esteri.it\/it\/wp-json\/wp\/v2\/pages"}],"about":[{"href":"https:\/\/iiczagabria.esteri.it\/it\/wp-json\/wp\/v2\/types\/page"}],"author":[{"embeddable":true,"href":"https:\/\/iiczagabria.esteri.it\/it\/wp-json\/wp\/v2\/users\/1"}],"replies":[{"embeddable":true,"href":"https:\/\/iiczagabria.esteri.it\/it\/wp-json\/wp\/v2\/comments?post=41"}],"version-history":[{"count":5,"href":"https:\/\/iiczagabria.esteri.it\/it\/wp-json\/wp\/v2\/pages\/41\/revisions"}],"predecessor-version":[{"id":3834,"href":"https:\/\/iiczagabria.esteri.it\/it\/wp-json\/wp\/v2\/pages\/41\/revisions\/3834"}],"up":[{"embeddable":true,"href":"https:\/\/iiczagabria.esteri.it\/it\/wp-json\/wp\/v2\/pages\/15"}],"wp:attachment":[{"href":"https:\/\/iiczagabria.esteri.it\/it\/wp-json\/wp\/v2\/media?parent=41"}],"curies":[{"name":"wp","href":"https:\/\/api.w.org\/{rel}","templated":true}]}}