{"id":46,"date":"2023-04-03T20:56:47","date_gmt":"2023-04-03T18:56:47","guid":{"rendered":"https:\/\/istitutobuenosaires.esteri.it\/?page_id=46"},"modified":"2024-10-16T09:25:09","modified_gmt":"2024-10-16T07:25:09","slug":"biblioteca","status":"publish","type":"page","link":"https:\/\/iiczagabria.esteri.it\/it\/lingua-e-cultura\/biblioteca\/","title":{"rendered":"Biblioteca"},"content":{"rendered":"<p class=\"AlignCenter\">[\u2026] <em>Rimasto solo, Valeriano Balicci, dopo aver raccattato a tentoni il libro che la signorina aveva scagliato a terra, cadde a sedere su la poltrona; apr\u00ed il libro, carezz\u00f2 con le mani tremolanti le pagine gualcite; poi v&#8217;immerse la faccia e rest\u00f2 l\u00ed a lungo, assorto nella visione di Trondhjem con la sua cattedrale di marmo, col cimitero accanto, a cui i devoti ogni sabato sera recano offerte di fiori freschi &#8211; cos\u00ed, cos\u00ed com&#8217;era detto l\u00e0. &#8211; Non si doveva toccare. Il freddo, la neve, quei fiori freschi, e l&#8217;ombra azzurra della cattedrale. &#8211; Niente l\u00ed si doveva toccare. Era cos\u00ed, e basta. Il suo mondo. Il suo mondo di carta. Tutto il suo mondo.<br \/>\n<\/em><span class=\"titoloNotizia\">[Luigi Pirandello, Mondo di carta] <\/span><\/p>\n<p><span class=\"titoloCategoria\">Mediateca Istituto Italiano di Cultura<br \/>\nZagabria<br \/>\nCarta dei servizi<br \/>\n<\/span><\/p>\n<p>Art. 1<br \/>\nLa Mediateca e la Sala di Lettura dell&#8217;IIC di Zagabria sono aperte a tutti.<\/p>\n<p>Art.2<br \/>\nIl catalogo della mediateca \u00e8 consultabile on line al sito <a href=\"https:\/\/iic.infoteca.it\/zagabria\/ricerca\/semplice\">https:\/\/iic.infoteca.it\/zagabria\/ricerca\/semplice<\/a>, accessibile anche dal sitoweb dell&#8217;Istituto.<\/p>\n<p>Art. 3<br \/>\nL&#8217;orario di apertura \u00e8 reso noto tramite affissione nell&#8217;IIC e pubblicazione sul sito web dell&#8217;Istituto: <a href=\"https:\/\/iiczagabria.esteri.it\/it\/chi-siamo\/contatti\/\">https:\/\/iiczagabria.esteri.it\/it\/chi-siamo\/contatti\/<\/a><\/p>\n<p>Art. 4<br \/>\nTutti gli iscritti della mediateca possono consultare le opere che vi sono custodite, la stampa periodica e quotidiana alla quale l&#8217;IIC \u00e8 abbonato ed usufruire dei servizi in funzione, tra i quali la postazione internet appositamente allestita.<\/p>\n<p>Art. 5<br \/>\nL&#8217;Istituto non offre un servizio di fotocopie. Le fotocopie dei testi non sono consentite.<\/p>\n<p>Art. 6<br \/>\nPer accedere al prestito dei libri, dei cd-rom, dei dvd e consultare la stampa in abbonamento, occorre iscriversi alla mediateca.<\/p>\n<p>Art. 7<br \/>\nIl periodo di validit\u00e0 dell&#8217;iscrizione \u00e8 fissato in un anno solare<br \/>\na partire dalla data di sottoscrizione della richiesta di iscrizione.<br \/>\nLa mediateca \u00e8 chiusa per la pausa estive durante tutto il mese di agosto e nelle festivit\u00e0 civili e religiose, italiane e croate, specificate dal calendario annualmente stabilito dall&#8217;Ambasciata d&#8217;Italia a Zagabria e reso noto tramite affissione nella sala di lettura e pubblicazione sul sito web dell&#8217;Istituto.<\/p>\n<p>Art. 8<br \/>\nLa quota annuale di iscrizione \u00e8 pari a 15 \u20ac.<br \/>\nHanno diritto ad una riduzione del 50%, previa presentazione di adeguata documentazione, le seguenti categorie di utenti:<br \/>\n\u2022 Minori di anni 18<br \/>\n\u2022 Pensionati<br \/>\n\u2022 Iscritti ai corsi di lingua italiana organizzati, in collaborazione con l&#8217;Istituto, dalla scuola ABC di Zagabria (previa presentazione della ricevuta del pagamento del corso in atto di svolgimento)<br \/>\n\u2022 Studenti dei Dipartimenti di Italianistica croati<\/p>\n<p>Art. 9<br \/>\nIl prestito \u00e8 personale. E&#8217; fatto divieto di cedere a terzi la carta di adesione alla biblioteca.<br \/>\nOgni socio della mediateca pu\u00f2 richiedere in prestito fino a tre opere (librarie e non). La durata massima del prestito per le opere librarie \u00e8 fissata in 30 giorni. La durata per i materiali audiovisivi (cd, cdRom e DVD) \u00e8 fissata in giorni 7.<br \/>\nSono opere destinate esclusivamente alla consultazione e quindi escluse dal prestito:<br \/>\n\u2022 Dizionari, atlanti ed enciclopedie<br \/>\n\u2022 Volumi di particolare pregio, opportunamente segnalati<br \/>\n\u2022 Testi per l&#8217;apprendimento della lingua italiana (grammatiche, manuali&#8230;)<\/p>\n<p>Art. 10<br \/>\nIl prestito pu\u00f2 essere prorogato, su richiesta del socio e dietro valutazione del personale della mediateca, per un periodo da concordare. E&#8217; consentito effettuare richiesta di proroga telefonicamente &#8211; esclusivamnete negli orari di apertura della mediateca o, di preferenza, per mail all&#8217;indirizzo: <a href=\"mailto:biblioteca.iiczagabria@esteri.it\">biblioteca.iiczagabria@esteri.it<\/a><\/p>\n<p>Art. 11<br \/>\nL&#8217;utente pu\u00f2 consultare il catalogo on line della biblioteca al sito dell&#8217;Istituto e prendere contatto, per eventuali prenotazioni o informazioni, all&#8217;indirizzo mail: <a href=\"mailto:biblioteca.iiczagabria@esteri.it\">biblioteca.iiczagabria@esteri.it<\/a><\/p>\n<p>Art. 12<br \/>\nQualora il materiale prestato non sia restitutito nel rispetto dei termini, trascorsi dieci giorni dalla scadenza, verr\u00e0 spedito un avvisio di sollecito (eventualmente per posta elettronica). Trascorso un mese dalla scadenza verr\u00e0 spedito un secondo avviso che indicher\u00e0 il termine ultimo per la restituzione prima che l&#8217;Istituto adisca le vie legali. In caso di ritardo nella restituzione del materiale richiesto, verr\u00e0 sospesa l&#8217;iscrizione al prestito per un periodo uguale a quella del ritardo senza che ci\u00f2 implichi una modifica nella scadenza annuale dell&#8217;iscrizione.<br \/>\nQualora i ritardi fossero reiterati per pi\u00f9 di due volte in un anno, l&#8217;utente sar\u00e0 cancellato dal prestito.<\/p>\n<p>Art. 13<br \/>\nCon l&#8217;iscrizione l&#8217;abbonato si impegna a:<\/p>\n<p>&#8211; Restituire puntualmente i libri e ogni altro materiale oggetto di prestito<br \/>\nnelle stesse condizioni in cui l&#8217;ha ricevuto;<br \/>\n&#8211; Segnalare eventuali danni al materiale preso in prestito;<br \/>\n&#8211; In caso di smarrimento del materiale preso in prestito, rifondere l&#8217;Istituto del suo valore originario o, in alternativa, fornire un altro esemplare dell&#8217;opera e, qualora non possibile,<br \/>\nconcordare l&#8217;acquisto di altra opera.<\/p>\n","protected":false},"excerpt":{"rendered":"[\u2026] Rimasto solo, Valeriano Balicci, dopo aver raccattato a tentoni il libro che la signorina aveva scagliato a terra, cadde a sedere su la poltrona; apr\u00ed il libro, carezz\u00f2 con le mani tremolanti le pagine gualcite; poi v&#8217;immerse la faccia e rest\u00f2 l\u00ed a lungo, assorto nella visione di Trondhjem con la sua cattedrale di [&hellip;]","protected":false},"author":1,"featured_media":0,"parent":16,"menu_order":10,"comment_status":"closed","ping_status":"closed","template":"","meta":{"footnotes":""},"class_list":["post-46","page","type-page","status-publish","hentry"],"_links":{"self":[{"href":"https:\/\/iiczagabria.esteri.it\/it\/wp-json\/wp\/v2\/pages\/46","targetHints":{"allow":["GET"]}}],"collection":[{"href":"https:\/\/iiczagabria.esteri.it\/it\/wp-json\/wp\/v2\/pages"}],"about":[{"href":"https:\/\/iiczagabria.esteri.it\/it\/wp-json\/wp\/v2\/types\/page"}],"author":[{"embeddable":true,"href":"https:\/\/iiczagabria.esteri.it\/it\/wp-json\/wp\/v2\/users\/1"}],"replies":[{"embeddable":true,"href":"https:\/\/iiczagabria.esteri.it\/it\/wp-json\/wp\/v2\/comments?post=46"}],"version-history":[{"count":5,"href":"https:\/\/iiczagabria.esteri.it\/it\/wp-json\/wp\/v2\/pages\/46\/revisions"}],"predecessor-version":[{"id":6172,"href":"https:\/\/iiczagabria.esteri.it\/it\/wp-json\/wp\/v2\/pages\/46\/revisions\/6172"}],"up":[{"embeddable":true,"href":"https:\/\/iiczagabria.esteri.it\/it\/wp-json\/wp\/v2\/pages\/16"}],"wp:attachment":[{"href":"https:\/\/iiczagabria.esteri.it\/it\/wp-json\/wp\/v2\/media?parent=46"}],"curies":[{"name":"wp","href":"https:\/\/api.w.org\/{rel}","templated":true}]}}